{"id":1014135,"date":"2024-11-05T10:10:36","date_gmt":"2024-11-05T10:10:36","guid":{"rendered":"https:\/\/store.todsystem.com\/?post_type=product&#038;p=1014135"},"modified":"2025-09-26T15:15:57","modified_gmt":"2025-09-26T15:15:57","slug":"intel-realsense-d435f","status":"publish","type":"product","link":"https:\/\/store.todsystem.com\/es\/producto\/intel-realsense-d435f\/","title":{"rendered":"Intel RealSense D435f Telecamera di profondit\u00e0"},"content":{"rendered":"<div class=\"vgblk-rw-wrapper limit-wrapper\">La <strong>Intel RealSense\u2122 Depth Camera D435f<\/strong> representa un gran avance en visi\u00f3n artificial, ya que ofrece funciones avanzadas de detecci\u00f3n de profundidad para robots aut\u00f3nomos. Con su tecnolog\u00eda estereosc\u00f3pica y su filtro de infrarrojos integrado, esta c\u00e1mara est\u00e1 dise\u00f1ada para afrontar los retos medioambientales tanto en interiores como en exteriores, ofreciendo un rendimiento superior y facilidad de uso.<\/p>\n<p>Principales caracter\u00edsticas t\u00e9cnicas:<\/p>\n<ul>\n<li><strong>Entorno de uso:<\/strong> Interior\/Exterior<\/li>\n<li><strong>Intervalo ideal:<\/strong> 0,3 m a 3 m<\/li>\n<li><strong>Tecnolog\u00eda de profundidad:<\/strong> Estereosc\u00f3pico<\/li>\n<li><strong>Distancia de profundidad m\u00ednima (Min-Z) a resoluci\u00f3n m\u00e1xima:<\/strong> ~28 cm<\/li>\n<li><strong>Precisi\u00f3n de profundidad:<\/strong> &lt;2% a 2 m<\/li>\n<li><strong>Tecnolog\u00eda de sensor de imagen:<\/strong> Obturador global<\/li>\n<li><strong>Campo de visi\u00f3n (FOV) de la profundidad:<\/strong> 87\u00b0 \u00d7 58\u00b0<\/li>\n<li><strong>Resoluci\u00f3n de salida de profundidad:<\/strong> Hasta 1280 \u00d7 720<\/li>\n<li><strong>Profundidad Velocidad de fotogramas:<\/strong> Hasta 90 fps<\/li>\n<li><strong>Resoluci\u00f3n de fotogramas RGB:<\/strong> Hasta 1920 \u00d7 1080<\/li>\n<li><strong>Velocidad de fotogramas RGB:<\/strong> 30 fps<\/li>\n<li><strong>Tecnolog\u00eda de sensor RGB:<\/strong> Persiana enrollable<\/li>\n<li><strong>FOV del sensor RGB (H \u00d7 V):<\/strong> 69 \u00d7 42\u00b0<\/li>\n<li><strong>Resoluci\u00f3n del sensor RGB:<\/strong> 2 MP<\/li>\n<\/ul>\n<p>Componentes principales<\/p>\n<ul>\n<li><strong>M\u00f3dulo de habitaciones:<\/strong> M\u00f3dulo Intel RealSense D430 + C\u00e1mara RGB<\/li>\n<li><strong>Tarjeta de procesador visual:<\/strong> Procesador Intel RealSense Vision D4<\/li>\n<\/ul>\n<p>Factores f\u00edsicos<\/p>\n<ul>\n<li><strong>Forma:<\/strong> C\u00e1mara perif\u00e9rica<\/li>\n<li><strong>Dimensiones:<\/strong> 90 mm \u00d7 25,8 mm \u00d7 25 mm<\/li>\n<li><strong>Conectores:<\/strong> USB-C 3.1 Gen 1<\/li>\n<li><strong>Mecanismo de montaje:<\/strong>\n<ul>\n<li>Un punto de montaje roscado 1\/4-20 UNC<\/li>\n<li>Dos puntos de montaje roscados M4<\/li>\n<\/ul>\n<\/li>\n<\/ul>\n<p>&nbsp;<\/p>\n<p>Elija el <strong>Intel RealSense\u2122 Depth Camera D435f<\/strong> significa dotarse de una potente herramienta para mejorar la navegaci\u00f3n y la interacci\u00f3n de los robots aut\u00f3nomos con su entorno. Su avanzada calidad de profundidad y su sencilla integraci\u00f3n la convierten en la opci\u00f3n ideal para desarrolladores y empresas que buscan soluciones rob\u00f3ticas innovadoras.<\/div>\n<p><!-- .vgblk-rw-wrapper --><\/p>","protected":false},"excerpt":{"rendered":"<p>La <strong><a href=\"https:\/\/store.todsystem.com\/es\/marca\/intel-realsense\/\">Intel RealSense<\/a>\u2122 Depth Camera D435f<\/strong> es una soluci\u00f3n avanzada de visi\u00f3n 3D dise\u00f1ada para el creciente mercado de robots m\u00f3viles aut\u00f3nomos. Con su filtro de paso IR, esta c\u00e1mara mejora la calidad de la profundidad y el rendimiento en una amplia gama de entornos rob\u00f3ticos, facilitando una integraci\u00f3n r\u00e1pida y sencilla. Ideal para aplicaciones de interior y exterior, la D435f ofrece un alcance de 0,3 m a 3 m, con una precisi\u00f3n de profundidad inferior a 2% a 2 m.<\/p>","protected":false},"featured_media":1014144,"template":"","meta":[],"pwb-brand":[592],"product_brand":[],"product_cat":[617,271],"product_tag":[],"class_list":{"0":"post-1014135","1":"product","2":"type-product","3":"status-publish","4":"has-post-thumbnail","6":"pwb-brand-intel-realsense","7":"product_cat-camere-industriali","8":"product_cat-telecamere-di-profondita","10":"first","11":"instock","12":"shipping-taxable","13":"product-type-simple"},"brands":[{"id":592,"name":"Intel RealSense","slug":"intel-realsense"}],"_links":{"self":[{"href":"https:\/\/store.todsystem.com\/es\/wp-json\/wp\/v2\/product\/1014135","targetHints":{"allow":["GET"]}}],"collection":[{"href":"https:\/\/store.todsystem.com\/es\/wp-json\/wp\/v2\/product"}],"about":[{"href":"https:\/\/store.todsystem.com\/es\/wp-json\/wp\/v2\/types\/product"}],"version-history":[{"count":3,"href":"https:\/\/store.todsystem.com\/es\/wp-json\/wp\/v2\/product\/1014135\/revisions"}],"predecessor-version":[{"id":1019076,"href":"https:\/\/store.todsystem.com\/es\/wp-json\/wp\/v2\/product\/1014135\/revisions\/1019076"}],"wp:featuredmedia":[{"embeddable":true,"href":"https:\/\/store.todsystem.com\/es\/wp-json\/wp\/v2\/media\/1014144"}],"wp:attachment":[{"href":"https:\/\/store.todsystem.com\/es\/wp-json\/wp\/v2\/media?parent=1014135"}],"wp:term":[{"taxonomy":"pwb-brand","embeddable":true,"href":"https:\/\/store.todsystem.com\/es\/wp-json\/wp\/v2\/pwb-brand?post=1014135"},{"taxonomy":"product_brand","embeddable":true,"href":"https:\/\/store.todsystem.com\/es\/wp-json\/wp\/v2\/product_brand?post=1014135"},{"taxonomy":"product_cat","embeddable":true,"href":"https:\/\/store.todsystem.com\/es\/wp-json\/wp\/v2\/product_cat?post=1014135"},{"taxonomy":"product_tag","embeddable":true,"href":"https:\/\/store.todsystem.com\/es\/wp-json\/wp\/v2\/product_tag?post=1014135"}],"curies":[{"name":"wp","href":"https:\/\/api.w.org\/{rel}","templated":true}]}}