{"id":1014134,"date":"2024-11-05T10:07:33","date_gmt":"2024-11-05T10:07:33","guid":{"rendered":"https:\/\/store.todsystem.com\/?post_type=product&#038;p=1014134"},"modified":"2025-07-11T10:51:08","modified_gmt":"2025-07-11T10:51:08","slug":"photoneo-motioncam-3d-l-2","status":"publish","type":"product","link":"https:\/\/store.todsystem.com\/es\/producto\/photoneo-motioncam-3d-l-2\/","title":{"rendered":"Photoneo MotionCam-3D L"},"content":{"rendered":"<div class=\"vgblk-rw-wrapper limit-wrapper\">La <strong>MotionCam 3D L<\/strong> es una c\u00e1mara 3D dise\u00f1ada para proporcionar una excepcional capacidad de escaneado de objetos y vol\u00famenes de gran tama\u00f1o. Con su amplio rango de escaneado, es ideal para aplicaciones industriales que requieren la captura de detalles a mayor escala.<\/p>\n<p>Especificaciones t\u00e9cnicas<\/p>\n<ul>\n<li><strong>Alcance de exploraci\u00f3n<\/strong>778 - 3034 mm<\/li>\n<li><strong>Resoluci\u00f3n del mapa de profundidad<\/strong>:\n<ul>\n<li>Modo est\u00e1tico: 1680 x 1200<\/li>\n<li>Modo din\u00e1mico: hasta 1680 x 1200<\/li>\n<\/ul>\n<\/li>\n<li><strong>Velocidad m\u00e1xima objeto\/c\u00e1mara<\/strong>hasta 40 m\/s<\/li>\n<li><strong>Modo c\u00e1mara<\/strong>:\n<ul>\n<li><strong>Tama\u00f1o del punto<\/strong>1,05 mm a 0,9 MP, 0,72 mm a 2 MP<\/li>\n<li><strong>Precisi\u00f3n<\/strong>&lt; 1.250 mm<\/li>\n<li><strong>Ruido temporal<\/strong>&lt; 0,150 mm<\/li>\n<\/ul>\n<\/li>\n<li><strong>Modo esc\u00e1ner<\/strong>:\n<ul>\n<li><strong>Tama\u00f1o del punto<\/strong>0,72 mm a z = 1239 mm<\/li>\n<li><strong>Precisi\u00f3n<\/strong>&lt; 0,900 mm<\/li>\n<li><strong>Ruido temporal<\/strong>&lt; 0,100 mm<\/li>\n<\/ul>\n<\/li>\n<li><strong>Frecuencia de imagen m\u00e1xima<\/strong>hasta 20 fps<\/li>\n<li><strong>Tiempo de adquisici\u00f3n de datos<\/strong>20 ms<\/li>\n<li><strong>Capacidad de procesamiento<\/strong>15 millones de puntos 3D por segundo<\/li>\n<li><strong>Procesador gr\u00e1fico (GPU)<\/strong>Arquitectura NVIDIA Pascal\u2122 con 256 n\u00facleos CUDA<\/li>\n<li><strong>Dimensiones<\/strong>86 x 68 x 628 mm<\/li>\n<li><strong>L\u00ednea de base<\/strong>550 mm<\/li>\n<li><strong>Peso<\/strong>: 1150 g<\/li>\n<\/ul>\n<p>Caracter\u00edsticas distintivas<\/p>\n<ul>\n<li><strong>Amplio alcance de exploraci\u00f3n<\/strong>778 a 3034 mm, ideal para objetos grandes.<\/li>\n<li><strong>Gran capacidad de adquisici\u00f3n<\/strong>Perfecta para aplicaciones que requieren detalles a gran escala en entornos industriales.<\/li>\n<li><strong>Rendimiento superior para objetos en movimiento<\/strong>: Admite velocidades de hasta 40 m\/s, lo que permite una exploraci\u00f3n precisa incluso de objetos din\u00e1micos.<\/li>\n<\/ul>\n<p><strong>Tecnolog\u00eda avanzada<\/strong>Equipada con la GPU NVIDIA Pascal\u2122, ofrece altas capacidades de procesamiento para aplicaciones de visi\u00f3n artificial.<\/div>\n<p><!-- .vgblk-rw-wrapper --><\/p>","protected":false},"excerpt":{"rendered":"<p>La <strong>MotionCam 3D L<\/strong> de Photoneo es la soluci\u00f3n definitiva para escanear objetos de gran tama\u00f1o, con un alcance de escaneado que se extiende hasta 3034 mm. Con una resoluci\u00f3n \u00f3ptima y una capacidad de adquisici\u00f3n de 15 millones de puntos por segundo, est\u00e1 dise\u00f1ada para proporcionar datos precisos y detallados en aplicaciones industriales. La c\u00e1mara es capaz de manejar objetos que se mueven a una velocidad de hasta 40 m\/s, lo que la hace ideal para la automatizaci\u00f3n y la supervisi\u00f3n en escenarios complejos.<\/p>","protected":false},"featured_media":1014159,"template":"","meta":[],"pwb-brand":[593],"product_brand":[],"product_cat":[617],"product_tag":[],"class_list":{"0":"post-1014134","1":"product","2":"type-product","3":"status-publish","4":"has-post-thumbnail","6":"pwb-brand-photoneo","7":"product_cat-camere-industriali","9":"first","10":"instock","11":"shipping-taxable","12":"product-type-simple"},"brands":[{"id":593,"name":"Fot\u00f3nica","slug":"photoneo"}],"_links":{"self":[{"href":"https:\/\/store.todsystem.com\/es\/wp-json\/wp\/v2\/product\/1014134","targetHints":{"allow":["GET"]}}],"collection":[{"href":"https:\/\/store.todsystem.com\/es\/wp-json\/wp\/v2\/product"}],"about":[{"href":"https:\/\/store.todsystem.com\/es\/wp-json\/wp\/v2\/types\/product"}],"version-history":[{"count":5,"href":"https:\/\/store.todsystem.com\/es\/wp-json\/wp\/v2\/product\/1014134\/revisions"}],"predecessor-version":[{"id":1018337,"href":"https:\/\/store.todsystem.com\/es\/wp-json\/wp\/v2\/product\/1014134\/revisions\/1018337"}],"wp:featuredmedia":[{"embeddable":true,"href":"https:\/\/store.todsystem.com\/es\/wp-json\/wp\/v2\/media\/1014159"}],"wp:attachment":[{"href":"https:\/\/store.todsystem.com\/es\/wp-json\/wp\/v2\/media?parent=1014134"}],"wp:term":[{"taxonomy":"pwb-brand","embeddable":true,"href":"https:\/\/store.todsystem.com\/es\/wp-json\/wp\/v2\/pwb-brand?post=1014134"},{"taxonomy":"product_brand","embeddable":true,"href":"https:\/\/store.todsystem.com\/es\/wp-json\/wp\/v2\/product_brand?post=1014134"},{"taxonomy":"product_cat","embeddable":true,"href":"https:\/\/store.todsystem.com\/es\/wp-json\/wp\/v2\/product_cat?post=1014134"},{"taxonomy":"product_tag","embeddable":true,"href":"https:\/\/store.todsystem.com\/es\/wp-json\/wp\/v2\/product_tag?post=1014134"}],"curies":[{"name":"wp","href":"https:\/\/api.w.org\/{rel}","templated":true}]}}