{"id":1014129,"date":"2024-11-05T10:01:58","date_gmt":"2024-11-05T10:01:58","guid":{"rendered":"https:\/\/store.todsystem.com\/?post_type=product&#038;p=1014129"},"modified":"2025-07-11T10:50:00","modified_gmt":"2025-07-11T10:50:00","slug":"photoneo-motioncam-3d-m-2","status":"publish","type":"product","link":"https:\/\/store.todsystem.com\/es\/producto\/photoneo-motioncam-3d-m-2\/","title":{"rendered":"Fotoneo MotionCam-3D M+"},"content":{"rendered":"<div class=\"vgblk-rw-wrapper limit-wrapper\">La MotionCam 3D M+ de Photoneo es una c\u00e1mara 3D de alta precisi\u00f3n dise\u00f1ada para proyectos medianos y grandes, que ofrece un amplio rango de escaneado y una precisi\u00f3n mejorada en comparaci\u00f3n con el modelo M. Gracias a sus avanzadas especificaciones, es especialmente adecuada para aplicaciones industriales que requieren una detecci\u00f3n 3D precisa en entornos din\u00e1micos.<\/p>\n<p>Especificaciones t\u00e9cnicas<\/p>\n<ul>\n<li><strong>Alcance de exploraci\u00f3n<\/strong>630-1574 mm<\/li>\n<li><strong>Resoluci\u00f3n del mapa de profundidad<\/strong>:\n<ul>\n<li>Modo est\u00e1tico: 1680 x 1200<\/li>\n<\/ul>\n<\/li>\n<\/ul>\n<p>Modo din\u00e1mico: hasta 1680 x 1200<\/p>\n<ul>\n<li><strong>Velocidad m\u00e1xima objeto\/c\u00e1mara<\/strong>hasta 40 m\/s<\/li>\n<li><strong>Modo c\u00e1mara<\/strong>:\n<ul>\n<li><strong>Tama\u00f1o del punto<\/strong>0,76 mm a 0,9 MP, 0,52 mm a 2 MP<\/li>\n<li><strong>Precisi\u00f3n<\/strong>&lt; 0,600 mm<\/li>\n<li><strong>Ruido temporal<\/strong>&lt; 0,100 mm<\/li>\n<\/ul>\n<\/li>\n<li><strong>Modo esc\u00e1ner<\/strong>:\n<ul>\n<li><strong>Tama\u00f1o del punto<\/strong>0,52 mm a z = 900 mm<\/li>\n<li><strong>Precisi\u00f3n<\/strong>&lt; 0,300 mm<\/li>\n<li><strong>Ruido temporal<\/strong>&lt; 0,050 mm<\/li>\n<\/ul>\n<\/li>\n<li><strong>Frecuencia de imagen m\u00e1xima<\/strong>hasta 20 fps<\/li>\n<li><strong>Tiempo de adquisici\u00f3n de datos<\/strong>10 ms<\/li>\n<li><strong>Capacidad de procesamiento<\/strong>15 millones de puntos 3D por segundo<\/li>\n<li><strong>Procesador gr\u00e1fico (GPU)<\/strong>Arquitectura NVIDIA Pascal\u2122 con 256 n\u00facleos CUDA<\/li>\n<li><strong>Dimensiones<\/strong>86 x 68 x 428 mm<\/li>\n<li><strong>L\u00ednea de base<\/strong>350 mm<\/li>\n<li><strong>Peso<\/strong>: 1050 g<\/li>\n<\/ul>\n<p>Caracter\u00edsticas distintivas<\/p>\n<ul>\n<li><strong>Amplio alcance de exploraci\u00f3n y mayor precisi\u00f3n<\/strong>: El alcance de 630-1574 mm y la precisi\u00f3n mejorada hacen que la MotionCam 3D M+ sea ideal para escanear objetos medianos y grandes.<\/li>\n<li><strong>Alto rendimiento para objetos en movimiento<\/strong>Admite velocidades de hasta 40 m\/s y maneja 15 millones de puntos por segundo, lo que garantiza escaneados n\u00edtidos y precisos incluso en entornos industriales exigentes.<\/li>\n<li><strong>Funciones avanzadas de procesamiento<\/strong>: Con la GPU NVIDIA Pascal\u2122 integrada, la MotionCam 3D M+ ofrece una potencia de c\u00e1lculo \u00f3ptima para aplicaciones de visi\u00f3n artificial a gran escala.<\/li>\n<\/ul>\n<\/div>\n<p><!-- .vgblk-rw-wrapper --><\/p>","protected":false},"excerpt":{"rendered":"<div class=\"flex max-w-full flex-col flex-grow\">\n<div class=\"min-h-8 text-message flex w-full flex-col items-end gap-2 whitespace-normal break-words [.text-message+&amp;]:mt-5\" dir=\"auto\" data-message-author-role=\"assistant\" data-message-id=\"788636fa-e8d9-46e4-8dce-37962a1fe1a8\" data-message-model-slug=\"gpt-4o-mini\">\n<div class=\"flex w-full flex-col gap-1 empty:hidden first:pt-[3px]\">\n<div class=\"markdown prose w-full break-words dark:prose-invert dark\">\n<p>La <strong>MotionCam 3D M+<\/strong> de Photoneo es una c\u00e1mara 3D dise\u00f1ada para abordar proyectos medianos y grandes con gran precisi\u00f3n. Con un rango de escaneado de 630 a 1574 mm, es perfecta para aplicaciones industriales que requieren detalles precisos en objetos de mayor tama\u00f1o. En comparaci\u00f3n con el modelo M, la M+ ofrece un rendimiento mejorado, manteniendo una resoluci\u00f3n de 1680 x 1200 y una capacidad de captura de 15 millones de puntos por segundo. Esta c\u00e1mara es capaz de capturar objetos en movimiento a una velocidad de hasta 40 m\/s, lo que la hace ideal para la automatizaci\u00f3n y la supervisi\u00f3n en entornos din\u00e1micos. Con sus avanzadas especificaciones, la MotionCam 3D M+ es una soluci\u00f3n potente y flexible para las necesidades de escaneado 3D industrial.<\/p>\n<\/div>\n<\/div>\n<\/div>\n<\/div>","protected":false},"featured_media":1014151,"template":"","meta":[],"pwb-brand":[593],"product_brand":[],"product_cat":[617],"product_tag":[],"class_list":{"0":"post-1014129","1":"product","2":"type-product","3":"status-publish","4":"has-post-thumbnail","6":"pwb-brand-photoneo","7":"product_cat-camere-industriali","9":"first","10":"instock","11":"shipping-taxable","12":"product-type-simple"},"brands":[{"id":593,"name":"Fot\u00f3nica","slug":"photoneo"}],"_links":{"self":[{"href":"https:\/\/store.todsystem.com\/es\/wp-json\/wp\/v2\/product\/1014129","targetHints":{"allow":["GET"]}}],"collection":[{"href":"https:\/\/store.todsystem.com\/es\/wp-json\/wp\/v2\/product"}],"about":[{"href":"https:\/\/store.todsystem.com\/es\/wp-json\/wp\/v2\/types\/product"}],"version-history":[{"count":3,"href":"https:\/\/store.todsystem.com\/es\/wp-json\/wp\/v2\/product\/1014129\/revisions"}],"predecessor-version":[{"id":1018336,"href":"https:\/\/store.todsystem.com\/es\/wp-json\/wp\/v2\/product\/1014129\/revisions\/1018336"}],"wp:featuredmedia":[{"embeddable":true,"href":"https:\/\/store.todsystem.com\/es\/wp-json\/wp\/v2\/media\/1014151"}],"wp:attachment":[{"href":"https:\/\/store.todsystem.com\/es\/wp-json\/wp\/v2\/media?parent=1014129"}],"wp:term":[{"taxonomy":"pwb-brand","embeddable":true,"href":"https:\/\/store.todsystem.com\/es\/wp-json\/wp\/v2\/pwb-brand?post=1014129"},{"taxonomy":"product_brand","embeddable":true,"href":"https:\/\/store.todsystem.com\/es\/wp-json\/wp\/v2\/product_brand?post=1014129"},{"taxonomy":"product_cat","embeddable":true,"href":"https:\/\/store.todsystem.com\/es\/wp-json\/wp\/v2\/product_cat?post=1014129"},{"taxonomy":"product_tag","embeddable":true,"href":"https:\/\/store.todsystem.com\/es\/wp-json\/wp\/v2\/product_tag?post=1014129"}],"curies":[{"name":"wp","href":"https:\/\/api.w.org\/{rel}","templated":true}]}}