{"id":1014127,"date":"2024-11-05T10:10:02","date_gmt":"2024-11-05T10:10:02","guid":{"rendered":"https:\/\/store.todsystem.com\/?post_type=product&#038;p=1014127"},"modified":"2025-09-26T15:09:28","modified_gmt":"2025-09-26T15:09:28","slug":"intel-realsense-d415","status":"publish","type":"product","link":"https:\/\/store.todsystem.com\/es\/producto\/intel-realsense-d415\/","title":{"rendered":"Intel RealSense D415 Telecamera di profondit\u00e0"},"content":{"rendered":"<div class=\"vgblk-rw-wrapper limit-wrapper\">La c\u00e1mara de profundidad <strong>Intel\u00ae RealSense\u2122 D415<\/strong> si distingue per l\u2019alta precisione nella rilevazione della profondit\u00e0, risultando particolarmente adatta a scenari in cui \u00e8 fondamentale l\u2019accuratezza, come scansioni 3D dettagliate, autenticazione facciale e cattura volumetrica. Dotata di un <strong>campo visivo pi\u00f9 stretto<\/strong> rispetto ad altre telecamere della serie, questa configurazione consente di ottenere una qualit\u00e0 della profondit\u00e0 elevata per ogni grado del campo visivo. L&#8217;otturatore rotante sul sensore di profondit\u00e0 e il sensore RGB integrato completano la dotazione hardware, rendendola uno strumento efficace per lo sviluppo di soluzioni avanzate di visione artificiale.<\/p>\n<p>Compatibile con l\u2019<strong>Kit de desarrollo de software Intel\u00ae RealSense\u2122 2.0<\/strong>, la D415 offre un set completo di strumenti software per facilitare l&#8217;integrazione e personalizzare le applicazioni. Grazie alle sue dimensioni compatte, alla <strong>Conexi\u00f3n USB-C 3.1 Gen 1<\/strong>, e alla versatilit\u00e0, \u00e8 la scelta ideale per sviluppatori e produttori che desiderano portare il rilevamento della profondit\u00e0 su larga scala nei propri dispositivi.<\/p>\n<p>Principales especificaciones t\u00e9cnicas:<\/p>\n<ul>\n<li><strong>Entorno de uso<\/strong>Adecuado tanto para interiores como para exteriores.<\/li>\n<li><strong>Alcance<\/strong>: precisione di profondit\u00e0 &lt;2% a 2 metri, con distanza minima di circa 45 cm e portata ideale tra 0,5 m e 3 m.<\/li>\n<li><strong>Campo de visi\u00f3n (FOV)<\/strong>: 65\u00b0 \u00d7 40\u00b0 per la profondit\u00e0; 69\u00b0 \u00d7 42\u00b0 per l\u2019RGB.<\/li>\n<li><strong>Resoluci\u00f3n y frecuencia de imagen<\/strong>resoluci\u00f3n de profundidad de hasta 1280 x 720 p\u00edxeles a 90 fps; resoluci\u00f3n RGB de hasta 1920 x 1080 p\u00edxeles a 30 fps.<\/li>\n<li><strong>Tecnolog\u00eda de sensores<\/strong>: Otturatore rotante per il rilevamento della profondit\u00e0, Rolling Shutter per l\u2019RGB.<\/li>\n<li><strong>Conectividad<\/strong>USB-C 3.1 Gen 1.<\/li>\n<\/ul>\n<p>Componentes principales:<\/p>\n<ul>\n<li><strong>M\u00f3dulo de profundidad<\/strong>: Intel RealSense Module D415 con telecamera RGB integrata.<\/li>\n<li><strong>Tarjeta procesadora<\/strong>Procesador de visi\u00f3n D4.<\/li>\n<\/ul>\n<p>Aplicaciones:<\/p>\n<ul>\n<li><strong>Scansione 3D<\/strong>: massima precisione per il rilevamento delle forme.<\/li>\n<li><strong>Autenticazione facciale<\/strong>: accuratezza nella cattura dei dettagli per il riconoscimento biometrico.<\/li>\n<li><strong>Produzione e sviluppo<\/strong>: integrazione semplice per applicazioni personalizzate di visione intelligente.<\/li>\n<\/ul>\n<p>&nbsp;<\/p>\n<p>La <strong>D415<\/strong> \u00e8 perfetta per sviluppatori, produttori e innovatori, abilitando una nuova generazione di dispositivi e applicazioni dotati di visione intelligente e in grado di percepire l\u2019ambiente con maggiore accuratezza e dettaglio.<\/div>\n<p><!-- .vgblk-rw-wrapper --><\/p>","protected":false},"excerpt":{"rendered":"<p>La <strong><a href=\"https:\/\/store.todsystem.com\/es\/marca\/intel-realsense\/\">Intel RealSense<\/a>\u2122 D415<\/strong> \u00e8 progettata per applicazioni ad alta precisione, come la scansione 3D, con un campo visivo stretto e un sensore di profondit\u00e0 a otturatore rotante. Offre una qualit\u00e0 di profondit\u00e0 superiore per angolo e risulta ideale per usi che richiedono accuratezza nei dettagli.<\/p>","protected":false},"featured_media":1014141,"template":"","meta":[],"pwb-brand":[592],"product_brand":[],"product_cat":[617,271],"product_tag":[],"class_list":{"0":"post-1014127","1":"product","2":"type-product","3":"status-publish","4":"has-post-thumbnail","6":"pwb-brand-intel-realsense","7":"product_cat-camere-industriali","8":"product_cat-telecamere-di-profondita","10":"first","11":"instock","12":"shipping-taxable","13":"product-type-simple"},"brands":[{"id":592,"name":"Intel RealSense","slug":"intel-realsense"}],"_links":{"self":[{"href":"https:\/\/store.todsystem.com\/es\/wp-json\/wp\/v2\/product\/1014127","targetHints":{"allow":["GET"]}}],"collection":[{"href":"https:\/\/store.todsystem.com\/es\/wp-json\/wp\/v2\/product"}],"about":[{"href":"https:\/\/store.todsystem.com\/es\/wp-json\/wp\/v2\/types\/product"}],"version-history":[{"count":8,"href":"https:\/\/store.todsystem.com\/es\/wp-json\/wp\/v2\/product\/1014127\/revisions"}],"predecessor-version":[{"id":1019072,"href":"https:\/\/store.todsystem.com\/es\/wp-json\/wp\/v2\/product\/1014127\/revisions\/1019072"}],"wp:featuredmedia":[{"embeddable":true,"href":"https:\/\/store.todsystem.com\/es\/wp-json\/wp\/v2\/media\/1014141"}],"wp:attachment":[{"href":"https:\/\/store.todsystem.com\/es\/wp-json\/wp\/v2\/media?parent=1014127"}],"wp:term":[{"taxonomy":"pwb-brand","embeddable":true,"href":"https:\/\/store.todsystem.com\/es\/wp-json\/wp\/v2\/pwb-brand?post=1014127"},{"taxonomy":"product_brand","embeddable":true,"href":"https:\/\/store.todsystem.com\/es\/wp-json\/wp\/v2\/product_brand?post=1014127"},{"taxonomy":"product_cat","embeddable":true,"href":"https:\/\/store.todsystem.com\/es\/wp-json\/wp\/v2\/product_cat?post=1014127"},{"taxonomy":"product_tag","embeddable":true,"href":"https:\/\/store.todsystem.com\/es\/wp-json\/wp\/v2\/product_tag?post=1014127"}],"curies":[{"name":"wp","href":"https:\/\/api.w.org\/{rel}","templated":true}]}}