{"id":1014123,"date":"2024-11-05T10:01:50","date_gmt":"2024-11-05T10:01:50","guid":{"rendered":"https:\/\/store.todsystem.com\/?post_type=product&#038;p=1014123"},"modified":"2025-09-24T12:03:40","modified_gmt":"2025-09-24T12:03:40","slug":"intel-realsense-d405","status":"publish","type":"product","link":"https:\/\/store.todsystem.com\/es\/producto\/intel-realsense-d405\/","title":{"rendered":"Intel RealSense D405 Telecamera di Profondit\u00e0"},"content":{"rendered":"<div class=\"vgblk-rw-wrapper limit-wrapper\">La\u00a0<strong>Telecamera di Profondit\u00e0 Intel RealSense D405<\/strong> representa un hito importante en la tecnolog\u00eda de visi\u00f3n artificial de corto alcance. Dise\u00f1ada para satisfacer los requisitos de precisi\u00f3n de las aplicaciones industriales y sanitarias, esta c\u00e1mara permite realizar operaciones como inspecciones automatizadas, mediciones de heridas y recogida de productos delicados. Gracias a su innovadora tecnolog\u00eda, la D405 puede hacer que las operaciones sean m\u00e1s eficaces y precisas en diversos contextos.<\/p>\n<p><strong>Principales caracter\u00edsticas t\u00e9cnicas:<\/strong><\/p>\n<ul>\n<li><strong>Distancia de funcionamiento ideal:<\/strong>\u00a07 cm a 50 cm<\/li>\n<li><strong>Precisi\u00f3n de la detecci\u00f3n de defectos:<\/strong>\u00a0Hasta 0,1 mm<\/li>\n<li><strong>Precisi\u00f3n de profundidad:<\/strong>\u00a0+\/- 2% a 50 cm<\/li>\n<li><strong>Resoluci\u00f3n de salida de profundidad:<\/strong>\u00a0Hasta 1280 \u00d7 720<\/li>\n<li><strong>Velocidad de fotogramas RGB:<\/strong>\u00a0Hasta 90 fps<\/li>\n<li><strong>Interfaces:<\/strong>\u00a0USB 2.0 y USB 3.1<\/li>\n<li><strong>Tama\u00f1o del m\u00f3dulo:<\/strong>\u00a042 mm \u00d7 42 mm \u00d7 23 mm<\/li>\n<\/ul>\n<p><strong>Rendimiento<\/strong><\/p>\n<p><strong>Intel RealSense D405<\/strong>\u00a0ofrece un rendimiento excepcional gracias a su gran precisi\u00f3n y capacidad de detecci\u00f3n a corta distancia. Su bater\u00eda segura y su eficiente consumo de energ\u00eda (35 mW en reposo y 1,55 W durante la transmisi\u00f3n) garantizan largas sesiones de funcionamiento sin necesidad de recargas frecuentes. Esta c\u00e1mara es ideal para aplicaciones que requieren un funcionamiento ininterrumpido, por lo que es perfecta para entornos de producci\u00f3n automatizados.<\/p>\n<p><strong>Maniobrabilidad y estabilidad<\/strong><\/p>\n<p>La\u00a0<strong>C\u00e1mara D405<\/strong>\u00a0est\u00e1 dise\u00f1ada para garantizar la estabilidad y la precisi\u00f3n incluso en entornos complejos. Gracias a su avanzada tecnolog\u00eda de profundidad estereosc\u00f3pica y su amplio campo de visi\u00f3n (87\u00b0 \u00d7 58\u00b0), puede captar im\u00e1genes detalladas incluso en espacios reducidos. Su capacidad para detectar objetos de menos de 1 mm la hace ideal para aplicaciones que requieren un manejo delicado.<\/p>\n<p><strong>Tecnolog\u00eda y seguridad<\/strong><\/p>\n<p>Equipada con un avanzado sistema de imagen de obturador global, <strong>D405<\/strong>\u00a0incluye funciones de seguridad como la detecci\u00f3n 3D para evitar colisiones con objetos circundantes. Ofrece una interfaz intuitiva que facilita la integraci\u00f3n con otros dispositivos y sistemas de automatizaci\u00f3n, haciendo seguras las operaciones tanto en interiores como en exteriores.<\/p>\n<p><strong>Por qu\u00e9 elegirlo<\/strong><\/p>\n<p>Elija el\u00a0<strong>Telecamera di Profondit\u00e0 Intel RealSense D405<\/strong>\u00a0significa invertir en tecnolog\u00eda punta que ofrece resultados precisos y fiables. Gracias a su capacidad para admitir diversas aplicaciones, desde la automatizaci\u00f3n industrial hasta la asistencia sanitaria, esta c\u00e1mara aumenta significativamente la eficacia operativa y la precisi\u00f3n en las operaciones diarias. Es la soluci\u00f3n ideal para quienes buscan innovar y mejorar su proceso de producci\u00f3n.<\/div>\n<p><!-- .vgblk-rw-wrapper --><\/p>","protected":false},"excerpt":{"rendered":"<p>La\u00a0<strong>C\u00e1mara de profundidad D405<\/strong>\u00a0es un dispositivo innovador dise\u00f1ado para aplicaciones de visi\u00f3n artificial de corto alcance. Con una precisi\u00f3n submilim\u00e9trica y una distancia de funcionamiento ideal de entre 7 cm y 50 cm, ofrece capacidades de detecci\u00f3n avanzadas, lo que lo hace perfecto para inspecciones automatizadas y manipulaci\u00f3n delicada de objetos fr\u00e1giles. Con su avanzada tecnolog\u00eda de imagen, el D405 es la opci\u00f3n ideal para entornos de automatizaci\u00f3n industrial, sanitaria y comercial.<\/p>","protected":false},"featured_media":1018929,"template":"","meta":[],"pwb-brand":[592],"product_brand":[],"product_cat":[617,271],"product_tag":[],"class_list":{"0":"post-1014123","1":"product","2":"type-product","3":"status-publish","4":"has-post-thumbnail","6":"pwb-brand-intel-realsense","7":"product_cat-camere-industriali","8":"product_cat-telecamere-di-profondita","10":"first","11":"instock","12":"shipping-taxable","13":"product-type-simple"},"brands":[{"id":592,"name":"Intel RealSense","slug":"intel-realsense"}],"_links":{"self":[{"href":"https:\/\/store.todsystem.com\/es\/wp-json\/wp\/v2\/product\/1014123","targetHints":{"allow":["GET"]}}],"collection":[{"href":"https:\/\/store.todsystem.com\/es\/wp-json\/wp\/v2\/product"}],"about":[{"href":"https:\/\/store.todsystem.com\/es\/wp-json\/wp\/v2\/types\/product"}],"version-history":[{"count":8,"href":"https:\/\/store.todsystem.com\/es\/wp-json\/wp\/v2\/product\/1014123\/revisions"}],"predecessor-version":[{"id":1017050,"href":"https:\/\/store.todsystem.com\/es\/wp-json\/wp\/v2\/product\/1014123\/revisions\/1017050"}],"wp:featuredmedia":[{"embeddable":true,"href":"https:\/\/store.todsystem.com\/es\/wp-json\/wp\/v2\/media\/1018929"}],"wp:attachment":[{"href":"https:\/\/store.todsystem.com\/es\/wp-json\/wp\/v2\/media?parent=1014123"}],"wp:term":[{"taxonomy":"pwb-brand","embeddable":true,"href":"https:\/\/store.todsystem.com\/es\/wp-json\/wp\/v2\/pwb-brand?post=1014123"},{"taxonomy":"product_brand","embeddable":true,"href":"https:\/\/store.todsystem.com\/es\/wp-json\/wp\/v2\/product_brand?post=1014123"},{"taxonomy":"product_cat","embeddable":true,"href":"https:\/\/store.todsystem.com\/es\/wp-json\/wp\/v2\/product_cat?post=1014123"},{"taxonomy":"product_tag","embeddable":true,"href":"https:\/\/store.todsystem.com\/es\/wp-json\/wp\/v2\/product_tag?post=1014123"}],"curies":[{"name":"wp","href":"https:\/\/api.w.org\/{rel}","templated":true}]}}