{"id":1014110,"date":"2024-11-05T09:42:30","date_gmt":"2024-11-05T09:42:30","guid":{"rendered":"https:\/\/store.todsystem.com\/?post_type=product&#038;p=1014110"},"modified":"2025-10-27T11:39:32","modified_gmt":"2025-10-27T11:39:32","slug":"intel-realsense-d435","status":"publish","type":"product","link":"https:\/\/store.todsystem.com\/es\/producto\/intel-realsense-d435\/","title":{"rendered":"Intel RealSense D435 Telecamera di profondit\u00e0"},"content":{"rendered":"<div class=\"vgblk-rw-wrapper limit-wrapper\">La c\u00e1mara de profundidad <strong>Intel RealSense<\/strong> <strong>D435 <\/strong>\u00a0de Intel es una soluci\u00f3n vers\u00e1til y de alto rendimiento para el desarrollo de sistemas de visi\u00f3n inteligente. Gracias a su tecnolog\u00eda estereosc\u00f3pica y a su capacidad para ofrecer una profundidad de calidad, esta c\u00e1mara es ideal tanto para entornos interiores como exteriores, por lo que resulta perfecta para aplicaciones rob\u00f3ticas, de reconocimiento de objetos y de realidad aumentada.<\/p>\n<h2>Principales caracter\u00edsticas t\u00e9cnicas<\/h2>\n<ul>\n<li><strong>Caudal ideal<\/strong>de 0,3 m a 10 m<\/li>\n<li><strong>Profundidad<\/strong>tecnolog\u00eda estereosc\u00f3pica<\/li>\n<li><strong>Precisi\u00f3n de profundidad<\/strong>&lt;2% a 2 m<\/li>\n<li><strong>Profundidad Campo de visi\u00f3n (FOV)<\/strong>: 87\u00b0 \u00d7 58\u00b0<\/li>\n<li><strong>Resoluci\u00f3n de la salida de profundidad<\/strong>hasta 1280 \u00d7 720<\/li>\n<li><strong>Profundidad Frecuencia de imagen<\/strong>hasta 90 fps<\/li>\n<li><strong>Resoluci\u00f3n de fotogramas RGB<\/strong>: 1920 \u00d7 1080<\/li>\n<li><strong>Frecuencia de imagen RGB<\/strong>30 fps<\/li>\n<li><strong>Conectores<\/strong>USB-C 3.1 Gen 1<\/li>\n<li><strong>Factor de forma<\/strong>90 mm \u00d7 25 mm \u00d7 25 mm<\/li>\n<li style=\"list-style-type: none;\"><\/li>\n<\/ul>\n<h2>Rendimiento<\/h2>\n<p>La <strong>Intel RealSense D435 <\/strong>ofrece un rendimiento excepcional, con una alta frecuencia de refresco que permite una r\u00e1pida captura de im\u00e1genes para aplicaciones en movimiento. La durabilidad y fiabilidad de la c\u00e1mara se reflejan en su dise\u00f1o compacto, que facilita la integraci\u00f3n en diversos dispositivos. Adem\u00e1s, la tecnolog\u00eda de obturador global proporciona un rendimiento excelente incluso en entornos con poca luz, lo que garantiza un funcionamiento fluido y seguro.<\/p>\n<h2>Maniobrabilidad y estabilidad<\/h2>\n<p>El dise\u00f1o de la c\u00e1mara D435 le permite funcionar eficazmente incluso en espacios reducidos y en condiciones ambientales dif\u00edciles. Su portabilidad y reducido tama\u00f1o facilitan su integraci\u00f3n en robots y sistemas automatizados, sin comprometer su estabilidad. Gracias a sus especificaciones t\u00e9cnicas, tambi\u00e9n rinde bien durante maniobras r\u00e1pidas o en presencia de obst\u00e1culos.<\/p>\n<h2>Tecnolog\u00eda y seguridad<\/h2>\n<p>La <strong>Intel RealSense D435<\/strong>\u00a0est\u00e1 equipado con tecnolog\u00eda de navegaci\u00f3n avanzada, incluidos sensores y sistemas de visi\u00f3n compatibles con la tecnolog\u00eda SLAM (localizaci\u00f3n y mapeo simult\u00e1neos). Estas funciones ayudan a los robots a navegar de forma inteligente por su entorno. Adem\u00e1s, est\u00e1 equipado con funciones de seguridad como botones de emergencia y sistemas anticolisi\u00f3n, que facilitan un uso seguro incluso en escenarios complejos.<\/p>\n<h2>Conclusiones<\/h2>\n<p>La c\u00e1mara de profundidad <strong>Intel RealSenseD435\u00a0<\/strong>es una elecci\u00f3n excelente para cualquiera que desee integrar sistemas de visi\u00f3n avanzados en proyectos de rob\u00f3tica y automatizaci\u00f3n. La combinaci\u00f3n de un amplio campo de visi\u00f3n, alta resoluci\u00f3n y rendimiento con poca luz hace que esta c\u00e1mara sea ideal para una amplia gama de aplicaciones. Elija la D435 para mejorar las capacidades de su proyecto y benef\u00edciese de la tecnolog\u00eda m\u00e1s avanzada a un precio competitivo.<\/div>\n<p><!-- .vgblk-rw-wrapper --><\/p>","protected":false},"excerpt":{"rendered":"<p>La c\u00e1mara de profundidad <strong><a href=\"https:\/\/store.todsystem.com\/es\/marca\/intel-realsense\/\">Intel RealSense<\/a> D435<\/strong>\u00a0es una c\u00e1mara de profundidad avanzada dise\u00f1ada para aplicaciones de rob\u00f3tica y realidad aumentada. Con un amplio campo de visi\u00f3n de 87\u00b0 \u00d7 58\u00b0 y un alcance de detecci\u00f3n ideal de hasta 10 m, es perfecta para una navegaci\u00f3n eficaz y una interacci\u00f3n precisa con el entorno. La tecnolog\u00eda de obturador global garantiza un rendimiento excepcional incluso en condiciones de poca luz, lo que convierte a la D435 en la opci\u00f3n ideal para aplicaciones que requieren precisi\u00f3n y fiabilidad.<\/p>","protected":false},"featured_media":1014117,"template":"","meta":[],"pwb-brand":[592],"product_brand":[],"product_cat":[617,271],"product_tag":[],"class_list":{"0":"post-1014110","1":"product","2":"type-product","3":"status-publish","4":"has-post-thumbnail","6":"pwb-brand-intel-realsense","7":"product_cat-camere-industriali","8":"product_cat-telecamere-di-profondita","10":"first","11":"instock","12":"shipping-taxable","13":"product-type-simple"},"brands":[{"id":592,"name":"Intel RealSense","slug":"intel-realsense"}],"_links":{"self":[{"href":"https:\/\/store.todsystem.com\/es\/wp-json\/wp\/v2\/product\/1014110","targetHints":{"allow":["GET"]}}],"collection":[{"href":"https:\/\/store.todsystem.com\/es\/wp-json\/wp\/v2\/product"}],"about":[{"href":"https:\/\/store.todsystem.com\/es\/wp-json\/wp\/v2\/types\/product"}],"version-history":[{"count":6,"href":"https:\/\/store.todsystem.com\/es\/wp-json\/wp\/v2\/product\/1014110\/revisions"}],"predecessor-version":[{"id":1019073,"href":"https:\/\/store.todsystem.com\/es\/wp-json\/wp\/v2\/product\/1014110\/revisions\/1019073"}],"wp:featuredmedia":[{"embeddable":true,"href":"https:\/\/store.todsystem.com\/es\/wp-json\/wp\/v2\/media\/1014117"}],"wp:attachment":[{"href":"https:\/\/store.todsystem.com\/es\/wp-json\/wp\/v2\/media?parent=1014110"}],"wp:term":[{"taxonomy":"pwb-brand","embeddable":true,"href":"https:\/\/store.todsystem.com\/es\/wp-json\/wp\/v2\/pwb-brand?post=1014110"},{"taxonomy":"product_brand","embeddable":true,"href":"https:\/\/store.todsystem.com\/es\/wp-json\/wp\/v2\/product_brand?post=1014110"},{"taxonomy":"product_cat","embeddable":true,"href":"https:\/\/store.todsystem.com\/es\/wp-json\/wp\/v2\/product_cat?post=1014110"},{"taxonomy":"product_tag","embeddable":true,"href":"https:\/\/store.todsystem.com\/es\/wp-json\/wp\/v2\/product_tag?post=1014110"}],"curies":[{"name":"wp","href":"https:\/\/api.w.org\/{rel}","templated":true}]}}