{"id":1014109,"date":"2024-11-05T09:41:49","date_gmt":"2024-11-05T09:41:49","guid":{"rendered":"https:\/\/store.todsystem.com\/?post_type=product&#038;p=1014109"},"modified":"2025-07-11T10:49:42","modified_gmt":"2025-07-11T10:49:42","slug":"fotoneo-motioncam-3d-m","status":"publish","type":"product","link":"https:\/\/store.todsystem.com\/es\/producto\/fotoneo-motioncam-3d-m\/","title":{"rendered":"Photoneo MotionCam-3D M"},"content":{"rendered":"<div class=\"vgblk-rw-wrapper limit-wrapper\">La <strong>MotionCam 3D M<\/strong> de Photoneo es una c\u00e1mara 3D avanzada dise\u00f1ada para el escaneado preciso de objetos y escenas de tama\u00f1o medio. En comparaci\u00f3n con el modelo de la serie S, ofrece un mayor alcance de escaneado, manteniendo al mismo tiempo un alto nivel de precisi\u00f3n. Con una resoluci\u00f3n de 1680 x 1200 y capacidad para adquirir hasta 15 millones de puntos 3D por segundo, es ideal para aplicaciones de automatizaci\u00f3n y control de calidad. La MotionCam 3D M garantiza escaneados r\u00e1pidos y detallados, incluso de objetos que se mueven a una velocidad de hasta 40 m\/s, lo que la hace perfecta para requisitos industriales de medio alcance.<\/p>\n<p>Especificaciones t\u00e9cnicas<\/p>\n<ul>\n<li><strong>Alcance de exploraci\u00f3n<\/strong>497-939 mm<\/li>\n<li><strong>Resoluci\u00f3n del mapa de profundidad<\/strong>:\n<ul>\n<li>Modo est\u00e1tico: 1680 x 1200<\/li>\n<li>Modo din\u00e1mico: hasta 1680 x 1200<\/li>\n<\/ul>\n<\/li>\n<li><strong>Velocidad m\u00e1xima objeto\/c\u00e1mara<\/strong>hasta 40 m\/s<\/li>\n<li><strong>Modo c\u00e1mara<\/strong>:\n<ul>\n<li><strong>Tama\u00f1o del punto<\/strong>0,55 mm a 0,9 MP, 0,37 mm a 2 MP<\/li>\n<li><strong>Precisi\u00f3n<\/strong>&lt; 0,500 mm<\/li>\n<li><strong>Ruido temporal<\/strong>&lt; 0,100 mm<\/li>\n<\/ul>\n<\/li>\n<li><strong>Modo esc\u00e1ner<\/strong>:\n<ul>\n<li><strong>Tama\u00f1o del punto<\/strong>0,37 mm a z = 650 mm<\/li>\n<li><strong>Precisi\u00f3n<\/strong>&lt; 0,250 mm<\/li>\n<li><strong>Ruido temporal<\/strong>&lt; 0,050 mm<\/li>\n<\/ul>\n<\/li>\n<li><strong>Frecuencia de imagen m\u00e1xima<\/strong>hasta 20 fps<\/li>\n<li><strong>Tiempo de adquisici\u00f3n de datos<\/strong>10 ms<\/li>\n<li><strong>Capacidad de procesamiento<\/strong>15 millones de puntos 3D por segundo<\/li>\n<li><strong>Procesador gr\u00e1fico (GPU)<\/strong>Arquitectura NVIDIA Pascal\u2122 con 256 n\u00facleos CUDA<\/li>\n<li><strong>Dimensiones<\/strong>86 x 68 x 428 mm<\/li>\n<li><strong>L\u00ednea de base<\/strong>350 mm<\/li>\n<li><strong>Peso<\/strong>: 1050 g<\/li>\n<\/ul>\n<p>Caracter\u00edsticas distintivas<\/p>\n<ul>\n<li><strong>Mayor alcance de exploraci\u00f3n<\/strong>: La serie M ofrece un alcance ampliado ideal para escanear objetos de tama\u00f1o medio, ampliando las posibilidades en comparaci\u00f3n con la serie S.<\/li>\n<li><strong>Precisi\u00f3n y velocidad para mover objetos<\/strong>: Con una capacidad de adquisici\u00f3n de 15 millones de puntos por segundo y una velocidad de exploraci\u00f3n de hasta 40 m\/s, es \u00f3ptima para objetos que se mueven con rapidez.<\/li>\n<li><strong>Rendimiento avanzado<\/strong>Equipada con la GPU NVIDIA Pascal\u2122, admite procesamiento a alta velocidad en entornos complejos, lo que la hace perfecta para proyectos industriales de gama media y aplicaciones de rob\u00f3tica de precisi\u00f3n.<\/li>\n<\/ul>\n<\/div>\n<p><!-- .vgblk-rw-wrapper --><\/p>","protected":false},"excerpt":{"rendered":"<p>La MotionCam 3D M de Photoneo es una c\u00e1mara 3D de alta precisi\u00f3n dise\u00f1ada para capturar objetos y escenas de tama\u00f1o medio con un rango de exploraci\u00f3n m\u00e1s amplio que la serie S. Esta versi\u00f3n est\u00e1 optimizada para aplicaciones de automatizaci\u00f3n industrial, rob\u00f3tica y control de calidad, y ofrece una combinaci\u00f3n de precisi\u00f3n, velocidad y flexibilidad para la detecci\u00f3n 3D en entornos din\u00e1micos.<\/p>","protected":false},"featured_media":1014154,"template":"","meta":[],"pwb-brand":[593],"product_brand":[],"product_cat":[617],"product_tag":[],"class_list":{"0":"post-1014109","1":"product","2":"type-product","3":"status-publish","4":"has-post-thumbnail","6":"pwb-brand-photoneo","7":"product_cat-camere-industriali","9":"first","10":"instock","11":"shipping-taxable","12":"product-type-simple"},"brands":[{"id":593,"name":"Fot\u00f3nica","slug":"photoneo"}],"_links":{"self":[{"href":"https:\/\/store.todsystem.com\/es\/wp-json\/wp\/v2\/product\/1014109","targetHints":{"allow":["GET"]}}],"collection":[{"href":"https:\/\/store.todsystem.com\/es\/wp-json\/wp\/v2\/product"}],"about":[{"href":"https:\/\/store.todsystem.com\/es\/wp-json\/wp\/v2\/types\/product"}],"version-history":[{"count":3,"href":"https:\/\/store.todsystem.com\/es\/wp-json\/wp\/v2\/product\/1014109\/revisions"}],"predecessor-version":[{"id":1018334,"href":"https:\/\/store.todsystem.com\/es\/wp-json\/wp\/v2\/product\/1014109\/revisions\/1018334"}],"wp:featuredmedia":[{"embeddable":true,"href":"https:\/\/store.todsystem.com\/es\/wp-json\/wp\/v2\/media\/1014154"}],"wp:attachment":[{"href":"https:\/\/store.todsystem.com\/es\/wp-json\/wp\/v2\/media?parent=1014109"}],"wp:term":[{"taxonomy":"pwb-brand","embeddable":true,"href":"https:\/\/store.todsystem.com\/es\/wp-json\/wp\/v2\/pwb-brand?post=1014109"},{"taxonomy":"product_brand","embeddable":true,"href":"https:\/\/store.todsystem.com\/es\/wp-json\/wp\/v2\/product_brand?post=1014109"},{"taxonomy":"product_cat","embeddable":true,"href":"https:\/\/store.todsystem.com\/es\/wp-json\/wp\/v2\/product_cat?post=1014109"},{"taxonomy":"product_tag","embeddable":true,"href":"https:\/\/store.todsystem.com\/es\/wp-json\/wp\/v2\/product_tag?post=1014109"}],"curies":[{"name":"wp","href":"https:\/\/api.w.org\/{rel}","templated":true}]}}