{"id":1014108,"date":"2024-11-05T09:49:55","date_gmt":"2024-11-05T09:49:55","guid":{"rendered":"https:\/\/store.todsystem.com\/?post_type=product&#038;p=1014108"},"modified":"2025-09-26T15:09:01","modified_gmt":"2025-09-26T15:09:01","slug":"intel-realsense-d35i","status":"publish","type":"product","link":"https:\/\/store.todsystem.com\/es\/producto\/intel-realsense-d35i\/","title":{"rendered":"Intel RealSense D35i Telecamera di profondit\u00e0"},"content":{"rendered":"<div class=\"vgblk-rw-wrapper limit-wrapper\">La c\u00e1mara de profundidad <strong>Intel RealSense\u2122 D435i<\/strong> forma parte de la serie <strong>D400<\/strong> y est\u00e1 dise\u00f1ado para aumentar el conocimiento del entorno de los dispositivos en movimiento mediante una IMU. Esta funcionalidad permite detectar rotaciones y movimientos en <strong>6 grados de libertad (6DoF)<\/strong>mejorar la alineaci\u00f3n y calibraci\u00f3n de datos de nubes de puntos para aplicaciones como rob\u00f3tica m\u00f3vil, drones y dispositivos AR\/VR.<\/p>\n<p>L'<strong>IMU<\/strong> integrado, combinado con el obturador del sensor de profundidad global, simplifica el seguimiento y el posicionamiento. Gracias a su amplio campo de visi\u00f3n, el D435i cubre un \u00e1rea mayor, lo que reduce los \"puntos ciegos\" y permite a los robots navegar de forma aut\u00f3noma. Su tama\u00f1o compacto y <strong>Conexi\u00f3n USB-C 3.1 Gen 1<\/strong> facilitan su instalaci\u00f3n e integraci\u00f3n en los sistemas existentes.<\/p>\n<p>La c\u00e1mara <strong>D435i<\/strong> tambi\u00e9n es compatible con el<strong>Intel RealSense\u2122 SDK 2.0<\/strong>un software multiplataforma que proporciona datos de profundidad e IMU con marcas de tiempo sincronizadas para una interpretaci\u00f3n m\u00e1s precisa del entorno.<\/p>\n<p>Principales especificaciones t\u00e9cnicas:<\/p>\n<ul>\n<li><strong>Entorno de uso<\/strong>Adecuado tanto para interiores como para exteriores.<\/li>\n<li><strong>Alcance<\/strong>precisi\u00f3n de profundidad &lt;2% a 2 metros, con una distancia m\u00ednima de aproximadamente 28 cm y un alcance ideal entre 0,3 m y 3 m.<\/li>\n<li><strong>Campo de visi\u00f3n (FOV)<\/strong>87\u00b0 \u00d7 58\u00b0 para profundidad; 69\u00b0 \u00d7 42\u00b0 para RGB.<\/li>\n<li><strong>Resoluci\u00f3n y frecuencia de imagen<\/strong>resoluci\u00f3n de profundidad de hasta 1280 x 720 p\u00edxeles a 90 fps; resoluci\u00f3n RGB de hasta 1920 x 1080 p\u00edxeles a 30 fps.<\/li>\n<li><strong>Tecnolog\u00eda de sensores<\/strong>Global Shutter para detecci\u00f3n de profundidad, Rolling Shutter para RGB.<\/li>\n<li><strong>Conectividad<\/strong>USB-C 3.1 Gen 1.<\/li>\n<\/ul>\n<p>Componentes principales:<\/p>\n<ul>\n<li><strong>M\u00f3dulo de profundidad<\/strong>M\u00f3dulo Intel RealSense D430 con c\u00e1mara RGB integrada.<\/li>\n<li><strong>Tarjeta procesadora<\/strong>Procesador de visi\u00f3n D4.<\/li>\n<\/ul>\n<p>Aplicaciones:<\/p>\n<ul>\n<li><strong>Rob\u00f3tica y drones<\/strong>Optimizaci\u00f3n de la detecci\u00f3n espacial para el movimiento aut\u00f3nomo.<\/li>\n<li><strong>Realidad aumentada y virtual<\/strong>seguimiento preciso para experiencias inmersivas.<\/li>\n<li><strong>Escaneado port\u00e1til<\/strong>Grabaci\u00f3n y calibraci\u00f3n sencillas gracias a los datos sincronizados de la IMU.<\/li>\n<\/ul>\n<p>&nbsp;<\/p>\n<p>La <strong>D435i<\/strong> es una opci\u00f3n ideal para desarrolladores, fabricantes e innovadores, ya que permite una integraci\u00f3n r\u00e1pida y sencilla para sistemas inteligentes que requieren una percepci\u00f3n avanzada de la profundidad y el movimiento.<\/div>\n<p><!-- .vgblk-rw-wrapper --><\/p>","protected":false},"excerpt":{"rendered":"<p>La <strong><a href=\"https:\/\/store.todsystem.com\/es\/marca\/intel-realsense\/\">Intel RealSense<\/a>\u2122 D435i<\/strong> combina la detecci\u00f3n avanzada de la profundidad con un<strong>IMU integrada<\/strong> (unidad de medici\u00f3n inercial), lo que la convierte en una soluci\u00f3n vers\u00e1til y de alto rendimiento para robots m\u00f3viles, drones y aplicaciones de realidad aumentada\/virtual. Con <strong>amplio campo de visi\u00f3n<\/strong> y tecnolog\u00eda de obturador global, la D435i es \u00f3ptima para operaciones m\u00f3viles y con poca luz.<\/p>","protected":false},"featured_media":1014124,"template":"","meta":[],"pwb-brand":[592],"product_brand":[],"product_cat":[617,271],"product_tag":[],"class_list":{"0":"post-1014108","1":"product","2":"type-product","3":"status-publish","4":"has-post-thumbnail","6":"pwb-brand-intel-realsense","7":"product_cat-camere-industriali","8":"product_cat-telecamere-di-profondita","10":"first","11":"instock","12":"shipping-taxable","13":"product-type-simple"},"brands":[{"id":592,"name":"Intel RealSense","slug":"intel-realsense"}],"_links":{"self":[{"href":"https:\/\/store.todsystem.com\/es\/wp-json\/wp\/v2\/product\/1014108","targetHints":{"allow":["GET"]}}],"collection":[{"href":"https:\/\/store.todsystem.com\/es\/wp-json\/wp\/v2\/product"}],"about":[{"href":"https:\/\/store.todsystem.com\/es\/wp-json\/wp\/v2\/types\/product"}],"version-history":[{"count":9,"href":"https:\/\/store.todsystem.com\/es\/wp-json\/wp\/v2\/product\/1014108\/revisions"}],"predecessor-version":[{"id":1019071,"href":"https:\/\/store.todsystem.com\/es\/wp-json\/wp\/v2\/product\/1014108\/revisions\/1019071"}],"wp:featuredmedia":[{"embeddable":true,"href":"https:\/\/store.todsystem.com\/es\/wp-json\/wp\/v2\/media\/1014124"}],"wp:attachment":[{"href":"https:\/\/store.todsystem.com\/es\/wp-json\/wp\/v2\/media?parent=1014108"}],"wp:term":[{"taxonomy":"pwb-brand","embeddable":true,"href":"https:\/\/store.todsystem.com\/es\/wp-json\/wp\/v2\/pwb-brand?post=1014108"},{"taxonomy":"product_brand","embeddable":true,"href":"https:\/\/store.todsystem.com\/es\/wp-json\/wp\/v2\/product_brand?post=1014108"},{"taxonomy":"product_cat","embeddable":true,"href":"https:\/\/store.todsystem.com\/es\/wp-json\/wp\/v2\/product_cat?post=1014108"},{"taxonomy":"product_tag","embeddable":true,"href":"https:\/\/store.todsystem.com\/es\/wp-json\/wp\/v2\/product_tag?post=1014108"}],"curies":[{"name":"wp","href":"https:\/\/api.w.org\/{rel}","templated":true}]}}