{"id":1014096,"date":"2024-11-05T09:30:34","date_gmt":"2024-11-05T09:30:34","guid":{"rendered":"https:\/\/store.todsystem.com\/?post_type=product&#038;p=1014096"},"modified":"2025-07-11T10:49:27","modified_gmt":"2025-07-11T10:49:27","slug":"photoneo-motioncam-3d-s-2","status":"publish","type":"product","link":"https:\/\/store.todsystem.com\/es\/producto\/photoneo-motioncam-3d-s-2\/","title":{"rendered":"Fotoneo MotionCam-3D S+"},"content":{"rendered":"<div class=\"vgblk-rw-wrapper limit-wrapper\">La <strong>MotionCam 3D S+<\/strong> de Photoneo es una c\u00e1mara 3D de \u00faltima generaci\u00f3n, dise\u00f1ada para capturar detalles con precisi\u00f3n en grandes vol\u00famenes de escaneado. Ideal para proyectos que requieren precisi\u00f3n y velocidad, como la automatizaci\u00f3n y el control de calidad, captura im\u00e1genes 3D n\u00edtidas incluso de objetos en r\u00e1pido movimiento a una velocidad de hasta 40 m\/s. Con una GPU NVIDIA Pascal\u2122 integrada y una capacidad de procesamiento de 15 millones de puntos por segundo, la MotionCam 3D S+ ofrece un alto rendimiento en entornos industriales, lo que la hace perfecta para aplicaciones avanzadas de visi\u00f3n artificial.<\/p>\n<p>Especificaciones t\u00e9cnicas<\/p>\n<ul>\n<li><strong>Alcance de exploraci\u00f3n<\/strong>630-1574 mm<\/li>\n<li><strong>Resoluci\u00f3n del mapa de profundidad<\/strong>:\n<ul>\n<li>Modo est\u00e1tico: 1680 x 1200<\/li>\n<li>Modo din\u00e1mico: hasta 1680 x 1200<\/li>\n<\/ul>\n<\/li>\n<li><strong>Velocidad m\u00e1xima objeto\/c\u00e1mara<\/strong>hasta 40 m\/s<\/li>\n<li><strong>Modo c\u00e1mara<\/strong>:\n<ul>\n<li><strong>Tama\u00f1o del punto<\/strong>0,76 mm a 0,9 MP, 0,52 mm a 2 MP<\/li>\n<li><strong>Precisi\u00f3n<\/strong>&lt; 1.000 mm<\/li>\n<li><strong>Ruido temporal<\/strong>&lt; 0,150 mm<\/li>\n<\/ul>\n<\/li>\n<li><strong>Modo esc\u00e1ner<\/strong>:\n<ul>\n<li><strong>Tama\u00f1o del punto<\/strong>0,52 mm a z = 900 mm<\/li>\n<li><strong>Precisi\u00f3n<\/strong>&lt; 0,500 mm<\/li>\n<li><strong>Ruido temporal<\/strong>&lt; 0,100 mm<\/li>\n<\/ul>\n<\/li>\n<li><strong>Frecuencia de imagen m\u00e1xima<\/strong>hasta 20 fps<\/li>\n<li><strong>Tiempo de adquisici\u00f3n de datos<\/strong>10 ms<\/li>\n<li><strong>Capacidad de procesamiento<\/strong>15 millones de puntos 3D por segundo<\/li>\n<li><strong>Procesador gr\u00e1fico (GPU)<\/strong>Arquitectura NVIDIA Pascal\u2122 con 256 n\u00facleos CUDA<\/li>\n<li><strong>Dimensiones<\/strong>86 x 68 x 308 mm<\/li>\n<li><strong>L\u00ednea de base<\/strong>230 mm<\/li>\n<li><strong>Peso<\/strong>: 1000 g<\/li>\n<\/ul>\n<p>Caracter\u00edsticas distintivas<\/p>\n<ul>\n<li><strong>Volumen de exploraci\u00f3n ampliado<\/strong>La ampliaci\u00f3n del alcance de la MotionCam 3D S+ la hace ideal para escenarios m\u00e1s amplios que el modelo S, proporcionando flexibilidad y precisi\u00f3n en diversas aplicaciones industriales.<\/li>\n<li><strong>Compacto y potente<\/strong>Su reducido tama\u00f1o facilita la instalaci\u00f3n y la integraci\u00f3n, con un procesamiento avanzado que admite hasta 15 millones de puntos por segundo.<\/li>\n<li><strong>Captura r\u00e1pida y precisa de objetos en movimiento<\/strong>Ideal para objetos con velocidades de hasta 40 m\/s, garantiza exploraciones n\u00edtidas y sin borrosidad incluso en entornos din\u00e1micos.<\/li>\n<li><strong>Potencia de procesamiento avanzada<\/strong>Equipado con la GPU NVIDIA Pascal\u2122, est\u00e1 dise\u00f1ado para manejar grandes vol\u00famenes de datos en tiempo real, proporcionando un alto rendimiento para aplicaciones de automatizaci\u00f3n industrial.<\/li>\n<\/ul>\n<\/div>\n<p><!-- .vgblk-rw-wrapper --><\/p>","protected":false},"excerpt":{"rendered":"<p>La MotionCam 3D S+ de Photoneo es una c\u00e1mara 3D de alta precisi\u00f3n con un volumen de escaneado ampliado en comparaci\u00f3n con el modelo S, dise\u00f1ada para proyectos avanzados de visi\u00f3n artificial y aplicaciones de coordinaci\u00f3n \"mano-ojo\". Con su tama\u00f1o compacto y sus potentes par\u00e1metros, es una soluci\u00f3n vers\u00e1til para el escaneado 3D en entornos din\u00e1micos, especialmente para la automatizaci\u00f3n industrial y el control de calidad.<\/p>","protected":false},"featured_media":1014105,"template":"","meta":[],"pwb-brand":[593],"product_brand":[],"product_cat":[617],"product_tag":[],"class_list":{"0":"post-1014096","1":"product","2":"type-product","3":"status-publish","4":"has-post-thumbnail","6":"pwb-brand-photoneo","7":"product_cat-camere-industriali","9":"first","10":"instock","11":"shipping-taxable","12":"product-type-simple"},"brands":[{"id":593,"name":"Fot\u00f3nica","slug":"photoneo"}],"_links":{"self":[{"href":"https:\/\/store.todsystem.com\/es\/wp-json\/wp\/v2\/product\/1014096","targetHints":{"allow":["GET"]}}],"collection":[{"href":"https:\/\/store.todsystem.com\/es\/wp-json\/wp\/v2\/product"}],"about":[{"href":"https:\/\/store.todsystem.com\/es\/wp-json\/wp\/v2\/types\/product"}],"version-history":[{"count":4,"href":"https:\/\/store.todsystem.com\/es\/wp-json\/wp\/v2\/product\/1014096\/revisions"}],"predecessor-version":[{"id":1018333,"href":"https:\/\/store.todsystem.com\/es\/wp-json\/wp\/v2\/product\/1014096\/revisions\/1018333"}],"wp:featuredmedia":[{"embeddable":true,"href":"https:\/\/store.todsystem.com\/es\/wp-json\/wp\/v2\/media\/1014105"}],"wp:attachment":[{"href":"https:\/\/store.todsystem.com\/es\/wp-json\/wp\/v2\/media?parent=1014096"}],"wp:term":[{"taxonomy":"pwb-brand","embeddable":true,"href":"https:\/\/store.todsystem.com\/es\/wp-json\/wp\/v2\/pwb-brand?post=1014096"},{"taxonomy":"product_brand","embeddable":true,"href":"https:\/\/store.todsystem.com\/es\/wp-json\/wp\/v2\/product_brand?post=1014096"},{"taxonomy":"product_cat","embeddable":true,"href":"https:\/\/store.todsystem.com\/es\/wp-json\/wp\/v2\/product_cat?post=1014096"},{"taxonomy":"product_tag","embeddable":true,"href":"https:\/\/store.todsystem.com\/es\/wp-json\/wp\/v2\/product_tag?post=1014096"}],"curies":[{"name":"wp","href":"https:\/\/api.w.org\/{rel}","templated":true}]}}