{"id":1014091,"date":"2024-11-05T09:27:28","date_gmt":"2024-11-05T09:27:28","guid":{"rendered":"https:\/\/store.todsystem.com\/?post_type=product&#038;p=1014091"},"modified":"2025-09-26T15:50:01","modified_gmt":"2025-09-26T15:50:01","slug":"intel-realsense-d457","status":"publish","type":"product","link":"https:\/\/store.todsystem.com\/es\/producto\/intel-realsense-d457\/","title":{"rendered":"Intel RealSense D457 Telecamera di profondit\u00e0"},"content":{"rendered":"<div class=\"vgblk-rw-wrapper limit-wrapper\">La c\u00e1mara de profundidad <strong>Intel RealSense\u2122 D457<\/strong> representa una evoluci\u00f3n en la gama de c\u00e1maras RealSense, optimizada para aplicaciones de rob\u00f3tica y autonom\u00eda en la industria y la automoci\u00f3n. Gracias a la <strong>GMSL (Gigabit Multimedia Serial Link)<\/strong> y el conector <strong>FAKRA<\/strong>, el D457 ofrece un ancho de banda superior, permitiendo la transferencia de datos multi-stream de hasta 15 metros a trav\u00e9s de cable coaxial. Este tipo de conexi\u00f3n es ideal para entornos que requieren fiabilidad y baja latencia.<\/p>\n<p>La c\u00e1mara <strong>D457<\/strong> integra un<strong>IMU Bosch BMI085<\/strong> que aumenta la precisi\u00f3n de la profundidad en aplicaciones m\u00f3viles como la rob\u00f3tica aut\u00f3noma y los drones. El sensor externo, certificado <strong>IP65<\/strong>lo hace ideal para su uso en exteriores, ya que resiste el polvo y las salpicaduras de agua. Es compatible con el <strong>Kit de desarrollo de software Intel\u00ae RealSense\u2122 2.0<\/strong>compatible con una amplia gama de plataformas gracias a un controlador de kernel de c\u00f3digo abierto.<\/p>\n<p>Principales especificaciones t\u00e9cnicas<\/p>\n<ul>\n<li>Entorno de uso: adecuado tanto para interiores como para exteriores gracias a la protecci\u00f3n IP65.<\/li>\n<li>Alcance: Precisi\u00f3n de profundidad inferior a 2% a 4 metros, con una distancia m\u00ednima de aproximadamente 52 cm y un alcance ideal entre 0,6 m y 6 m.<\/li>\n<li>Campo de visi\u00f3n (FOV): 87\u00b0 \u00d7 58\u00b0 para profundidad y 90\u00b0 \u00d7 65\u00b0 para RGB.<\/li>\n<li>Resoluci\u00f3n y frecuencia de imagen: resoluci\u00f3n de profundidad de hasta 1280 x 720 p\u00edxeles a un m\u00e1ximo de 90 fps; resoluci\u00f3n RGB de hasta 1280 x 800 p\u00edxeles a 30 fps.<\/li>\n<li>Conectividad: GMSL\/FAKRA, con dos conectores y posibilidad de sincronizaci\u00f3n multic\u00e1mara mediante cable coaxial o AUX.<\/li>\n<li>Unidad de medici\u00f3n inercial (IMU): Bosch BMI085, para mejorar la precisi\u00f3n en movimiento.<\/li>\n<\/ul>\n<p>&nbsp;<\/p>\n<p>Componentes principales<\/p>\n<ul>\n<li>M\u00f3dulo \u00f3ptico: M\u00f3dulo Intel RealSense D450.<\/li>\n<li>Tarjeta procesadora: Vision Processor D4 V5, que ofrece el mismo rendimiento de largo alcance que la D455.<\/li>\n<\/ul>\n<p>&nbsp;<\/p>\n<p>La c\u00e1mara <strong>Intel RealSense D457<\/strong> es una soluci\u00f3n avanzada para aplicaciones aut\u00f3nomas que requieren alto rendimiento, baja latencia y flexibilidad de instalaci\u00f3n en entornos interiores y exteriores, aumentando la fiabilidad y la velocidad de adquisici\u00f3n de datos en \u00e1reas como la rob\u00f3tica, la log\u00edstica y la supervisi\u00f3n de autom\u00f3viles.<\/div>\n<p><!-- .vgblk-rw-wrapper --><\/p>","protected":false},"excerpt":{"rendered":"<p>La <strong>telecamera di profondit\u00e0 <a href=\"https:\/\/store.todsystem.com\/es\/marca\/intel-realsense\/\">Intel RealSense<\/a>\u2122 D457<\/strong> \u00e8 una telecamera stereo ad alta larghezza di banda, dotata di connessione GMSL\/FAKRA, un&#8217;innovazione specificamente progettata per applicazioni ad alte prestazioni in ambienti complessi. Con un involucro IP65, garantisce la protezione necessaria per operare in ambienti difficili, resistendo a polvere e acqua.<\/p>","protected":false},"featured_media":1014106,"template":"","meta":[],"pwb-brand":[592],"product_brand":[],"product_cat":[617],"product_tag":[],"class_list":{"0":"post-1014091","1":"product","2":"type-product","3":"status-publish","4":"has-post-thumbnail","6":"pwb-brand-intel-realsense","7":"product_cat-camere-industriali","9":"first","10":"instock","11":"shipping-taxable","12":"product-type-simple"},"brands":[{"id":592,"name":"Intel RealSense","slug":"intel-realsense"}],"_links":{"self":[{"href":"https:\/\/store.todsystem.com\/es\/wp-json\/wp\/v2\/product\/1014091","targetHints":{"allow":["GET"]}}],"collection":[{"href":"https:\/\/store.todsystem.com\/es\/wp-json\/wp\/v2\/product"}],"about":[{"href":"https:\/\/store.todsystem.com\/es\/wp-json\/wp\/v2\/types\/product"}],"version-history":[{"count":7,"href":"https:\/\/store.todsystem.com\/es\/wp-json\/wp\/v2\/product\/1014091\/revisions"}],"predecessor-version":[{"id":1019080,"href":"https:\/\/store.todsystem.com\/es\/wp-json\/wp\/v2\/product\/1014091\/revisions\/1019080"}],"wp:featuredmedia":[{"embeddable":true,"href":"https:\/\/store.todsystem.com\/es\/wp-json\/wp\/v2\/media\/1014106"}],"wp:attachment":[{"href":"https:\/\/store.todsystem.com\/es\/wp-json\/wp\/v2\/media?parent=1014091"}],"wp:term":[{"taxonomy":"pwb-brand","embeddable":true,"href":"https:\/\/store.todsystem.com\/es\/wp-json\/wp\/v2\/pwb-brand?post=1014091"},{"taxonomy":"product_brand","embeddable":true,"href":"https:\/\/store.todsystem.com\/es\/wp-json\/wp\/v2\/product_brand?post=1014091"},{"taxonomy":"product_cat","embeddable":true,"href":"https:\/\/store.todsystem.com\/es\/wp-json\/wp\/v2\/product_cat?post=1014091"},{"taxonomy":"product_tag","embeddable":true,"href":"https:\/\/store.todsystem.com\/es\/wp-json\/wp\/v2\/product_tag?post=1014091"}],"curies":[{"name":"wp","href":"https:\/\/api.w.org\/{rel}","templated":true}]}}