{"id":1014088,"date":"2024-11-05T09:25:01","date_gmt":"2024-11-05T09:25:01","guid":{"rendered":"https:\/\/store.todsystem.com\/?post_type=product&#038;p=1014088"},"modified":"2025-09-26T15:33:19","modified_gmt":"2025-09-26T15:33:19","slug":"intel-realsense-d456","status":"publish","type":"product","link":"https:\/\/store.todsystem.com\/es\/producto\/intel-realsense-d456\/","title":{"rendered":"Intel RealSense D456 Telecamera di profondit\u00e0"},"content":{"rendered":"<div class=\"vgblk-rw-wrapper limit-wrapper\">La c\u00e1mara de profundidad <strong>Intel RealSense D456<\/strong>\u00a0representa una herramienta de visi\u00f3n vanguardista dise\u00f1ada para afrontar los retos de los entornos exteriores. Con estructuras dedicadas y un dise\u00f1o robusto, esta c\u00e1mara es perfecta para aplicaciones que requieren resistencia a la intemperie y adquisici\u00f3n de datos tridimensionales de precisi\u00f3n.<\/p>\n<p>Principales caracter\u00edsticas t\u00e9cnicas<\/p>\n<ul>\n<li><strong>Entorno de uso:<\/strong>\u00a0Interior\/Exterior<\/li>\n<li><strong>Tecnolog\u00eda de sensor de imagen:<\/strong>\u00a0Persiana global<\/li>\n<li><strong>Alcance ideal:<\/strong>\u00a00,6 m a 6 m<\/li>\n<li><strong>Precisi\u00f3n de profundidad:<\/strong>\u00a0&lt;2% a 4 m<\/li>\n<li><strong>Profundidad del campo de visi\u00f3n:<\/strong>\u00a087\u00b0 \u00d7 58\u00b0<\/li>\n<li><strong>Resoluci\u00f3n de salida de profundidad:<\/strong>\u00a0hasta 1280 \u00d7 720<\/li>\n<li><strong>Velocidad de fotogramas de profundidad:<\/strong>\u00a0hasta 90 fps<\/li>\n<li><strong>Color RGB:<\/strong>\u00a0hasta 1280 \u00d7 800 a 30 fps<\/li>\n<li><strong>Dimensiones:<\/strong>\u00a0124 mm \u00d7 29 mm \u00d7 26 mm<\/li>\n<li><strong>Conectores:<\/strong>\u00a0USB-C<\/li>\n<\/ul>\n<p>Rendimiento<\/p>\n<p>La bater\u00eda del\u00a0<strong>Formulario D456<\/strong>\u00a0permite un funcionamiento prolongado, lo que la hace muy eficaz para sesiones de trabajo prolongadas. Con capacidad para trabajar incluso en condiciones de poca luz, esta c\u00e1mara garantiza un rendimiento \u00f3ptimo en cualquier situaci\u00f3n. La tecnolog\u00eda de captura y su robusto dise\u00f1o garantizan un funcionamiento continuo, esencial para aplicaciones en automatizaci\u00f3n y rob\u00f3tica.<\/p>\n<p>Maniobrabilidad y estabilidad<\/p>\n<p>Progettato per eccellere in diversi ambienti, la <strong>Intel RealSense D456<\/strong>\u00a0ofrece estabilidad y maniobrabilidad incluso en espacios complejos. Su construcci\u00f3n ligera facilita la integraci\u00f3n con robots y drones, mientras que la c\u00e1mara es capaz de mantener el enfoque en objetos en movimiento, garantizando en todo momento la m\u00e1xima precisi\u00f3n en la filmaci\u00f3n.<\/p>\n<p>Tecnolog\u00eda y seguridad<\/p>\n<p>La c\u00e1mara est\u00e1 equipada con una innovadora tecnolog\u00eda de navegaci\u00f3n que integra un sistema IMU para mejorar el conocimiento de la profundidad. Esto garantiza una excelente capacidad de detecci\u00f3n de obst\u00e1culos y una navegaci\u00f3n segura, mientras que la clasificaci\u00f3n IP65 protege la c\u00e1mara del polvo y las salpicaduras, lo que la hace perfecta para su uso en exteriores en condiciones adversas.<\/p>\n<p>Conclusiones<\/p>\n<p>Optar por\u00a0 <strong>la camera di profondit\u00e0 Intel RealSense\u2122 D456<\/strong>\u00a0significa invertir en una soluci\u00f3n fiable y vers\u00e1til para aplicaciones de rob\u00f3tica y detecci\u00f3n. Su robustez, calidad de imagen y funcionalidad avanzada la convierten en la opci\u00f3n ideal para los profesionales que necesitan equipos de alta calidad y excelente rendimiento.<\/p>\n<p>&nbsp;<\/p><\/div>\n<p><!-- .vgblk-rw-wrapper --><\/p>","protected":false},"excerpt":{"rendered":"<p>La <strong><a href=\"https:\/\/store.todsystem.com\/es\/marca\/intel-realsense\/\">Intel RealSense<\/a>\u00a0D456<\/strong>\u00a0es una c\u00e1mara avanzada dise\u00f1ada para aplicaciones en exteriores que requieren los m\u00e1s altos niveles de precisi\u00f3n. Con una clasificaci\u00f3n IP65, es resistente al polvo y las salpicaduras, lo que la hace ideal para entornos extremos. Con un alcance de 0,6 m a 6 m y tecnolog\u00eda de sensor global, ofrece im\u00e1genes de alta calidad y conciencia medioambiental para rob\u00f3tica y drones.<\/p>","protected":false},"featured_media":1014101,"template":"","meta":[],"pwb-brand":[592],"product_brand":[],"product_cat":[617],"product_tag":[],"class_list":{"0":"post-1014088","1":"product","2":"type-product","3":"status-publish","4":"has-post-thumbnail","6":"pwb-brand-intel-realsense","7":"product_cat-camere-industriali","9":"first","10":"instock","11":"shipping-taxable","12":"product-type-simple"},"brands":[{"id":592,"name":"Intel RealSense","slug":"intel-realsense"}],"_links":{"self":[{"href":"https:\/\/store.todsystem.com\/es\/wp-json\/wp\/v2\/product\/1014088","targetHints":{"allow":["GET"]}}],"collection":[{"href":"https:\/\/store.todsystem.com\/es\/wp-json\/wp\/v2\/product"}],"about":[{"href":"https:\/\/store.todsystem.com\/es\/wp-json\/wp\/v2\/types\/product"}],"version-history":[{"count":5,"href":"https:\/\/store.todsystem.com\/es\/wp-json\/wp\/v2\/product\/1014088\/revisions"}],"predecessor-version":[{"id":1016292,"href":"https:\/\/store.todsystem.com\/es\/wp-json\/wp\/v2\/product\/1014088\/revisions\/1016292"}],"wp:featuredmedia":[{"embeddable":true,"href":"https:\/\/store.todsystem.com\/es\/wp-json\/wp\/v2\/media\/1014101"}],"wp:attachment":[{"href":"https:\/\/store.todsystem.com\/es\/wp-json\/wp\/v2\/media?parent=1014088"}],"wp:term":[{"taxonomy":"pwb-brand","embeddable":true,"href":"https:\/\/store.todsystem.com\/es\/wp-json\/wp\/v2\/pwb-brand?post=1014088"},{"taxonomy":"product_brand","embeddable":true,"href":"https:\/\/store.todsystem.com\/es\/wp-json\/wp\/v2\/product_brand?post=1014088"},{"taxonomy":"product_cat","embeddable":true,"href":"https:\/\/store.todsystem.com\/es\/wp-json\/wp\/v2\/product_cat?post=1014088"},{"taxonomy":"product_tag","embeddable":true,"href":"https:\/\/store.todsystem.com\/es\/wp-json\/wp\/v2\/product_tag?post=1014088"}],"curies":[{"name":"wp","href":"https:\/\/api.w.org\/{rel}","templated":true}]}}