{"id":1014087,"date":"2024-11-05T09:21:14","date_gmt":"2024-11-05T09:21:14","guid":{"rendered":"https:\/\/store.todsystem.com\/?post_type=product&#038;p=1014087"},"modified":"2025-07-11T10:49:10","modified_gmt":"2025-07-11T10:49:10","slug":"photoneo-motioncam-3d-s","status":"publish","type":"product","link":"https:\/\/store.todsystem.com\/es\/producto\/photoneo-motioncam-3d-s\/","title":{"rendered":"Photoneo MotionCam-3D S"},"content":{"rendered":"<div class=\"vgblk-rw-wrapper limit-wrapper\">La versi\u00f3n S de la C\u00e1mara 3D est\u00e1 dise\u00f1ada para capturar escenas peque\u00f1as con el m\u00e1ximo nivel de precisi\u00f3n. Este modelo avanzado es ideal para aplicaciones industriales y de investigaci\u00f3n que requieren escaneados detallados y precisos. Gracias a su capacidad de escaneado de alta resoluci\u00f3n y a su resistencia a condiciones ambientales adversas, la 3D Camera S se adapta perfectamente a una amplia gama de usos, especialmente en contextos que requieren una gran fidelidad en los detalles.<\/p>\n<p>Especificaciones t\u00e9cnicas<\/p>\n<ul>\n<li><strong>Alcance de exploraci\u00f3n<\/strong>366-558 mm<\/li>\n<li><strong>Modo c\u00e1mara<\/strong>:\n<ul>\n<li><strong>Tama\u00f1o del punto<\/strong>0,37 mm a 0,9 MP y 0,25 mm a 2 MP<\/li>\n<li><strong>Precisi\u00f3n<\/strong>&lt; 0,300 mm<\/li>\n<li><strong>Ruido temporal<\/strong>&lt; 0,100 mm<\/li>\n<\/ul>\n<\/li>\n<li><strong>Modo esc\u00e1ner<\/strong>:\n<ul>\n<li><strong>Tama\u00f1o del punto<\/strong>0,25 mm a z=442 mm<\/li>\n<li><strong>Precisi\u00f3n<\/strong>&lt; 0,150 mm<\/li>\n<li><strong>Ruido temporal<\/strong>&lt; 0,050 mm<\/li>\n<\/ul>\n<\/li>\n<li><strong>Resoluci\u00f3n del mapa de profundidad<\/strong>:\n<ul>\n<li><strong>Modo est\u00e1tico<\/strong>: 1680 x 1200<\/li>\n<li><strong>Modo din\u00e1mico<\/strong>hasta 1680 x 1200<\/li>\n<\/ul>\n<\/li>\n<li><strong>Frecuencia de imagen m\u00e1xima<\/strong>hasta 20 fps<\/li>\n<li><strong>Tiempo de adquisici\u00f3n de datos<\/strong>10 ms<\/li>\n<li><strong>Velocidad m\u00e1xima objeto\/c\u00e1mara<\/strong>40 m\/s<\/li>\n<li><strong>Funciones de procesamiento 3D<\/strong>15 millones de puntos por segundo<\/li>\n<li><strong>Procesador gr\u00e1fico (GPU)<\/strong>Arquitectura NVIDIA Pascal\u2122 con 256 n\u00facleos CUDA<\/li>\n<li><strong>Dimensiones<\/strong>86 x 68 x 308 mm<\/li>\n<li><strong>L\u00ednea de base<\/strong>230 mm<\/li>\n<li><strong>Peso<\/strong>: 1000 g<\/li>\n<\/ul>\n<p>Caracter\u00edsticas distintivas<\/p>\n<ul>\n<li><strong>Precisi\u00f3n excepcional para los peque\u00f1os detalles<\/strong>: La versi\u00f3n S ofrece la precisi\u00f3n ideal para escenas peque\u00f1as, garantizando una alta resoluci\u00f3n de la nube de puntos y la captura de detalles finos sin concesiones.<\/li>\n<li><strong>Alta resistencia medioambiental<\/strong>Dise\u00f1ada para funcionar en entornos industriales, esta c\u00e1mara 3D es resistente a las vibraciones y a la luz ambiental, lo que garantiza im\u00e1genes estables y sin distorsiones incluso en condiciones adversas.<\/li>\n<li><strong>Capacidad de adquisici\u00f3n r\u00e1pida y sobre la marcha<\/strong>: Con una frecuencia de imagen de hasta 20 fps y captura de datos en s\u00f3lo 10 ms, capta im\u00e1genes n\u00edtidas incluso de objetos que se mueven a una velocidad de hasta 40 m\/s.<\/li>\n<li><strong>Funciones avanzadas de procesamiento<\/strong>Gracias a la GPU integrada con arquitectura NVIDIA Pascal\u2122 y 256 n\u00facleos CUDA, el dispositivo maneja hasta 15 millones de puntos por segundo, lo que ofrece una capacidad de procesamiento \u00f3ptima para aplicaciones avanzadas.<\/li>\n<li><strong>Portabilidad y robustez<\/strong>C\u00e1mara 3D S: con un peso de s\u00f3lo 1.000 g y unas dimensiones compactas, la C\u00e1mara 3D S es f\u00e1cil de integrar en configuraciones m\u00f3viles o fijas, al tiempo que mantiene la robustez y la fiabilidad.<\/li>\n<\/ul>\n<p>&nbsp;<\/p><\/div>\n<p><!-- .vgblk-rw-wrapper --><\/p>","protected":false},"excerpt":{"rendered":"<p>MotionCam-3D S es un esc\u00e1ner 3D industrial avanzado para la adquisici\u00f3n de alta resoluci\u00f3n de objetos est\u00e1ticos y din\u00e1micos. Equipado con tecnolog\u00eda resistente a las vibraciones y a la luz ambiental, es ideal para escanear con precisi\u00f3n incluso superficies complejas, como superficies transparentes y muy brillantes. Con una gran capacidad de procesamiento y una construcci\u00f3n robusta, este dispositivo est\u00e1 dise\u00f1ado para satisfacer las necesidades de la industria moderna.<\/p>","protected":false},"featured_media":1014089,"template":"","meta":[],"pwb-brand":[593],"product_brand":[],"product_cat":[617],"product_tag":[],"class_list":{"0":"post-1014087","1":"product","2":"type-product","3":"status-publish","4":"has-post-thumbnail","6":"pwb-brand-photoneo","7":"product_cat-camere-industriali","9":"first","10":"instock","11":"shipping-taxable","12":"product-type-simple"},"brands":[{"id":593,"name":"Fot\u00f3nica","slug":"photoneo"}],"_links":{"self":[{"href":"https:\/\/store.todsystem.com\/es\/wp-json\/wp\/v2\/product\/1014087","targetHints":{"allow":["GET"]}}],"collection":[{"href":"https:\/\/store.todsystem.com\/es\/wp-json\/wp\/v2\/product"}],"about":[{"href":"https:\/\/store.todsystem.com\/es\/wp-json\/wp\/v2\/types\/product"}],"version-history":[{"count":6,"href":"https:\/\/store.todsystem.com\/es\/wp-json\/wp\/v2\/product\/1014087\/revisions"}],"predecessor-version":[{"id":1018331,"href":"https:\/\/store.todsystem.com\/es\/wp-json\/wp\/v2\/product\/1014087\/revisions\/1018331"}],"wp:featuredmedia":[{"embeddable":true,"href":"https:\/\/store.todsystem.com\/es\/wp-json\/wp\/v2\/media\/1014089"}],"wp:attachment":[{"href":"https:\/\/store.todsystem.com\/es\/wp-json\/wp\/v2\/media?parent=1014087"}],"wp:term":[{"taxonomy":"pwb-brand","embeddable":true,"href":"https:\/\/store.todsystem.com\/es\/wp-json\/wp\/v2\/pwb-brand?post=1014087"},{"taxonomy":"product_brand","embeddable":true,"href":"https:\/\/store.todsystem.com\/es\/wp-json\/wp\/v2\/product_brand?post=1014087"},{"taxonomy":"product_cat","embeddable":true,"href":"https:\/\/store.todsystem.com\/es\/wp-json\/wp\/v2\/product_cat?post=1014087"},{"taxonomy":"product_tag","embeddable":true,"href":"https:\/\/store.todsystem.com\/es\/wp-json\/wp\/v2\/product_tag?post=1014087"}],"curies":[{"name":"wp","href":"https:\/\/api.w.org\/{rel}","templated":true}]}}