{"id":1014064,"date":"2024-11-04T15:11:24","date_gmt":"2024-11-04T15:11:24","guid":{"rendered":"https:\/\/store.todsystem.com\/?post_type=product&#038;p=1014064"},"modified":"2025-05-06T15:06:35","modified_gmt":"2025-05-06T15:06:35","slug":"onrobot-pinza-gecko","status":"publish","type":"product","link":"https:\/\/store.todsystem.com\/es\/producto\/onrobot-pinza-gecko\/","title":{"rendered":"Pinza OnRobot GECKO"},"content":{"rendered":"<div class=\"vgblk-rw-wrapper limit-wrapper\">\n<div class=\"flex max-w-full flex-col flex-grow\">\n<div class=\"min-h-8 text-message flex w-full flex-col items-end gap-2 whitespace-normal break-words [.text-message+&amp;]:mt-5\" dir=\"auto\" data-message-author-role=\"assistant\" data-message-id=\"85fbef72-0df5-4916-8305-05e55ea7772d\" data-message-model-slug=\"gpt-4o\">\n<div class=\"flex w-full flex-col gap-1 empty:hidden first:pt-[3px]\">\n<div class=\"markdown prose w-full break-words dark:prose-invert light\">\n<p>La <strong>Pinza Gecko SP<\/strong> representa una evoluci\u00f3n en la automatizaci\u00f3n con tecnolog\u00eda de pinza adhesiva, ideal para agarrar con precisi\u00f3n superficies planas, pulidas y perforadas. Basada en un innovador sistema adhesivo, similar al de la pinza gecko, esta pinza permite manipular objetos delicados, como paneles de vidrio o placas de circuitos impresos, sin necesidad de limpiar posteriormente la superficie. Con tres variantes (SP1, SP3, SP5), cada una clasificada seg\u00fan su capacidad de carga en kg, la Gecko SP se adapta perfectamente a los robots colaborativos y a los peque\u00f1os robots industriales, garantizando un agarre seguro sin dejar residuos.<\/p>\n<p>Principales especificaciones t\u00e9cnicas:<\/p>\n<ul>\n<li><strong>Dise\u00f1o compacto y flexible<\/strong>Un \u00fanico cojinete garantiza el agarre incluso en espacios reducidos, ideal para aplicaciones en espacios reducidos.<\/li>\n<li><strong>Tecnolog\u00eda de adherencia que no deja marcas<\/strong>El agarre no deja huellas ni siquiera en superficies brillantes como el cristal y los paneles electr\u00f3nicos.<\/li>\n<li><strong>Tres modelos para diferentes cargas \u00fatiles<\/strong>Est\u00e1n disponibles las versiones SP1, SP3 y SP5, seg\u00fan la carga m\u00e1xima (1 kg, 3 kg y 5 kg), lo que permite una elecci\u00f3n \u00f3ptima para diversos tipos de aplicaciones.<\/li>\n<li><strong>Sin alimentaci\u00f3n ni cableado externo<\/strong>no requiere aire comprimido ni electricidad, lo que reduce los costes y simplifica la aplicaci\u00f3n.<\/li>\n<li><strong>Software intuitivo preintegrado<\/strong>f\u00e1cil de configurar y utilizar, tambi\u00e9n apta para operadores sin conocimientos t\u00e9cnicos.<\/li>\n<li><strong>Versatilidad en el agarre de objetos perforados<\/strong>Sujeta f\u00e1cilmente placas de circuitos impresos, juntas de malla met\u00e1lica y componentes con orificios, ampliando las posibilidades de automatizaci\u00f3n a objetos dif\u00edciles de manipular con los alicates tradicionales.<\/li>\n<\/ul>\n<p>&nbsp;<\/p>\n<p>Los alicates <strong>Gecko SP<\/strong> es una opci\u00f3n pr\u00e1ctica para una manipulaci\u00f3n precisa y sin residuos en operaciones de automatizaci\u00f3n avanzadas, que ofrece una implantaci\u00f3n inmediata con un r\u00e1pido retorno de la inversi\u00f3n.<\/p>\n<\/div>\n<\/div>\n<\/div>\n<\/div>\n<\/div>\n<p><!-- .vgblk-rw-wrapper --><\/p>","protected":false},"excerpt":{"rendered":"<p>La <strong>Pinza Gecko SP<\/strong> es un sistema de agarre adhesivo compacto y ligero, sin cables ni alimentaci\u00f3n externa, dise\u00f1ado para manipular objetos planos, lisos o perforados sin dejar marcas. Gracias a su tecnolog\u00eda de adherencia inspirada en las patas de geco, permite manipular con precisi\u00f3n objetos delicados y brillantes, optimizando el tiempo de producci\u00f3n gracias a la ausencia total de residuos que limpiar.<\/p>","protected":false},"featured_media":1014065,"template":"","meta":[],"pwb-brand":[586],"product_brand":[],"product_cat":[272],"product_tag":[],"class_list":{"0":"post-1014064","1":"product","2":"type-product","3":"status-publish","4":"has-post-thumbnail","6":"pwb-brand-onrobot","7":"product_cat-sistemi-di-presa","9":"first","10":"instock","11":"shipping-taxable","12":"product-type-simple"},"brands":[{"id":586,"name":"OnRobot","slug":"onrobot"}],"_links":{"self":[{"href":"https:\/\/store.todsystem.com\/es\/wp-json\/wp\/v2\/product\/1014064","targetHints":{"allow":["GET"]}}],"collection":[{"href":"https:\/\/store.todsystem.com\/es\/wp-json\/wp\/v2\/product"}],"about":[{"href":"https:\/\/store.todsystem.com\/es\/wp-json\/wp\/v2\/types\/product"}],"version-history":[{"count":3,"href":"https:\/\/store.todsystem.com\/es\/wp-json\/wp\/v2\/product\/1014064\/revisions"}],"predecessor-version":[{"id":1016104,"href":"https:\/\/store.todsystem.com\/es\/wp-json\/wp\/v2\/product\/1014064\/revisions\/1016104"}],"wp:featuredmedia":[{"embeddable":true,"href":"https:\/\/store.todsystem.com\/es\/wp-json\/wp\/v2\/media\/1014065"}],"wp:attachment":[{"href":"https:\/\/store.todsystem.com\/es\/wp-json\/wp\/v2\/media?parent=1014064"}],"wp:term":[{"taxonomy":"pwb-brand","embeddable":true,"href":"https:\/\/store.todsystem.com\/es\/wp-json\/wp\/v2\/pwb-brand?post=1014064"},{"taxonomy":"product_brand","embeddable":true,"href":"https:\/\/store.todsystem.com\/es\/wp-json\/wp\/v2\/product_brand?post=1014064"},{"taxonomy":"product_cat","embeddable":true,"href":"https:\/\/store.todsystem.com\/es\/wp-json\/wp\/v2\/product_cat?post=1014064"},{"taxonomy":"product_tag","embeddable":true,"href":"https:\/\/store.todsystem.com\/es\/wp-json\/wp\/v2\/product_tag?post=1014064"}],"curies":[{"name":"wp","href":"https:\/\/api.w.org\/{rel}","templated":true}]}}