{"id":1014063,"date":"2024-11-04T15:08:45","date_gmt":"2024-11-04T15:08:45","guid":{"rendered":"https:\/\/store.todsystem.com\/?post_type=product&#038;p=1014063"},"modified":"2025-05-06T15:06:45","modified_gmt":"2025-05-06T15:06:45","slug":"onrobot-pinza-soft","status":"publish","type":"product","link":"https:\/\/store.todsystem.com\/es\/producto\/onrobot-pinza-soft\/","title":{"rendered":"Pinza blanda OnRobot"},"content":{"rendered":"<div class=\"vgblk-rw-wrapper limit-wrapper\">La\u00a0PINZA SOFT\u00a0OnRobot rappresenta una soluzione innovativa nel panorama dell&#8217;automazione, in grado di migliorare l&#8217;efficienza in settori che richiedono la manipolazione di oggetti delicati e irregolari. Adatta per ambienti di produzione alimentare, cosmetica e farmaceutica, risponde alle esigenze di un&#8217;industria in continua evoluzione, offrendo una tecnologia che garantisce sia la sicurezza che la praticit\u00e0.<\/p>\n<p>Principales caracter\u00edsticas t\u00e9cnicas<\/p>\n<ul>\n<li>Payload massimo: 2,2 kg (variabile in base alla forma e morbidezza degli oggetti)<\/li>\n<li>Dimensioni di presa: da 11 mm a 118 mm, a seconda della calotta utilizzata<\/li>\n<li>Calotte intercambiabili: tre calotte in silicone flessibile per una versatilit\u00e0 ottimale<\/li>\n<li>Certificazioni: Conforme alle normative FDA 21 CFR e CE 1935\/2004<\/li>\n<li>Nessuna necessit\u00e0 di fornitura d&#8217;aria: Soluzione economica e pulita<\/li>\n<\/ul>\n<p>Rendimiento<\/p>\n<p>La\u00a0PINZA SOFT\u00a0\u00e8 progettata per garantire prestazioni ottimali grazie alla sua capacit\u00e0 di maneggiare oggetti fragili con delicatezza. La batteria non necessaria per l&#8217;alimentazione consente operazioni silenziose e senza polvere, rendendo l&#8217;ambiente di lavoro pi\u00f9 salubre. Le calotte intercambiabili sono lavabili in lavastoviglie, garantendo un&#8217;igiene impeccabile per il settore alimentare.<\/p>\n<p>Maniobrabilidad y estabilidad<\/p>\n<p>La progettazione della\u00a0PINZA SOFT\u00a0consente un&#8217;eccellente manovrabilit\u00e0 in spazi ristretti e la gestione di terreni complessi. La sua flessibilit\u00e0, unita a un design ergonomico, permette di eseguire movimenti precisi e sicuri anche in situazioni che richiedono delicatezza e attenzione.<\/p>\n<p>Tecnolog\u00eda y seguridad<\/p>\n<p>Las avanzadas tecnolog\u00edas de detecci\u00f3n de formas y manipulaci\u00f3n de cargas garantizan una manipulaci\u00f3n segura de los objetos. La ausencia de componentes de vac\u00edo reduce los riesgos asociados a colisiones y fallos de funcionamiento. Adem\u00e1s, el software integrado facilita la instalaci\u00f3n y programaci\u00f3n, haciendo que la pinza sea accesible incluso para personal no t\u00e9cnico.<\/p>\n<p>Por qu\u00e9 elegirlo<\/p>\n<p>Scegliere la\u00a0PINZA SOFT\u00a0significa investire in una soluzione flessibile ed efficiente per la manipolazione di alimenti e prodotti delicati. Le sue caratteristiche distintive, come la capacit\u00e0 di evitare polvere e rumore, insieme alla facilit\u00e0 di integrazione con robot esistenti, la rendono un&#8217;opzione ideale per le aziende che vogliono ottimizzare la loro produttivit\u00e0 e ridurre gli sprechi.<\/p><\/div>\n<p><!-- .vgblk-rw-wrapper --><\/p>","protected":false},"excerpt":{"rendered":"<p>La\u00a0<strong>SOFT PLIP<\/strong>\u00a0es una pinza rob\u00f3tica flexible con certificaci\u00f3n alimentaria dise\u00f1ada para manipular una amplia gama de formas irregulares y objetos delicados. Gracias a sus tapas de silicona intercambiables, es perfecta para aplicaciones de recogida y colocaci\u00f3n en las industrias alimentaria, cosm\u00e9tica y farmac\u00e9utica. Al no necesitar suministro de aire externo, la pinza Soft ofrece un funcionamiento silencioso y sin polvo, lo que contribuye a reducir los costes y la complejidad del procesamiento. Ideal para aumentar la calidad de la producci\u00f3n y reducir los residuos.<\/p>","protected":false},"featured_media":1014067,"template":"","meta":[],"pwb-brand":[586],"product_brand":[],"product_cat":[272],"product_tag":[],"class_list":{"0":"post-1014063","1":"product","2":"type-product","3":"status-publish","4":"has-post-thumbnail","6":"pwb-brand-onrobot","7":"product_cat-sistemi-di-presa","9":"first","10":"instock","11":"shipping-taxable","12":"product-type-simple"},"brands":[{"id":586,"name":"OnRobot","slug":"onrobot"}],"_links":{"self":[{"href":"https:\/\/store.todsystem.com\/es\/wp-json\/wp\/v2\/product\/1014063","targetHints":{"allow":["GET"]}}],"collection":[{"href":"https:\/\/store.todsystem.com\/es\/wp-json\/wp\/v2\/product"}],"about":[{"href":"https:\/\/store.todsystem.com\/es\/wp-json\/wp\/v2\/types\/product"}],"version-history":[{"count":4,"href":"https:\/\/store.todsystem.com\/es\/wp-json\/wp\/v2\/product\/1014063\/revisions"}],"predecessor-version":[{"id":1016097,"href":"https:\/\/store.todsystem.com\/es\/wp-json\/wp\/v2\/product\/1014063\/revisions\/1016097"}],"wp:featuredmedia":[{"embeddable":true,"href":"https:\/\/store.todsystem.com\/es\/wp-json\/wp\/v2\/media\/1014067"}],"wp:attachment":[{"href":"https:\/\/store.todsystem.com\/es\/wp-json\/wp\/v2\/media?parent=1014063"}],"wp:term":[{"taxonomy":"pwb-brand","embeddable":true,"href":"https:\/\/store.todsystem.com\/es\/wp-json\/wp\/v2\/pwb-brand?post=1014063"},{"taxonomy":"product_brand","embeddable":true,"href":"https:\/\/store.todsystem.com\/es\/wp-json\/wp\/v2\/product_brand?post=1014063"},{"taxonomy":"product_cat","embeddable":true,"href":"https:\/\/store.todsystem.com\/es\/wp-json\/wp\/v2\/product_cat?post=1014063"},{"taxonomy":"product_tag","embeddable":true,"href":"https:\/\/store.todsystem.com\/es\/wp-json\/wp\/v2\/product_tag?post=1014063"}],"curies":[{"name":"wp","href":"https:\/\/api.w.org\/{rel}","templated":true}]}}