{"id":1014052,"date":"2024-11-04T15:02:11","date_gmt":"2024-11-04T15:02:11","guid":{"rendered":"https:\/\/store.todsystem.com\/?post_type=product&#038;p=1014052"},"modified":"2025-05-06T14:07:35","modified_gmt":"2025-05-06T14:07:35","slug":"onrobot-finger-gripper-3fg25","status":"publish","type":"product","link":"https:\/\/store.todsystem.com\/es\/producto\/onrobot-finger-gripper-3fg25\/","title":{"rendered":"OnRobot Pinza de dedos 3FG25"},"content":{"rendered":"<div class=\"vgblk-rw-wrapper limit-wrapper\">La\u00a0<strong>3FG25<\/strong>\u00a0di OnRobot \u00e8 una pinza elettrica avanzata, specificamente progettata per ottimizzare le operazioni di movimentazione e assemblaggio nei contesti industriali. La sua capacit\u00e0 di gestire pezzi pesanti e complessi con un solo strumento la rende una risorsa fondamentale per le officine di lavorazione e le linee di assemblaggio.<\/p>\n<p><strong>Principales caracter\u00edsticas t\u00e9cnicas<\/strong><\/p>\n<ul>\n<li><strong>Capacidad de carga<\/strong>: 25 kg<\/li>\n<li><strong>Corsa massima<\/strong>: 155 mm<\/li>\n<li><strong>Forza massima<\/strong>: 450 N<\/li>\n<li><strong>Duraci\u00f3n de la bater\u00eda<\/strong>: N\/A (alimentata elettricamente)<\/li>\n<li><strong>Tiempo de recarga<\/strong>N\/A<\/li>\n<li><strong>Dimensiones<\/strong>: Design compatto<\/li>\n<li><strong>Peso<\/strong>: Leggero, progettato per massimizzare il carico utile<\/li>\n<\/ul>\n<p><strong>Rendimiento<\/strong><\/p>\n<p>3FG25\u00a0offre prestazioni superiori, con una pinza completamente elettrica che consente un controllo totale della presa. Questa caratteristica migliora notevolmente l&#8217;efficienza operativa permettendo estrazioni rapide e ridistribuzioni senza sforzi. Grazie alla possibilit\u00e0 di automatizzare le applicazioni collaborative con carichi elevati, la\u00a03FG25\u00a0soddisfa le esigenze crescenti delle moderne linee di produzione.<\/p>\n<p><strong>Maniobrabilidad y estabilidad<\/strong><\/p>\n<p>Progettata per affrontare ambienti complessi, <strong>3FG25<\/strong>\u00a0eccelle in spazi ristretti e in situazioni in cui \u00e8 richiesta una manovrabilit\u00e0 precisa. La tecnologia di posizionamento centrato garantisce una presa sicura e una stabilit\u00e0 ottimale anche durante i movimenti pi\u00f9 rapidi.<\/p>\n<p><strong>Tecnolog\u00eda y seguridad<\/strong><\/p>\n<p>Dotata di tecnologie avanzate per la navigazione e il rilevamento degli oggetti, <strong>3FG25<\/strong>\u00a0offre sistemi di sicurezza integrati che riducono il rischio di collisioni. La classificazione IP67 la rende resistente a polvere, liquidi e altri agenti atmosferici, assicurando operazioni affidabili anche in condizioni difficili.<\/p>\n<p><strong>Por qu\u00e9 elegirlo<\/strong><\/p>\n<p>Elija <strong>3FG25<\/strong>\u00a0significa apportare innovazione e robustezza alla propria linea di produzione. La pinza non solo semplifica l&#8217;implementazione grazie alla sua compatibilit\u00e0 universale, ma riduce anche i costi operativi e aumenta la produttivit\u00e0. Con un&#8217;affidabilit\u00e0 comprovata, \u00e8 l&#8217;alleato ideale per le aziende che cercano soluzioni automatizzate per gestire carichi elevati in modo efficiente.<\/div>\n<p><!-- .vgblk-rw-wrapper --><\/p>","protected":false},"excerpt":{"rendered":"<p>Los alicates <strong>3FG25<\/strong> \u00e8 una pinza elettrica per impieghi gravosi, progettata per gestire carichi massimi fino a 25 kg con un posizionamento centrato preciso. Grazie alla sua compatibilit\u00e0 universale con tutti i principali marchi di robot, rappresenta una soluzione ottimale per l&#8217;automazione delle macchine CNC, migliorando la qualit\u00e0 e la produttivit\u00e0. Con un design robusto e una classificazione IP67, <strong>3FG25<\/strong>\u00a0\u00e8 ideale per affrontare le sfide degli ambienti di lavoro pi\u00f9 esigenti.<\/p>","protected":false},"featured_media":1016064,"template":"","meta":[],"pwb-brand":[586],"product_brand":[],"product_cat":[272],"product_tag":[],"class_list":{"0":"post-1014052","1":"product","2":"type-product","3":"status-publish","4":"has-post-thumbnail","6":"pwb-brand-onrobot","7":"product_cat-sistemi-di-presa","9":"first","10":"instock","11":"shipping-taxable","12":"product-type-simple"},"brands":[{"id":586,"name":"OnRobot","slug":"onrobot"}],"_links":{"self":[{"href":"https:\/\/store.todsystem.com\/es\/wp-json\/wp\/v2\/product\/1014052","targetHints":{"allow":["GET"]}}],"collection":[{"href":"https:\/\/store.todsystem.com\/es\/wp-json\/wp\/v2\/product"}],"about":[{"href":"https:\/\/store.todsystem.com\/es\/wp-json\/wp\/v2\/types\/product"}],"version-history":[{"count":5,"href":"https:\/\/store.todsystem.com\/es\/wp-json\/wp\/v2\/product\/1014052\/revisions"}],"predecessor-version":[{"id":1016098,"href":"https:\/\/store.todsystem.com\/es\/wp-json\/wp\/v2\/product\/1014052\/revisions\/1016098"}],"wp:featuredmedia":[{"embeddable":true,"href":"https:\/\/store.todsystem.com\/es\/wp-json\/wp\/v2\/media\/1016064"}],"wp:attachment":[{"href":"https:\/\/store.todsystem.com\/es\/wp-json\/wp\/v2\/media?parent=1014052"}],"wp:term":[{"taxonomy":"pwb-brand","embeddable":true,"href":"https:\/\/store.todsystem.com\/es\/wp-json\/wp\/v2\/pwb-brand?post=1014052"},{"taxonomy":"product_brand","embeddable":true,"href":"https:\/\/store.todsystem.com\/es\/wp-json\/wp\/v2\/product_brand?post=1014052"},{"taxonomy":"product_cat","embeddable":true,"href":"https:\/\/store.todsystem.com\/es\/wp-json\/wp\/v2\/product_cat?post=1014052"},{"taxonomy":"product_tag","embeddable":true,"href":"https:\/\/store.todsystem.com\/es\/wp-json\/wp\/v2\/product_tag?post=1014052"}],"curies":[{"name":"wp","href":"https:\/\/api.w.org\/{rel}","templated":true}]}}