{"id":1014046,"date":"2024-11-04T14:56:54","date_gmt":"2024-11-04T14:56:54","guid":{"rendered":"https:\/\/store.todsystem.com\/?post_type=product&#038;p=1014046"},"modified":"2025-05-06T15:05:54","modified_gmt":"2025-05-06T15:05:54","slug":"onrobot-2fgp20","status":"publish","type":"product","link":"https:\/\/store.todsystem.com\/es\/producto\/onrobot-2fgp20\/","title":{"rendered":"OnRobot 2FGP20"},"content":{"rendered":"<div class=\"vgblk-rw-wrapper limit-wrapper\"><strong>2FGP20<\/strong> de OnRobot es una pinza el\u00e9ctrica avanzada dise\u00f1ada para satisfacer las necesidades de las operaciones de paletizado con una manipulaci\u00f3n flexible y r\u00e1pida de diversos tipos de cargas. Equipada con brazos personalizables y un amplio recorrido, la pinza permite manipular cajas abiertas, expositores y otros contenedores que requieren un agarre diferente al de los m\u00e9todos de vac\u00edo tradicionales. La pinza incorpora un agarre por vac\u00edo ideal para colocar l\u00e1minas deslizantes, lo que elimina la necesidad de sustituir o a\u00f1adir equipos, reduciendo as\u00ed el tiempo y los costes. Gracias a su capacidad de carga de hasta <strong>20 kg<\/strong>, <strong>2FGP20<\/strong> es perfecta para manipular cajas pesadas y art\u00edculos de gran consumo como cosm\u00e9ticos, productos farmac\u00e9uticos y alimentos envasados en tetrabrik.<\/p>\n<h2>Principales especificaciones t\u00e9cnicas:<\/h2>\n<ul>\n<li>\n<h3><strong>Carga \u00fatil m\u00e1xima<\/strong>20 kg, adecuado para cajas pesadas y grandes aplicaciones de manipulaci\u00f3n<\/h3>\n<\/li>\n<li>\n<h3><strong>Amplio recorrido y brazos personalizables<\/strong>permite una gran flexibilidad para adaptarse a distintos tipos de envases y contenedores<\/h3>\n<\/li>\n<li>\n<h3><strong>Toma de vac\u00edo integrada<\/strong>La funci\u00f3n de vac\u00edo permite gestionar las hojas de desplazamiento sin necesidad de accesorios adicionales<\/h3>\n<\/li>\n<li>\n<h3><strong>Ideal para recipientes que no se pueden manipular con vac\u00edo<\/strong>gracias a la empu\u00f1adura paralela que se adapta a materiales de porosidad variable<\/h3>\n<\/li>\n<li>\n<h3><strong>Aplicaci\u00f3n r\u00e1pida<\/strong>el dise\u00f1o el\u00e9ctrico elimina la complejidad y el coste del suministro de aire externo, lo que lo convierte en una soluci\u00f3n pr\u00e1ctica y lista para usar<\/h3>\n<\/li>\n<li>\n<h3><strong>Eficacia operativa<\/strong>La configuraci\u00f3n plug-and-play reduce el tiempo de integraci\u00f3n y requiere una intervenci\u00f3n t\u00e9cnica m\u00ednima<\/h3>\n<\/li>\n<\/ul>\n<p>&nbsp;<\/p>\n<p>Esta pinza est\u00e1 dise\u00f1ada para un funcionamiento r\u00e1pido y sin complicaciones, aumentando la eficacia de las operaciones de paletizado y reduciendo los tiempos de ciclo, con ventajas econ\u00f3micas y un r\u00e1pido retorno de la inversi\u00f3n.<\/p><\/div>\n<p><!-- .vgblk-rw-wrapper --><\/p>","protected":false},"excerpt":{"rendered":"<p>Los alicates <strong>2FGP20<\/strong> es una soluci\u00f3n de pinza flexible para operaciones de paletizado y manipulaci\u00f3n de l\u00e1minas deslizantes. Con un gran recorrido y brazos personalizables, esta pinza ofrece una gran versatilidad, lo que la hace ideal para cajas pesadas, contenedores abiertos y productos que no pueden manipularse con pinzas de vac\u00edo. Gracias a la integraci\u00f3n de una funci\u00f3n de vac\u00edo, las hojas deslizantes pueden manipularse sin necesidad de cambiar de herramienta.<\/p>","protected":false},"featured_media":1014050,"template":"","meta":[],"pwb-brand":[586],"product_brand":[],"product_cat":[272],"product_tag":[],"class_list":{"0":"post-1014046","1":"product","2":"type-product","3":"status-publish","4":"has-post-thumbnail","6":"pwb-brand-onrobot","7":"product_cat-sistemi-di-presa","9":"first","10":"instock","11":"shipping-taxable","12":"product-type-simple"},"brands":[{"id":586,"name":"OnRobot","slug":"onrobot"}],"_links":{"self":[{"href":"https:\/\/store.todsystem.com\/es\/wp-json\/wp\/v2\/product\/1014046","targetHints":{"allow":["GET"]}}],"collection":[{"href":"https:\/\/store.todsystem.com\/es\/wp-json\/wp\/v2\/product"}],"about":[{"href":"https:\/\/store.todsystem.com\/es\/wp-json\/wp\/v2\/types\/product"}],"version-history":[{"count":4,"href":"https:\/\/store.todsystem.com\/es\/wp-json\/wp\/v2\/product\/1014046\/revisions"}],"predecessor-version":[{"id":1016099,"href":"https:\/\/store.todsystem.com\/es\/wp-json\/wp\/v2\/product\/1014046\/revisions\/1016099"}],"wp:featuredmedia":[{"embeddable":true,"href":"https:\/\/store.todsystem.com\/es\/wp-json\/wp\/v2\/media\/1014050"}],"wp:attachment":[{"href":"https:\/\/store.todsystem.com\/es\/wp-json\/wp\/v2\/media?parent=1014046"}],"wp:term":[{"taxonomy":"pwb-brand","embeddable":true,"href":"https:\/\/store.todsystem.com\/es\/wp-json\/wp\/v2\/pwb-brand?post=1014046"},{"taxonomy":"product_brand","embeddable":true,"href":"https:\/\/store.todsystem.com\/es\/wp-json\/wp\/v2\/product_brand?post=1014046"},{"taxonomy":"product_cat","embeddable":true,"href":"https:\/\/store.todsystem.com\/es\/wp-json\/wp\/v2\/product_cat?post=1014046"},{"taxonomy":"product_tag","embeddable":true,"href":"https:\/\/store.todsystem.com\/es\/wp-json\/wp\/v2\/product_tag?post=1014046"}],"curies":[{"name":"wp","href":"https:\/\/api.w.org\/{rel}","templated":true}]}}