{"id":1014037,"date":"2024-11-04T14:44:44","date_gmt":"2024-11-04T14:44:44","guid":{"rendered":"https:\/\/store.todsystem.com\/?post_type=product&#038;p=1014037"},"modified":"2025-05-06T15:05:58","modified_gmt":"2025-05-06T15:05:58","slug":"onrobot-mg10","status":"publish","type":"product","link":"https:\/\/store.todsystem.com\/es\/producto\/onrobot-mg10\/","title":{"rendered":"OnRobot MG10\u00a0"},"content":{"rendered":"<div class=\"vgblk-rw-wrapper limit-wrapper\"><strong>MG10<\/strong>\u00a0es una pinza magn\u00e9tica de nueva generaci\u00f3n, perfecta para aplicaciones de manipulaci\u00f3n de materiales, montaje y mantenimiento de m\u00e1quinas en entornos aeroespaciales, de automoci\u00f3n y de fabricaci\u00f3n. Este dispositivo es totalmente compatible con las principales marcas de robots y ofrece un sistema de integraci\u00f3n sencillo e intuitivo. Su fuerza ajustable y sus sensores de detecci\u00f3n garantizan un control sin precedentes durante su uso.<\/p>\n<p>Principales caracter\u00edsticas t\u00e9cnicas<\/p>\n<ul>\n<li><strong>Fuerza regulable<\/strong>Configurable para diferentes aplicaciones.<\/li>\n<li><strong>Detecci\u00f3n de piezas<\/strong>Sensor de proximidad integrado para mayor seguridad.<\/li>\n<li><strong>Seguridad operativa<\/strong>: Mantiene el agarre incluso en caso de parada de emergencia.<\/li>\n<li><strong>Compatibilidad<\/strong>Puede utilizarse con las principales marcas de robots.<\/li>\n<li><strong>Instalaci\u00f3n<\/strong>No requiere aire comprimido, se instala r\u00e1pidamente y no supone ning\u00fan coste adicional.<\/li>\n<\/ul>\n<h2>Rendimiento<\/h2>\n<p><strong>MG10<\/strong>\u00a0ofrece un excelente rendimiento con una fuerza magn\u00e9tica que puede configurarse por etapas, lo que permite adaptarla a necesidades espec\u00edficas, como el desapilado de chapas met\u00e1licas. La pinza est\u00e1 dise\u00f1ada para manipular piezas de distintas formas y pesos, y su capacidad de detecci\u00f3n garantiza una manipulaci\u00f3n eficaz y segura. Adem\u00e1s, al no necesitar aire comprimido, se reducen los costes y el tiempo de funcionamiento.<\/p>\n<h2>Maniobrabilidad y estabilidad<\/h2>\n<p>La compacidad del\u00a0<strong>MG10<\/strong>\u00a0la hace ideal para entornos de trabajo complejos, ofreciendo maniobrabilidad en espacios reducidos. La tecnolog\u00eda integrada garantiza la estabilidad, incluso durante operaciones r\u00e1pidas o en terrenos irregulares, asegurando que la pinza mantenga el agarre de la pieza incluso en situaciones cr\u00edticas.<\/p>\n<h2>Tecnolog\u00eda y seguridad<\/h2>\n<p>Con un avanzado sistema de navegaci\u00f3n y una eficaz detecci\u00f3n de obst\u00e1culos,\u00a0 <strong>MG10<\/strong>\u00a0integra un sensor de proximidad que verifica la presencia y el agarre de las piezas de trabajo. Las funciones de seguridad, como la protecci\u00f3n contra la p\u00e9rdida de potencia, la hacen especialmente adecuada para operaciones colaborativas, en las que la seguridad es primordial.<\/p>\n<h2>Por qu\u00e9 elegirlo<\/h2>\n<p>Optar por\u00a0 <strong>MG10<\/strong>\u00a0significa invertir en un dispositivo de manipulaci\u00f3n de materiales vers\u00e1til y muy eficaz. Las ventajas de esta pinza magn\u00e9tica incluyen la facilidad de instalaci\u00f3n, la ausencia de costes operativos adicionales y la manipulaci\u00f3n segura de las piezas de trabajo, lo que la convierte en la opci\u00f3n ideal para las empresas que desean optimizar sus procesos de producci\u00f3n.<\/div>\n<p><!-- .vgblk-rw-wrapper --><\/p>","protected":false},"excerpt":{"rendered":"<p><strong>MG10<\/strong> de OnRobot es una pinza magn\u00e9tica el\u00e9ctrica vers\u00e1til dise\u00f1ada para una r\u00e1pida implementaci\u00f3n sin necesidad de suministros de aire externos. Con fuerza ajustable y detecci\u00f3n de piezas integrada, ofrece una manipulaci\u00f3n fiable de piezas de diferentes tama\u00f1os y pesos. Compacta y personalizable, <strong>MG10<\/strong>\u00a0garantiza la seguridad de las operaciones manteniendo el agarre incluso en caso de p\u00e9rdida de alimentaci\u00f3n, lo que la hace ideal para aplicaciones de colaboraci\u00f3n en diversos sectores.<\/p>","protected":false},"featured_media":1014041,"template":"","meta":[],"pwb-brand":[586],"product_brand":[],"product_cat":[272],"product_tag":[],"class_list":{"0":"post-1014037","1":"product","2":"type-product","3":"status-publish","4":"has-post-thumbnail","6":"pwb-brand-onrobot","7":"product_cat-sistemi-di-presa","9":"first","10":"instock","11":"shipping-taxable","12":"product-type-simple"},"brands":[{"id":586,"name":"OnRobot","slug":"onrobot"}],"_links":{"self":[{"href":"https:\/\/store.todsystem.com\/es\/wp-json\/wp\/v2\/product\/1014037","targetHints":{"allow":["GET"]}}],"collection":[{"href":"https:\/\/store.todsystem.com\/es\/wp-json\/wp\/v2\/product"}],"about":[{"href":"https:\/\/store.todsystem.com\/es\/wp-json\/wp\/v2\/types\/product"}],"version-history":[{"count":3,"href":"https:\/\/store.todsystem.com\/es\/wp-json\/wp\/v2\/product\/1014037\/revisions"}],"predecessor-version":[{"id":1014045,"href":"https:\/\/store.todsystem.com\/es\/wp-json\/wp\/v2\/product\/1014037\/revisions\/1014045"}],"wp:featuredmedia":[{"embeddable":true,"href":"https:\/\/store.todsystem.com\/es\/wp-json\/wp\/v2\/media\/1014041"}],"wp:attachment":[{"href":"https:\/\/store.todsystem.com\/es\/wp-json\/wp\/v2\/media?parent=1014037"}],"wp:term":[{"taxonomy":"pwb-brand","embeddable":true,"href":"https:\/\/store.todsystem.com\/es\/wp-json\/wp\/v2\/pwb-brand?post=1014037"},{"taxonomy":"product_brand","embeddable":true,"href":"https:\/\/store.todsystem.com\/es\/wp-json\/wp\/v2\/product_brand?post=1014037"},{"taxonomy":"product_cat","embeddable":true,"href":"https:\/\/store.todsystem.com\/es\/wp-json\/wp\/v2\/product_cat?post=1014037"},{"taxonomy":"product_tag","embeddable":true,"href":"https:\/\/store.todsystem.com\/es\/wp-json\/wp\/v2\/product_tag?post=1014037"}],"curies":[{"name":"wp","href":"https:\/\/api.w.org\/{rel}","templated":true}]}}