{"id":1014026,"date":"2024-11-04T14:36:44","date_gmt":"2024-11-04T14:36:44","guid":{"rendered":"https:\/\/store.todsystem.com\/?post_type=product&#038;p=1014026"},"modified":"2025-05-06T15:19:03","modified_gmt":"2025-05-06T15:19:03","slug":"robotiq-epick","status":"publish","type":"product","link":"https:\/\/store.todsystem.com\/es\/producto\/robotiq-epick\/","title":{"rendered":"Robotiq EPick"},"content":{"rendered":"<div class=\"vgblk-rw-wrapper limit-wrapper\">La Robotiq EPick \u00e8 una pinza a vuoto per robot collaborativi (cobot) che si distingue per la sua autonomia da fonti d&#8217;aria esterne grazie a una potente pompa per vuoto elettrica integrata. \u00c8 compatta, leggera e ideale per applicazioni di automazione che richiedono precisione in spazi ristretti.<\/p>\n<p>Especificaciones t\u00e9cnicas:<\/p>\n<ul>\n<li>Carico utile: Fino a 4,5 kg per utilizzo standard e fino a 16 kg utilizzando ventose specifiche.<\/li>\n<li>Peso dell\u2019utensile: 0,71 kg.<\/li>\n<li>Fonte di energia: Alimentazione elettrica a 24 V, 2 A, direttamente collegata al polso del cobot.<\/li>\n<li>Flusso di vuoto: Massimo 12 l\/min con un livello di vuoto fino all&#8217;80%.<\/li>\n<li>Durata operativa: Testata per oltre 2.000.000 di cicli.<\/li>\n<li>Compatibilit\u00e0 cobot: Pronta all\u2019uso per Universal Robots, Techman Robot e OMRON\/TM, e compatibile con altri cobot.<\/li>\n<li>Temperatura operativa: Da 5 a 40 \u00b0C, garantendo un utilizzo affidabile anche in condizioni variabili.<\/li>\n<\/ul>\n<p>Caracter\u00edsticas principales:<\/p>\n<ul>\n<li>Senza fonte d&#8217;aria esterna: A differenza di altre pinze a vuoto, la Robotiq EPick non richiede aria compressa esterna. Questo permette un&#8217;installazione semplice e diretta sul braccio del cobot, riducendo i costi di configurazione e aumentando la mobilit\u00e0.<\/li>\n<li>Adattabile e modulare: La staffa e i nodi d&#8217;aria sono personalizzabili in sei varianti, consentendo un&#8217;ampia gamma di configurazioni per adattarsi a diverse esigenze applicative. Inoltre, \u00e8 possibile montare due pinze insieme per incrementare la produttivit\u00e0, ad esempio per prelevare pi\u00f9 scatole contemporaneamente.<\/li>\n<li>Compatibilit\u00e0 con materiali: La EPick \u00e8 versatile e pu\u00f2 afferrare superfici porose e non porose, inclusi materiali come cartone, vetro, lamiera asciutta e plastica.<\/li>\n<li>Installazione semplice: Non richiede conoscenze specifiche di robotica e pu\u00f2 essere configurata in pochi minuti. Il software di Robotiq ottimizza automaticamente le impostazioni della pinza per ogni applicazione, rendendola user-friendly.<\/li>\n<\/ul>\n<p>Ventajas:<\/p>\n<ul>\n<li>Efficienza in ambienti difficili: La costruzione robusta e la pompa interna rendono la EPick adatta anche per ambienti polverosi o umidi, riducendo l\u2019esigenza di manutenzione frequente.<\/li>\n<li>Facilit\u00e0 d\u2019uso: Dotata di un LED per il monitoraggio in tempo reale, che mostra lo stato di attivit\u00e0 della pinza o eventuali guasti, permettendo all&#8217;operatore di reagire rapidamente.<\/li>\n<\/ul>\n<p>&nbsp;<\/p>\n<p>Esta pinza representa una soluci\u00f3n avanzada para mejorar la productividad en las operaciones de manipulaci\u00f3n de cobots, sin necesidad de configuraciones complejas o engorrosas.<\/p><\/div>\n<p><!-- .vgblk-rw-wrapper --><\/p>","protected":false},"excerpt":{"rendered":"<p>La <strong>Robotiq EPick<\/strong> es una pinza el\u00e9ctrica de vac\u00edo dise\u00f1ada para la automatizaci\u00f3n colaborativa, pensada para simplificar la recogida y manipulaci\u00f3n de objetos sin necesidad de una fuente de aire externa. Compacta y vers\u00e1til, esta pinza est\u00e1 especialmente indicada para operaciones en espacios reducidos y para recoger una amplia gama de materiales, como cart\u00f3n, vidrio, chapa met\u00e1lica y pl\u00e1stico, tanto en superficies lisas como irregulares. Gracias a su dise\u00f1o ligero y modular, la EPick se integra f\u00e1cilmente con los principales robots colaborativos (cobots), lo que la convierte en una soluci\u00f3n flexible y de bajo mantenimiento para entornos industriales y aplicaciones de producci\u00f3n.<\/p>\n<h3><\/h3>","protected":false},"featured_media":1014033,"template":"","meta":[],"pwb-brand":[588],"product_brand":[],"product_cat":[272],"product_tag":[],"class_list":{"0":"post-1014026","1":"product","2":"type-product","3":"status-publish","4":"has-post-thumbnail","6":"pwb-brand-robotiq","7":"product_cat-sistemi-di-presa","9":"first","10":"instock","11":"shipping-taxable","12":"product-type-simple"},"brands":[{"id":588,"name":"Robotiq","slug":"robotiq"}],"_links":{"self":[{"href":"https:\/\/store.todsystem.com\/es\/wp-json\/wp\/v2\/product\/1014026","targetHints":{"allow":["GET"]}}],"collection":[{"href":"https:\/\/store.todsystem.com\/es\/wp-json\/wp\/v2\/product"}],"about":[{"href":"https:\/\/store.todsystem.com\/es\/wp-json\/wp\/v2\/types\/product"}],"version-history":[{"count":4,"href":"https:\/\/store.todsystem.com\/es\/wp-json\/wp\/v2\/product\/1014026\/revisions"}],"predecessor-version":[{"id":1016118,"href":"https:\/\/store.todsystem.com\/es\/wp-json\/wp\/v2\/product\/1014026\/revisions\/1016118"}],"wp:featuredmedia":[{"embeddable":true,"href":"https:\/\/store.todsystem.com\/es\/wp-json\/wp\/v2\/media\/1014033"}],"wp:attachment":[{"href":"https:\/\/store.todsystem.com\/es\/wp-json\/wp\/v2\/media?parent=1014026"}],"wp:term":[{"taxonomy":"pwb-brand","embeddable":true,"href":"https:\/\/store.todsystem.com\/es\/wp-json\/wp\/v2\/pwb-brand?post=1014026"},{"taxonomy":"product_brand","embeddable":true,"href":"https:\/\/store.todsystem.com\/es\/wp-json\/wp\/v2\/product_brand?post=1014026"},{"taxonomy":"product_cat","embeddable":true,"href":"https:\/\/store.todsystem.com\/es\/wp-json\/wp\/v2\/product_cat?post=1014026"},{"taxonomy":"product_tag","embeddable":true,"href":"https:\/\/store.todsystem.com\/es\/wp-json\/wp\/v2\/product_tag?post=1014026"}],"curies":[{"name":"wp","href":"https:\/\/api.w.org\/{rel}","templated":true}]}}