{"id":1014018,"date":"2024-11-04T14:31:14","date_gmt":"2024-11-04T14:31:14","guid":{"rendered":"https:\/\/store.todsystem.com\/?post_type=product&#038;p=1014018"},"modified":"2025-05-06T15:06:08","modified_gmt":"2025-05-06T15:06:08","slug":"onrobot-rg2","status":"publish","type":"product","link":"https:\/\/store.todsystem.com\/es\/producto\/onrobot-rg2\/","title":{"rendered":"OnRobot RG2"},"content":{"rendered":"<div class=\"vgblk-rw-wrapper limit-wrapper\">\n<div class=\"flex max-w-full flex-col flex-grow\">\n<div class=\"min-h-8 text-message flex w-full flex-col items-end gap-2 whitespace-normal break-words [.text-message+&amp;]:mt-5\" dir=\"auto\" data-message-author-role=\"assistant\" data-message-id=\"83f3be48-e8c8-489f-90f4-f5b99317290d\" data-message-model-slug=\"gpt-4o\">\n<div class=\"flex w-full flex-col gap-1 empty:hidden first:pt-[3px]\">\n<div class=\"markdown prose w-full break-words dark:prose-invert light\">La <strong>RG2<\/strong> \u00e8 una pinza a due dita estremamente adattabile, ideata per garantire la massima flessibilit\u00e0 nelle applicazioni industriali, dalla manipolazione di piccoli pezzi alla gestione di parti pi\u00f9 voluminose. Grazie alla sua capacit\u00e0 di rilevamento automatico e a un software integrato intuitivo, la RG2 permette di eliminare complessi processi di programmazione. Dotata di un modulo <strong>Quick Changer Doppio<\/strong>, permette di installare due pinze contemporaneamente, ottimizzando la produttivit\u00e0 e riducendo i tempi di ciclo fino al <strong>50%<\/strong>.<\/div>\n<div class=\"markdown prose w-full break-words dark:prose-invert light\">\n<p>&nbsp;<\/p>\n<p>Progettata per una facile personalizzazione, la RG2 include punte delle dita modificabili, che consentono una presa stabile su oggetti di forme diverse. La pinza \u00e8 certificata <strong>T\u00dcV<\/strong>, garantendo standard elevati di sicurezza. Inoltre, il <strong>calcolo automatico del punto centrale utensile (TCP)<\/strong>, la compensazione automatica della profondit\u00e0 e la gestione avanzata della presa permettono una configurazione rapida anche in ambienti con cambi di produzione frequenti.<\/p>\n<\/div>\n<div class=\"markdown prose w-full break-words dark:prose-invert light\">\n<h4><\/h4>\n<h2>Principales especificaciones t\u00e9cnicas:<\/h2>\n<ul>\n<li>\n<h3><strong>Colpo massimo<\/strong>: <strong>110 mm<\/strong>, regolabile in base alle esigenze<\/h3>\n<\/li>\n<li>\n<h3><strong>Capacidad de carga<\/strong>: <strong>2 kg<\/strong>, adatta a un\u2019ampia gamma di applicazioni collaborative<\/h3>\n<\/li>\n<li>\n<h3><strong>Funzionalit\u00e0 di rilevamento<\/strong>: Include &#8220;rilevamento presa fallita&#8221;, &#8220;presa continua&#8221; e &#8220;misura larghezza&#8221; per una presa precisa<\/h3>\n<\/li>\n<li>\n<h3><strong>Punte delle dita personalizzabili<\/strong>: Si adattano a diversi oggetti per una presa pi\u00f9 sicura<\/h3>\n<\/li>\n<li>\n<h3><strong>Automazione avanzata<\/strong>: Calcolo automatico del carico utile e compensazione della profondit\u00e0, per semplificare la programmazione<\/h3>\n<\/li>\n<li>\n<h3><strong>Software integrado<\/strong>: Facilmente installabile e programmabile anche per operatori senza esperienza tecnica avanzata<\/h3>\n<\/li>\n<li>\n<h3><strong>Certificazione di sicurezza<\/strong>: <strong>T\u00dcV<\/strong>, garantendo elevati standard di sicurezza<\/h3>\n<\/li>\n<li>\n<h3><strong>Design Plug-and-Produce<\/strong>: Riduce il tempo di implementazione del <strong>70%<\/strong><\/h3>\n<\/li>\n<\/ul>\n<p>&nbsp;<\/p>\n<p>La <strong>RG2<\/strong> \u00e8 una soluzione completa e personalizzabile, ideale per linee di produzione dinamiche e per operazioni 24\/7 senza necessit\u00e0 di frequenti configurazioni, grazie alla sua interfaccia user-friendly e alla compatibilit\u00e0 con moduli come il <strong>Quick Changer Doppio<\/strong>.<\/p>\n<\/div>\n<\/div>\n<\/div>\n<\/div>\n<div class=\"mb-2 flex gap-3 empty:hidden -ml-2\">\n<div class=\"items-center justify-start rounded-xl p-1 flex\">\n<div class=\"flex items-center\">\n<div class=\"flex items-center pb-0\"><\/div>\n<\/div>\n<\/div>\n<\/div>\n<\/div>\n<p><!-- .vgblk-rw-wrapper --><\/p>","protected":false},"excerpt":{"rendered":"<p>La pinza robotica <strong>RG2<\/strong> \u00e8 una soluzione flessibile e versatile per applicazioni collaborative, progettata per adattarsi a pezzi di diverse forme e dimensioni grazie alla sua corsa regolabile fino a <strong>110 mm<\/strong>. Con un design <strong>Plug-and-Produce<\/strong> e una capacit\u00e0 di carico di <strong>2 kg<\/strong>, questa pinza riduce il tempo di implementazione e programmazione, permettendo operazioni precise e sicure in ambienti produttivi complessi.<\/p>","protected":false},"featured_media":1014020,"template":"","meta":[],"pwb-brand":[586],"product_brand":[],"product_cat":[272],"product_tag":[],"class_list":{"0":"post-1014018","1":"product","2":"type-product","3":"status-publish","4":"has-post-thumbnail","6":"pwb-brand-onrobot","7":"product_cat-sistemi-di-presa","9":"first","10":"instock","11":"shipping-taxable","12":"product-type-simple"},"brands":[{"id":586,"name":"OnRobot","slug":"onrobot"}],"_links":{"self":[{"href":"https:\/\/store.todsystem.com\/es\/wp-json\/wp\/v2\/product\/1014018","targetHints":{"allow":["GET"]}}],"collection":[{"href":"https:\/\/store.todsystem.com\/es\/wp-json\/wp\/v2\/product"}],"about":[{"href":"https:\/\/store.todsystem.com\/es\/wp-json\/wp\/v2\/types\/product"}],"version-history":[{"count":3,"href":"https:\/\/store.todsystem.com\/es\/wp-json\/wp\/v2\/product\/1014018\/revisions"}],"predecessor-version":[{"id":1016100,"href":"https:\/\/store.todsystem.com\/es\/wp-json\/wp\/v2\/product\/1014018\/revisions\/1016100"}],"wp:featuredmedia":[{"embeddable":true,"href":"https:\/\/store.todsystem.com\/es\/wp-json\/wp\/v2\/media\/1014020"}],"wp:attachment":[{"href":"https:\/\/store.todsystem.com\/es\/wp-json\/wp\/v2\/media?parent=1014018"}],"wp:term":[{"taxonomy":"pwb-brand","embeddable":true,"href":"https:\/\/store.todsystem.com\/es\/wp-json\/wp\/v2\/pwb-brand?post=1014018"},{"taxonomy":"product_brand","embeddable":true,"href":"https:\/\/store.todsystem.com\/es\/wp-json\/wp\/v2\/product_brand?post=1014018"},{"taxonomy":"product_cat","embeddable":true,"href":"https:\/\/store.todsystem.com\/es\/wp-json\/wp\/v2\/product_cat?post=1014018"},{"taxonomy":"product_tag","embeddable":true,"href":"https:\/\/store.todsystem.com\/es\/wp-json\/wp\/v2\/product_tag?post=1014018"}],"curies":[{"name":"wp","href":"https:\/\/api.w.org\/{rel}","templated":true}]}}