{"id":1013998,"date":"2024-11-04T14:03:26","date_gmt":"2024-11-04T14:03:26","guid":{"rendered":"https:\/\/store.todsystem.com\/?post_type=product&#038;p=1013998"},"modified":"2025-05-06T15:39:16","modified_gmt":"2025-05-06T15:39:16","slug":"robotiq-2f-140-pinza-a-2-dita","status":"publish","type":"product","link":"https:\/\/store.todsystem.com\/es\/producto\/robotiq-2f-140-pinza-a-2-dita\/","title":{"rendered":"Pinza de 2 dedos Robotiq 2F-140"},"content":{"rendered":"<div class=\"vgblk-rw-wrapper limit-wrapper\">Las pinzas Robotiq de 2 dedos est\u00e1n dise\u00f1adas para satisfacer las necesidades modernas de automatizaci\u00f3n, combinando versatilidad y alto rendimiento. Gracias a su capacidad para programar la carrera, la velocidad y la fuerza, estas pinzas pueden adaptarse a una gran variedad de tareas, lo que las hace ideales para entornos de trabajo din\u00e1micos. Su configuraci\u00f3n permite tanto la sujeci\u00f3n envolvente como la sujeci\u00f3n por pinzamiento, ofreciendo una manipulaci\u00f3n \u00f3ptima de los objetos.<\/p>\n<p>Especificaciones t\u00e9cnicas<\/p>\n<ul>\n<li>Carico utile: 2,5 kg (5,5 lb)<\/li>\n<li>Peso dell&#8217;utensile: 1 kg (2 lb)<\/li>\n<li>Fonte di energia: Elettricit\u00e0, collegata al polso del robot (24 V, 2 A)<\/li>\n<li>Parametri di controllo: Rilevamento dell&#8217;oggetto, posizione, velocit\u00e0 e forza<\/li>\n<li>Durata della vita: 2.000.000 cicli<\/li>\n<li>Diametro: 140 mm (5,5 pollici)<\/li>\n<li>Forza di presa: Da 10 a 125 N (da 2 a 25 lbf)<\/li>\n<li>Velocit\u00e0 di chiusura: Da 30 a 250 mm\/s (da 1,2 a 9,8 in.\/s)<\/li>\n<li>Ripetibilit\u00e0: 0,03 mm (0,1 pollici)<\/li>\n<li>Grado di protezione dall&#8217;ingresso (IP): IP40<\/li>\n<li>Temperatura di esercizio: -10 to 50 \u00b0C (14 to 122 \u00b0F)<\/li>\n<\/ul>\n<p>Puntos fuertes<\/p>\n<p>Programmazione Semplice: Le pinze possono essere facilmente programmate per regolare corsa, velocit\u00e0 e forza tramite un&#8217;unica interfaccia, rendendo il processo di integrazione rapido e intuitivo.<\/p>\n<p>Grande Adattabilit\u00e0: I polpastrelli sostituibili consentono una personalizzazione in base al tipo di oggetto da afferrare, ottimizzando la presa in vari contesti.<\/p>\n<p>Configurazione a Doppia Pinza: \u00c8 possibile utilizzare due pinze sullo stesso robot, il che consente di ridurre significativamente i tempi di ciclo e migliorare l&#8217;efficienza del lavoro.<\/p>\n<p>Versatilit\u00e0 nelle Modalit\u00e0 di Presa: Le pinze sono in grado di eseguire sia prese avvolgenti che a pizzico, rendendole adatte a una vasta gamma di applicazioni industriali.<\/p>\n<p>Robustezza e Affidabilit\u00e0: Con una durata di vita di 2.000.000 cicli, queste pinze sono progettate per resistere a condizioni operative impegnative e garantire un funzionamento duraturo.<\/p>\n<p>Precisione e Controllo: I parametri di controllo avanzati permettono di monitorare con accuratezza la posizione, la velocit\u00e0 e la forza, assicurando una presa sicura e affidabile.<\/p><\/div>\n<p><!-- .vgblk-rw-wrapper --><\/p>","protected":false},"excerpt":{"rendered":"<p>Las pinzas Robotiq de 2 dedos ofrecen una soluci\u00f3n avanzada para la manipulaci\u00f3n de objetos gracias a su programabilidad y versatilidad. Dise\u00f1adas para trabajar en sinergia con robots colaborativos, estas pinzas pueden manipular una amplia gama de objetos con precisi\u00f3n y fuerza.<\/p>","protected":false},"featured_media":1014002,"template":"","meta":[],"pwb-brand":[588],"product_brand":[],"product_cat":[272],"product_tag":[],"class_list":{"0":"post-1013998","1":"product","2":"type-product","3":"status-publish","4":"has-post-thumbnail","6":"pwb-brand-robotiq","7":"product_cat-sistemi-di-presa","9":"first","10":"instock","11":"shipping-taxable","12":"product-type-simple"},"brands":[{"id":588,"name":"Robotiq","slug":"robotiq"}],"_links":{"self":[{"href":"https:\/\/store.todsystem.com\/es\/wp-json\/wp\/v2\/product\/1013998","targetHints":{"allow":["GET"]}}],"collection":[{"href":"https:\/\/store.todsystem.com\/es\/wp-json\/wp\/v2\/product"}],"about":[{"href":"https:\/\/store.todsystem.com\/es\/wp-json\/wp\/v2\/types\/product"}],"version-history":[{"count":6,"href":"https:\/\/store.todsystem.com\/es\/wp-json\/wp\/v2\/product\/1013998\/revisions"}],"predecessor-version":[{"id":1016121,"href":"https:\/\/store.todsystem.com\/es\/wp-json\/wp\/v2\/product\/1013998\/revisions\/1016121"}],"wp:featuredmedia":[{"embeddable":true,"href":"https:\/\/store.todsystem.com\/es\/wp-json\/wp\/v2\/media\/1014002"}],"wp:attachment":[{"href":"https:\/\/store.todsystem.com\/es\/wp-json\/wp\/v2\/media?parent=1013998"}],"wp:term":[{"taxonomy":"pwb-brand","embeddable":true,"href":"https:\/\/store.todsystem.com\/es\/wp-json\/wp\/v2\/pwb-brand?post=1013998"},{"taxonomy":"product_brand","embeddable":true,"href":"https:\/\/store.todsystem.com\/es\/wp-json\/wp\/v2\/product_brand?post=1013998"},{"taxonomy":"product_cat","embeddable":true,"href":"https:\/\/store.todsystem.com\/es\/wp-json\/wp\/v2\/product_cat?post=1013998"},{"taxonomy":"product_tag","embeddable":true,"href":"https:\/\/store.todsystem.com\/es\/wp-json\/wp\/v2\/product_tag?post=1013998"}],"curies":[{"name":"wp","href":"https:\/\/api.w.org\/{rel}","templated":true}]}}