{"id":1013996,"date":"2024-11-04T14:01:53","date_gmt":"2024-11-04T14:01:53","guid":{"rendered":"https:\/\/store.todsystem.com\/?post_type=product&#038;p=1013996"},"modified":"2025-05-06T15:11:31","modified_gmt":"2025-05-06T15:11:31","slug":"robotiq-hand-e-c10","status":"publish","type":"product","link":"https:\/\/store.todsystem.com\/es\/producto\/robotiq-hand-e-c10\/","title":{"rendered":"Robotiq Hand-E C10"},"content":{"rendered":"<div class=\"vgblk-rw-wrapper limit-wrapper\">Hand-E C10 \u00e8 un robot progettato per rispondere alle sfide del mondo industriale moderno. La sua tecnologia avanzata e il design robusto permettono di utilizzare questo dispositivo in condizioni avverse senza compromettere le prestazioni. Nato per le industrie leggere e pesanti, Hand-E C10\u00a0si adatta a diverse esigenze di produzione, dal prelievo e posizionamento rapidi all&#8217;assemblaggio di precisione.<\/p>\n<p>Principales caracter\u00edsticas t\u00e9cnicas:<\/p>\n<ul>\n<li>Corsa parallela:\u00a040 mm<\/li>\n<li>Classe di protezione:\u00a0Conforme allo standard IP67<\/li>\n<li>Capacit\u00e0 di carico:\u00a0Elevata (specificare il valore se disponibile)<\/li>\n<li>Dimensioni:\u00a0Specifica le dimensioni del robot (lunghezza, larghezza, altezza)<\/li>\n<li>Peso:\u00a0Specifica il peso del robot<\/li>\n<li>Configurazione:\u00a0Doppia pinza per ridurre i tempi di ciclo<\/li>\n<\/ul>\n<p>Rendimiento<\/p>\n<p>Hand-E C10\u00a0offre prestazioni eccellenti grazie alla sua batteria robusta e all&#8217;autonomia operativa. La sua capacit\u00e0 di operare in ambienti polverosi e umidi, unita alla conformit\u00e0 agli standard di sicurezza, lo rende un compagno affidabile. I tempi di ciclo sono ridotti grazie alla configurazione a doppia pinza, contribuendo a un incremento dell&#8217;efficienza produttiva.<\/p>\n<p>Maniobrabilidad y estabilidad<\/p>\n<p>La versatile progettazione del\u00a0Hand-E C10\u00a0gli consente di manovrare facilmente in spazi ristretti e su terreni complessi. La tecnologia di presa adattiva assicura che il robot possa gestire una gamma di oggetti, dai pi\u00f9 piccoli ai pi\u00f9 grandi, con precisione e stabilit\u00e0.<\/p>\n<p>Tecnolog\u00eda y seguridad<\/p>\n<p>Hand-E C10\u00a0\u00e8 dotato di sensori di ultima generazione e tecnologie di navigazione avanzate, che garantiscono un rilevamento preciso degli ostacoli. Le caratteristiche di sicurezza, come i pulsanti di emergenza e sistemi anti-collisione, proteggono non solo il robot, ma anche il personale e le attrezzature circostanti.<\/p>\n<p>Por qu\u00e9 elegirlo<\/p>\n<p>Scegliere Hand-E C10\u00a0significa optare per una soluzione robusta, versatile e facilmente implementabile nel vostro ambiente produttivo. Con un&#8217;installazione rapida e la compatibilit\u00e0 con Universal Robots e OMRON, \u00e8 pronto a contribuire all&#8217;efficienza operativa della vostra azienda in pochissimo tempo.<\/p>\n<p>&nbsp;<\/p><\/div>\n<p><!-- .vgblk-rw-wrapper --><\/p>","protected":false},"excerpt":{"rendered":"<p>En\u00a0<strong>Hand-E C10<\/strong>\u00a0\u00e8 una soluzione di presa concentrica adattiva, progettata per ottimizzare processi produttivi in ambienti ad alta concentrazione e basso volume. Con una corsa parallela di 40 mm, \u00e8 perfetto per attivit\u00e0 di assemblaggio e manutenzione. La sua costruzione robusta, conforme allo standard IP67, garantisce affidabilit\u00e0 anche in condizioni di umidit\u00e0 e polvere. Ideale per un&#8217;ampia variet\u00e0 di settori, il\u00a0<strong>Hand-E C10<\/strong>\u00a0offre precisione e velocit\u00e0, rendendolo una scelta indispensabile per migliorare l&#8217;efficienza operativa.<\/p>","protected":false},"featured_media":1013999,"template":"","meta":[],"pwb-brand":[588],"product_brand":[],"product_cat":[272],"product_tag":[],"class_list":{"0":"post-1013996","1":"product","2":"type-product","3":"status-publish","4":"has-post-thumbnail","6":"pwb-brand-robotiq","7":"product_cat-sistemi-di-presa","9":"first","10":"instock","11":"shipping-taxable","12":"product-type-simple"},"brands":[{"id":588,"name":"Robotiq","slug":"robotiq"}],"_links":{"self":[{"href":"https:\/\/store.todsystem.com\/es\/wp-json\/wp\/v2\/product\/1013996","targetHints":{"allow":["GET"]}}],"collection":[{"href":"https:\/\/store.todsystem.com\/es\/wp-json\/wp\/v2\/product"}],"about":[{"href":"https:\/\/store.todsystem.com\/es\/wp-json\/wp\/v2\/types\/product"}],"version-history":[{"count":3,"href":"https:\/\/store.todsystem.com\/es\/wp-json\/wp\/v2\/product\/1013996\/revisions"}],"predecessor-version":[{"id":1016108,"href":"https:\/\/store.todsystem.com\/es\/wp-json\/wp\/v2\/product\/1013996\/revisions\/1016108"}],"wp:featuredmedia":[{"embeddable":true,"href":"https:\/\/store.todsystem.com\/es\/wp-json\/wp\/v2\/media\/1013999"}],"wp:attachment":[{"href":"https:\/\/store.todsystem.com\/es\/wp-json\/wp\/v2\/media?parent=1013996"}],"wp:term":[{"taxonomy":"pwb-brand","embeddable":true,"href":"https:\/\/store.todsystem.com\/es\/wp-json\/wp\/v2\/pwb-brand?post=1013996"},{"taxonomy":"product_brand","embeddable":true,"href":"https:\/\/store.todsystem.com\/es\/wp-json\/wp\/v2\/product_brand?post=1013996"},{"taxonomy":"product_cat","embeddable":true,"href":"https:\/\/store.todsystem.com\/es\/wp-json\/wp\/v2\/product_cat?post=1013996"},{"taxonomy":"product_tag","embeddable":true,"href":"https:\/\/store.todsystem.com\/es\/wp-json\/wp\/v2\/product_tag?post=1013996"}],"curies":[{"name":"wp","href":"https:\/\/api.w.org\/{rel}","templated":true}]}}