{"id":1013982,"date":"2024-11-04T09:59:28","date_gmt":"2024-11-04T09:59:28","guid":{"rendered":"https:\/\/store.todsystem.com\/?post_type=product&#038;p=1013982"},"modified":"2025-07-11T07:25:24","modified_gmt":"2025-07-11T07:25:24","slug":"unitree-b1","status":"publish","type":"product","link":"https:\/\/store.todsystem.com\/es\/producto\/unitree-b1\/","title":{"rendered":"Unitree B1"},"content":{"rendered":"<div class=\"vgblk-rw-wrapper limit-wrapper\">En\u00a0<strong>B1<\/strong>\u00a0es un robot aut\u00f3nomo dise\u00f1ado para operaciones de gran complejidad, capaz de trabajar en entornos dif\u00edciles y variables. Gracias a su robustez y sus funciones avanzadas, el B1 es una soluci\u00f3n excelente para la automatizaci\u00f3n en entornos industriales y comerciales.<\/p>\n<p><strong>Principales caracter\u00edsticas t\u00e9cnicas:<\/strong><\/p>\n<ul>\n<li><strong>Dimensiones:<\/strong>\u00a0Longitud 1126 mm x Anchura 467 mm x Altura 636 mm (en soporte); Longitud 1202 mm x Anchura 467 mm x Altura 297 mm (en plegado).<\/li>\n<li><strong>Peso:<\/strong>\u00a0Aproximadamente 50 kg (incluida la bater\u00eda).<\/li>\n<li><strong>Capacidad de carga:<\/strong>\u00a0Carga continua al caminar de 20 kg y carga m\u00e1xima de pie de 80 kg. Al transportar la carga, se recomienda mantener el peso dentro de los 20 kg.<\/li>\n<li><strong>Bater\u00eda:<\/strong>\u00a0Tipo litio, capacidad nominal de 18000 mAh, tensi\u00f3n nominal de 51,8 V, tiempo de carga de 1-2 horas.<\/li>\n<li><strong>Resistencia:<\/strong>\u00a0Hasta 5 horas de autonom\u00eda con carga y 2 horas sin carga.<\/li>\n<\/ul>\n<p>Rendimiento<br \/>\nEl B1 ofrece un rendimiento impresionante en t\u00e9rminos de tiempo de funcionamiento, con una bater\u00eda que proporciona hasta 5 horas de uso. Esto, combinado con un tiempo de carga r\u00e1pida de s\u00f3lo 1-2 horas, permite un funcionamiento continuo sin largas interrupciones. Adem\u00e1s, la bater\u00eda est\u00e1 dise\u00f1ada para garantizar un funcionamiento seguro incluso en condiciones ambientales adversas, con una temperatura de funcionamiento que oscila entre -5\u2103 y 45\u2103.<\/p>\n<p>Maniobrabilidad y estabilidad<br \/>\nLa estructura y el dise\u00f1o del B1 permiten una excelente maniobrabilidad incluso en espacios reducidos y terrenos irregulares. La altura m\u00e1xima de paso que puede superar el robot es de 20 cm, lo que le permite superar obst\u00e1culos sin dificultad. La estabilidad durante los movimientos r\u00e1pidos y las maniobras dif\u00edciles est\u00e1 garantizada por la avanzada tecnolog\u00eda de control y los sensores integrados.<\/p>\n<p>Tecnolog\u00eda y seguridad<br \/>\nEl B1 est\u00e1 equipado con una CPU principal Intel i5-1135G7 y una plataforma inform\u00e1tica de detecci\u00f3n Jetson Xavier NX, junto con cinco sensores Intel RealSense D430. Estos componentes permiten una navegaci\u00f3n precisa y una detecci\u00f3n eficaz de obst\u00e1culos. El robot est\u00e1 equipado con sistemas de seguridad, como un control adecuado de la temperatura y la corriente, en cumplimiento de la normativa de seguridad.<\/p>\n<p>Por qu\u00e9 elegirlo<br \/>\nEn\u00a0<strong>B1<\/strong>\u00a0es una inversi\u00f3n estrat\u00e9gica para la automatizaci\u00f3n de procesos en entornos complejos. Gracias a su robustez, capacidad de carga y larga autonom\u00eda, este robot ofrece un alto retorno de la inversi\u00f3n, permitiendo una mayor eficiencia operativa y reduciendo el riesgo para los operarios humanos. Elegir el B1 significa adoptar una soluci\u00f3n tecnol\u00f3gica de vanguardia que mejora la eficacia y la seguridad de las operaciones.<\/div>\n<p><!-- .vgblk-rw-wrapper --><\/p>","protected":false},"excerpt":{"rendered":"<p>En\u00a0<strong>B1<\/strong>\u00a0es un robot aut\u00f3nomo vers\u00e1til dise\u00f1ado para enfrentarse a terrenos complejos y condiciones meteorol\u00f3gicas adversas. Con una capacidad de carga m\u00e1xima de 80 kg y una autonom\u00eda de la bater\u00eda de hasta 5 horas, el B1 demuestra una gran movilidad y flexibilidad, lo que lo hace ideal para entornos especiales o de alto riesgo. Gracias a su avanzada tecnolog\u00eda de detecci\u00f3n y navegaci\u00f3n, el B1 puede sustituir a los humanos en operaciones dif\u00edciles y potencialmente peligrosas.<\/p>","protected":false},"featured_media":1013988,"template":"","meta":[],"pwb-brand":[585],"product_brand":[],"product_cat":[276],"product_tag":[],"class_list":{"0":"post-1013982","1":"product","2":"type-product","3":"status-publish","4":"has-post-thumbnail","6":"pwb-brand-unitree","7":"product_cat-robot-quadrupedi","9":"first","10":"instock","11":"shipping-taxable","12":"product-type-simple"},"brands":[{"id":585,"name":"Unitree","slug":"unitree"}],"_links":{"self":[{"href":"https:\/\/store.todsystem.com\/es\/wp-json\/wp\/v2\/product\/1013982","targetHints":{"allow":["GET"]}}],"collection":[{"href":"https:\/\/store.todsystem.com\/es\/wp-json\/wp\/v2\/product"}],"about":[{"href":"https:\/\/store.todsystem.com\/es\/wp-json\/wp\/v2\/types\/product"}],"version-history":[{"count":4,"href":"https:\/\/store.todsystem.com\/es\/wp-json\/wp\/v2\/product\/1013982\/revisions"}],"predecessor-version":[{"id":1018298,"href":"https:\/\/store.todsystem.com\/es\/wp-json\/wp\/v2\/product\/1013982\/revisions\/1018298"}],"wp:featuredmedia":[{"embeddable":true,"href":"https:\/\/store.todsystem.com\/es\/wp-json\/wp\/v2\/media\/1013988"}],"wp:attachment":[{"href":"https:\/\/store.todsystem.com\/es\/wp-json\/wp\/v2\/media?parent=1013982"}],"wp:term":[{"taxonomy":"pwb-brand","embeddable":true,"href":"https:\/\/store.todsystem.com\/es\/wp-json\/wp\/v2\/pwb-brand?post=1013982"},{"taxonomy":"product_brand","embeddable":true,"href":"https:\/\/store.todsystem.com\/es\/wp-json\/wp\/v2\/product_brand?post=1013982"},{"taxonomy":"product_cat","embeddable":true,"href":"https:\/\/store.todsystem.com\/es\/wp-json\/wp\/v2\/product_cat?post=1013982"},{"taxonomy":"product_tag","embeddable":true,"href":"https:\/\/store.todsystem.com\/es\/wp-json\/wp\/v2\/product_tag?post=1013982"}],"curies":[{"name":"wp","href":"https:\/\/api.w.org\/{rel}","templated":true}]}}