{"id":1013975,"date":"2024-11-04T09:53:26","date_gmt":"2024-11-04T09:53:26","guid":{"rendered":"https:\/\/store.todsystem.com\/?post_type=product&#038;p=1013975"},"modified":"2025-07-11T07:27:50","modified_gmt":"2025-07-11T07:27:50","slug":"unitree-aliengo","status":"publish","type":"product","link":"https:\/\/store.todsystem.com\/es\/producto\/unitree-aliengo\/","title":{"rendered":"AlienGo Unitree"},"content":{"rendered":"<div class=\"vgblk-rw-wrapper limit-wrapper\"><strong>AlienGo Unitree<\/strong>\u00a0representa uno de los modelos de cuadr\u00fapedo m\u00e1s avanzados y vers\u00e1tiles de la rob\u00f3tica moderna. Dise\u00f1ado para operar en condiciones extremas y adaptarse a terrenos irregulares, Aliengo destaca por su agilidad y resistencia. Capaz de realizar movimientos complejos como correr r\u00e1pido, rodar y superar obst\u00e1culos, Aliengo utiliza una serie de sensores de alta precisi\u00f3n para mantener la estabilidad y la velocidad incluso en superficies dif\u00edciles.<\/p>\n<p>El robot, con una velocidad superior a 1,5 m\/s, es adecuado para numerosas aplicaciones, desde la vigilancia hasta la asistencia en operaciones de rescate.<\/p>\n<p>Principales especificaciones t\u00e9cnicas:<\/p>\n<ul>\n<li><strong>Dimensiones<\/strong>: <strong>65 x 31 x 60 cm<\/strong> en posici\u00f3n vertical y <strong>60 x 31 x 15 cm<\/strong> en posici\u00f3n plegada.<\/li>\n<li><strong>Peso<\/strong>: <strong>21,5 kg<\/strong> (\u00b11 kg), sin bater\u00eda.<\/li>\n<li><strong>Material<\/strong>: Construcci\u00f3n robusta, con cables de empalme totalmente integrados y protecci\u00f3n contra ca\u00eddas para una mayor durabilidad.<\/li>\n<li><strong>Carga \u00fatil<\/strong>: Soporta un peso de hasta <strong>13 kg<\/strong>.<\/li>\n<li><strong>Autonom\u00eda<\/strong>: <strong>2,5 - 4,6 horas<\/strong>variable en funci\u00f3n del uso y las condiciones.<\/li>\n<li><strong>Velocidad m\u00e1xima<\/strong>: M\u00e1s all\u00e1 <strong>1,5 m\/s<\/strong>adaptables a las condiciones de marcha y carrera.<\/li>\n<li><strong>Capacidad de escalada<\/strong>Puede soportar pendientes de hasta <strong>25\u00b0<\/strong>.<\/li>\n<li><strong>Sistema operativo<\/strong>Sistema en tiempo real Ubuntu para el control del movimiento y Ubuntu-ROS para la detecci\u00f3n del entorno.<\/li>\n<li><strong>Bater\u00eda<\/strong>: <strong>12600 mAh<\/strong> para operaciones prolongadas.<\/li>\n<li><strong>Sensores<\/strong>C\u00e1maras de profundidad (2), c\u00e1mara cuentakil\u00f3metros, sensores LiDAR (opcionales) y cuatro sensores de pie para retroalimentaci\u00f3n h\u00e1ptica.<\/li>\n<li><strong>Grados de libertad<\/strong>12 motores para movimientos suaves y control preciso de cada extremidad.<\/li>\n<li><strong>Interfaces<\/strong>Ethernet (2), USB 3.0 (2), USB 2.0 (1) y un puerto 485 para conectividad e integraci\u00f3n con m\u00f3dulos externos.<\/li>\n<li><strong>Potencia<\/strong>Disponible en 5V, 12V, 19V y 24V a 30V (BAT).<\/li>\n<li><strong>Sistema de alarma<\/strong>Incluye alarmas de baja tensi\u00f3n, sobretemperatura, cortocircuito y sobrecarga, que garantizan la seguridad en todas las situaciones de funcionamiento.<\/li>\n<\/ul>\n<p>&nbsp;<\/p>\n<p>Gracias a su dise\u00f1o vers\u00e1til y de alta tecnolog\u00eda, <strong>AlienGo Unitree<\/strong>\u00a0es capaz de adaptarse a diversos campos de aplicaci\u00f3n, manteniendo la eficacia y la fiabilidad incluso en condiciones complejas.<\/div>\n<p><!-- .vgblk-rw-wrapper --><\/p>","protected":false},"excerpt":{"rendered":"<p>L'<strong>AlienGo Unitree<\/strong>\u00a0es un robot cuadr\u00fapedo dise\u00f1ado para operaciones complejas, que se distingue por su capacidad para realizar movimientos avanzados y estables en diversos tipos de terreno.  Es ideal para operaciones industriales, de vigilancia y en entornos dif\u00edciles gracias a un avanzado sistema de visi\u00f3n profunda, sensores de detecci\u00f3n del entorno y un control preciso del motor. Presenta una larga vida \u00fatil y una amplia gama de interfaces de comunicaci\u00f3n, que permiten la personalizaci\u00f3n y la integraci\u00f3n de m\u00f3dulos externos como c\u00e1maras, sistemas LiDAR y GPS.<\/p>","protected":false},"featured_media":1013981,"template":"","meta":[],"pwb-brand":[585],"product_brand":[],"product_cat":[276],"product_tag":[],"class_list":{"0":"post-1013975","1":"product","2":"type-product","3":"status-publish","4":"has-post-thumbnail","6":"pwb-brand-unitree","7":"product_cat-robot-quadrupedi","9":"first","10":"instock","11":"shipping-taxable","12":"product-type-simple"},"brands":[{"id":585,"name":"Unitree","slug":"unitree"}],"_links":{"self":[{"href":"https:\/\/store.todsystem.com\/es\/wp-json\/wp\/v2\/product\/1013975","targetHints":{"allow":["GET"]}}],"collection":[{"href":"https:\/\/store.todsystem.com\/es\/wp-json\/wp\/v2\/product"}],"about":[{"href":"https:\/\/store.todsystem.com\/es\/wp-json\/wp\/v2\/types\/product"}],"version-history":[{"count":4,"href":"https:\/\/store.todsystem.com\/es\/wp-json\/wp\/v2\/product\/1013975\/revisions"}],"predecessor-version":[{"id":1018299,"href":"https:\/\/store.todsystem.com\/es\/wp-json\/wp\/v2\/product\/1013975\/revisions\/1018299"}],"wp:featuredmedia":[{"embeddable":true,"href":"https:\/\/store.todsystem.com\/es\/wp-json\/wp\/v2\/media\/1013981"}],"wp:attachment":[{"href":"https:\/\/store.todsystem.com\/es\/wp-json\/wp\/v2\/media?parent=1013975"}],"wp:term":[{"taxonomy":"pwb-brand","embeddable":true,"href":"https:\/\/store.todsystem.com\/es\/wp-json\/wp\/v2\/pwb-brand?post=1013975"},{"taxonomy":"product_brand","embeddable":true,"href":"https:\/\/store.todsystem.com\/es\/wp-json\/wp\/v2\/product_brand?post=1013975"},{"taxonomy":"product_cat","embeddable":true,"href":"https:\/\/store.todsystem.com\/es\/wp-json\/wp\/v2\/product_cat?post=1013975"},{"taxonomy":"product_tag","embeddable":true,"href":"https:\/\/store.todsystem.com\/es\/wp-json\/wp\/v2\/product_tag?post=1013975"}],"curies":[{"name":"wp","href":"https:\/\/api.w.org\/{rel}","templated":true}]}}