{"id":1013962,"date":"2024-11-04T09:26:04","date_gmt":"2024-11-04T09:26:04","guid":{"rendered":"https:\/\/store.todsystem.com\/?post_type=product&#038;p=1013962"},"modified":"2025-07-11T07:36:15","modified_gmt":"2025-07-11T07:36:15","slug":"unitree-b2","status":"publish","type":"product","link":"https:\/\/store.todsystem.com\/es\/producto\/unitree-b2\/","title":{"rendered":"Unitree B2"},"content":{"rendered":"<div class=\"vgblk-rw-wrapper limit-wrapper\"><strong>Unitree B2<\/strong> es un robot cuadr\u00fapedo de \u00faltima generaci\u00f3n dise\u00f1ado para superar los l\u00edmites de las operaciones industriales. Su innovadora adaptabilidad y su alto rendimiento hacen del B2 un compa\u00f1ero ideal para misiones en entornos complejos, garantizando estabilidad y fiabilidad incluso en condiciones adversas.<\/p>\n<p><strong>Principales caracter\u00edsticas t\u00e9cnicas:<\/strong><\/p>\n<ul>\n<li><strong>Dimensiones (en posici\u00f3n de pie):<\/strong> \u2248 1098 mm (alto) x 450 mm (ancho) x 645 mm (largo)<\/li>\n<li><strong>Dimensiones (en dec\u00fabito prono):<\/strong> \u2248 880 mm (largo) x 460 mm (ancho) x 330 mm (alto)<\/li>\n<li><strong>Peso:<\/strong> \u2248 60 kg (bater\u00eda incluida)<\/li>\n<li><strong>Tensi\u00f3n:<\/strong> 58 V<\/li>\n<li><strong>Capacidad de la bater\u00eda:<\/strong> 45 Ah (2250 Wh)<\/li>\n<\/ul>\n<p><strong>Rendimiento del movimiento:<\/strong><\/p>\n<ul>\n<li><strong>Velocidad m\u00e1xima:<\/strong> &gt; 6 m\/s<\/li>\n<li><strong>Par m\u00e1ximo de uni\u00f3n:<\/strong> aprox. 360 N-m<\/li>\n<li><strong>Carga m\u00e1xima en posici\u00f3n de pie:<\/strong> 120 kg<\/li>\n<li><strong>Carga continua durante la marcha:<\/strong> &gt; 40 kg<\/li>\n<li><strong>Resistencia:<\/strong>\n<ul>\n<li>Marcha sin carga: &gt; 5 horas, con una autonom\u00eda de m\u00e1s de 20 km<\/li>\n<li>Caminar con una carga de 20 kg: &gt; 4 horas, con una autonom\u00eda de m\u00e1s de 15 km.<\/li>\n<\/ul>\n<\/li>\n<\/ul>\n<p><strong>Capacidad para superar obst\u00e1culos:<\/strong><\/p>\n<ul>\n<li><strong>Altura m\u00e1xima de los obst\u00e1culos:<\/strong> hasta 40 cm<\/li>\n<li><strong>\u00c1ngulo de ascenso:<\/strong> &gt; 45\u00b0<\/li>\n<li><strong>Capacidad de ascenso continuo:<\/strong> Escaleras de 20-25 cm<\/li>\n<\/ul>\n<p><strong>Dise\u00f1o y funcionalidad avanzados:<\/strong><\/p>\n<ul>\n<li><strong>Forma h\u00edbrida:<\/strong> Innovador cambio entre modo cuadr\u00fapedo y sobre ruedas (opcional).<\/li>\n<li><strong>Autonom\u00eda de carga:<\/strong> Admite soluciones de carga aut\u00f3noma y bater\u00edas de cambio r\u00e1pido.<\/li>\n<li><strong>Superficie protectora:<\/strong> Protecci\u00f3n IP67, que garantiza la resistencia al agua y al polvo.<\/li>\n<\/ul>\n<p><strong>Compone<span style=\"color: var(--vamtam-h4-color); letter-spacing: var(--vamtam-h4-letter-spacing-desktop,normal); text-transform: var(--vamtam-h4-transform,none);\">Control y\u00a0<\/span>Percepci\u00f3n<span style=\"color: var(--vamtam-h4-color); letter-spacing: var(--vamtam-h4-letter-spacing-desktop,normal); text-transform: var(--vamtam-h4-transform,none);\">:<\/span><\/strong><\/p>\n<ul>\n<li><strong>Configuraci\u00f3n est\u00e1ndar:<\/strong> Intel Core i5 para la funcionalidad de la plataforma; Intel Core i7 para el desarrollo del usuario.<\/li>\n<li><strong>Configuraci\u00f3n opcional:<\/strong> Intel Core i7 y Jetson Orin NX (hasta 3 dispositivos).<\/li>\n<li><strong>Sensores:<\/strong> Equipado con LiDAR 3D, c\u00e1maras de profundidad y \u00f3ptica para una percepci\u00f3n avanzada del entorno.<\/li>\n<\/ul>\n<p><strong>Interfaces externas:<\/strong><\/p>\n<ul>\n<li><strong>Red:<\/strong> 1000M-Base-Ethernet \u00d7 4<\/li>\n<li><strong>USB:<\/strong> 4 puertos USB 3.0<\/li>\n<li><strong>Fuente de alimentaci\u00f3n:<\/strong> 12V \u00d7 4, 5V \u00d7 1, 24V \u00d7 4, BAT \u00d7 1<\/li>\n<\/ul>\n<\/div>\n<p><!-- .vgblk-rw-wrapper --><\/p>","protected":false},"excerpt":{"rendered":"<p><strong>Unitree B2<\/strong> es el robot cuadr\u00fapedo industrial m\u00e1s r\u00e1pido del mundo, capaz de alcanzar velocidades superiores a 6 m\/s. Dise\u00f1ado para enfrentarse a una amplia gama de entornos, el B2 ofrece una excelente adaptabilidad al terreno y una extraordinaria estabilidad al subir escaleras y cruzar obst\u00e1culos. Con una carga m\u00e1xima de 120 kg y una impresionante autonom\u00eda, es una soluci\u00f3n ideal para operaciones industriales avanzadas.<\/p>","protected":false},"featured_media":1013965,"template":"","meta":[],"pwb-brand":[585],"product_brand":[],"product_cat":[276],"product_tag":[],"class_list":{"0":"post-1013962","1":"product","2":"type-product","3":"status-publish","4":"has-post-thumbnail","6":"pwb-brand-unitree","7":"product_cat-robot-quadrupedi","9":"first","10":"instock","11":"shipping-taxable","12":"product-type-simple"},"brands":[{"id":585,"name":"Unitree","slug":"unitree"}],"_links":{"self":[{"href":"https:\/\/store.todsystem.com\/es\/wp-json\/wp\/v2\/product\/1013962","targetHints":{"allow":["GET"]}}],"collection":[{"href":"https:\/\/store.todsystem.com\/es\/wp-json\/wp\/v2\/product"}],"about":[{"href":"https:\/\/store.todsystem.com\/es\/wp-json\/wp\/v2\/types\/product"}],"version-history":[{"count":6,"href":"https:\/\/store.todsystem.com\/es\/wp-json\/wp\/v2\/product\/1013962\/revisions"}],"predecessor-version":[{"id":1018283,"href":"https:\/\/store.todsystem.com\/es\/wp-json\/wp\/v2\/product\/1013962\/revisions\/1018283"}],"wp:featuredmedia":[{"embeddable":true,"href":"https:\/\/store.todsystem.com\/es\/wp-json\/wp\/v2\/media\/1013965"}],"wp:attachment":[{"href":"https:\/\/store.todsystem.com\/es\/wp-json\/wp\/v2\/media?parent=1013962"}],"wp:term":[{"taxonomy":"pwb-brand","embeddable":true,"href":"https:\/\/store.todsystem.com\/es\/wp-json\/wp\/v2\/pwb-brand?post=1013962"},{"taxonomy":"product_brand","embeddable":true,"href":"https:\/\/store.todsystem.com\/es\/wp-json\/wp\/v2\/product_brand?post=1013962"},{"taxonomy":"product_cat","embeddable":true,"href":"https:\/\/store.todsystem.com\/es\/wp-json\/wp\/v2\/product_cat?post=1013962"},{"taxonomy":"product_tag","embeddable":true,"href":"https:\/\/store.todsystem.com\/es\/wp-json\/wp\/v2\/product_tag?post=1013962"}],"curies":[{"name":"wp","href":"https:\/\/api.w.org\/{rel}","templated":true}]}}