{"id":1013934,"date":"2024-10-31T15:48:29","date_gmt":"2024-10-31T15:48:29","guid":{"rendered":"https:\/\/store.todsystem.com\/?post_type=product&#038;p=1013934"},"modified":"2025-07-29T10:19:48","modified_gmt":"2025-07-29T10:19:48","slug":"unitree-go1","status":"publish","type":"product","link":"https:\/\/store.todsystem.com\/es\/producto\/unitree-go1\/","title":{"rendered":"Unitree Go1  Robot quadrupede"},"content":{"rendered":"<div class=\"vgblk-rw-wrapper limit-wrapper\">L'<strong>Unitree Go1<\/strong> es un robot cuadr\u00fapedo desarrollado para apoyar actividades aut\u00f3nomas de investigaci\u00f3n y desarrollo, interacci\u00f3n humano-robot (HRI), transporte y cartograf\u00eda (SLAM). Equipado con un sistema motorizado y una estructura muy estable, el Go1 es capaz de desplazarse por terrenos complejos con agilidad y velocidad. Su dise\u00f1o vers\u00e1til y los numerosos accesorios disponibles (incluidos LiDAR 3D y otros sensores) lo hacen id\u00f3neo para aplicaciones en entornos acad\u00e9micos, industriales y de exploraci\u00f3n.<\/p>\n<p>Con un peso aproximado de 12 kg (bater\u00eda incluida) y unas dimensiones compactas (645 mm x 280 mm x 400 mm), el Go1 puede alcanzar una velocidad m\u00e1xima de 3,7 m\/s (aproximadamente 13,3 km\/h), seg\u00fan la versi\u00f3n. La autonom\u00eda de funcionamiento es de hasta 2,5 horas, con una bater\u00eda dise\u00f1ada para un equilibrio \u00f3ptimo entre potencia y durabilidad.<\/p>\n<p>Principales especificaciones t\u00e9cnicas<\/p>\n<ul>\n<li><strong>Grados de libertad (DOF)<\/strong>: 12<\/li>\n<li><strong>Velocidad m\u00e1xima<\/strong>2,5 - 3,7 m\/s (seg\u00fan versi\u00f3n)<\/li>\n<li><strong>Autonom\u00eda<\/strong>1-2,5 horas, seg\u00fan la aplicaci\u00f3n y el suelo<\/li>\n<li><strong>Carga \u00fatil<\/strong>3 a 5 kg<\/li>\n<li><strong>Motores<\/strong>par motor principal 23,7 Nm y par \"rodilla\" 35,55 Nm<\/li>\n<li><strong>Sensores adicionales<\/strong>Compatibilidad con LiDAR 3D, c\u00e1maras HD y ultrasonidos<\/li>\n<\/ul>\n<p>Versiones:<\/p>\n<p>1. Go1 Air<\/p>\n<p>En <strong>Go1 Air<\/strong> es la versi\u00f3n b\u00e1sica de la serie Go1, adecuada para aplicaciones ligeras y para quienes buscan una soluci\u00f3n m\u00e1s asequible.<\/p>\n<ul>\n<li><strong>Sensores<\/strong>equipado con 1 sistema \"Super Sensory\" y 3 sensores ultras\u00f3nicos para percibir el entorno.<\/li>\n<li><strong>Procesador<\/strong>Utiliza un \u00fanico procesador (4\u00d71,43 GHz, 128 n\u00facleos) para el control en tiempo real y el procesamiento de datos.<\/li>\n<li><strong>Velocidad m\u00e1xima<\/strong>hasta 2,5 m\/s, adecuado para actividades de patrulla o exploraci\u00f3n.<\/li>\n<li><strong>Carga \u00fatil<\/strong>unos 3 kg.<\/li>\n<li><strong>Otras caracter\u00edsticas<\/strong>: incluye la funci\u00f3n \"Intelligent Side-follow System 1\" para seguir al usuario lateralmente y el adaptador de 24 V y 4 A.<\/li>\n<\/ul>\n<p>2. Go1 Pro<\/p>\n<p>En <strong>Go1 Pro<\/strong> representa una versi\u00f3n intermedia, con especificaciones mejoradas para aplicaciones m\u00e1s complejas.<\/p>\n<ul>\n<li><strong>Sensores<\/strong>Incluye 5 sistemas \"supersensoriales\" y 3 sensores ultras\u00f3nicos para una percepci\u00f3n avanzada del entorno.<\/li>\n<li><strong>Procesador<\/strong>Tiene 3 procesadores (4\u00d71,43 GHz, 128 n\u00facleos) para una mayor potencia de c\u00e1lculo.<\/li>\n<li><strong>Velocidad m\u00e1xima<\/strong>hasta 3,5 m\/s, lo que la hace m\u00e1s \u00e1gil para tareas din\u00e1micas.<\/li>\n<li><strong>Carga \u00fatil<\/strong>unos 3 kg.<\/li>\n<li><strong>Otras caracter\u00edsticas<\/strong>Incluye el sistema de transmisi\u00f3n RTT 1, refrigeraci\u00f3n por tubo de calor y conexi\u00f3n Wi-Fi para actualizaciones de software v\u00eda OTA (Over-The-Air).<\/li>\n<\/ul>\n<p>3. Go1 Edu<\/p>\n<p>En <strong>Go1 Edu<\/strong> es el modelo m\u00e1s avanzado, dise\u00f1ado para investigaci\u00f3n, desarrollo y uso educativo.<\/p>\n<ul>\n<li><strong>Sensores<\/strong>equipado con 5 sistemas \"Super Sensory\" y 4 sensores ultras\u00f3nicos, con capacidad de percepci\u00f3n 2D o 3D (incluido LiDAR para cartograf\u00eda 3D).<\/li>\n<li><strong>Procesador<\/strong>utiliza un m\u00f3dulo con hasta 3 nanoprocesadores, con opciones de 2 Nano o 2 Nx, lo que mejora notablemente la capacidad de procesamiento.<\/li>\n<li><strong>Velocidad m\u00e1xima<\/strong>hasta 3,7 m\/s, ideal para tareas de b\u00fasqueda que requieran velocidad y precisi\u00f3n.<\/li>\n<li><strong>Carga \u00fatil<\/strong>de hasta 5 kg, por lo que puede transportar equipos de detecci\u00f3n o dispositivos de medici\u00f3n.<\/li>\n<li><strong>Caracter\u00edsticas adicionales<\/strong>Incluye API para programaci\u00f3n de b\u00fasquedas, reconocimiento humano (HAI), visualizaci\u00f3n descendente mediante app y opciones avanzadas de conectividad (4G o 5G). Go1 Edu tambi\u00e9n cuenta con una interfaz de expansi\u00f3n multifuncional y sensores de fuerza.<\/li>\n<\/ul>\n<p>El Unitree Go1, en sus variantes Air, Pro y Edu, representa una soluci\u00f3n vers\u00e1til y altamente personalizable en el campo de la rob\u00f3tica cuadr\u00fapeda. Cada versi\u00f3n ofrece una combinaci\u00f3n de sensores, procesadores y especificaciones para satisfacer diferentes necesidades, desde la vigilancia y el transporte hasta la investigaci\u00f3n y el desarrollo avanzados. Gracias a sus altas prestaciones, facilidad de control y numerosas herramientas de desarrollo disponibles, la serie Go1 es ideal para acad\u00e9micos, investigadores y profesionales que necesiten un robot cuadr\u00fapedo fiable e innovador.<\/p><\/div>\n<p><!-- .vgblk-rw-wrapper --><\/p>","protected":false},"excerpt":{"rendered":"<p><a href=\"https:\/\/store.todsystem.com\/es\/marca\/unitree\/\">Unitree<\/a> Go1 Quadrupede<\/p>\n<ul>\n<li>DOF: 12<\/li>\n<li>Payload: 3-5 kg<\/li>\n<li>645*280*400mm<\/li>\n<li>Velocit\u00e0: 2,5 &#8211; 3,5m\/s<\/li>\n<li>Tempo di funzionamento: 1-2,5h (a seconda dell&#8217;applicazione)<\/li>\n<li>Peso (con batteria): 12Kg\u00b11 &#8211; 1,5Kg<\/li>\n<\/ul>","protected":false},"featured_media":1016017,"template":"","meta":[],"pwb-brand":[585],"product_brand":[],"product_cat":[276],"product_tag":[],"class_list":{"0":"post-1013934","1":"product","2":"type-product","3":"status-publish","4":"has-post-thumbnail","6":"pwb-brand-unitree","7":"product_cat-robot-quadrupedi","9":"first","10":"instock","11":"shipping-taxable","12":"product-type-simple"},"brands":[{"id":585,"name":"Unitree","slug":"unitree"}],"_links":{"self":[{"href":"https:\/\/store.todsystem.com\/es\/wp-json\/wp\/v2\/product\/1013934","targetHints":{"allow":["GET"]}}],"collection":[{"href":"https:\/\/store.todsystem.com\/es\/wp-json\/wp\/v2\/product"}],"about":[{"href":"https:\/\/store.todsystem.com\/es\/wp-json\/wp\/v2\/types\/product"}],"version-history":[{"count":9,"href":"https:\/\/store.todsystem.com\/es\/wp-json\/wp\/v2\/product\/1013934\/revisions"}],"predecessor-version":[{"id":1015205,"href":"https:\/\/store.todsystem.com\/es\/wp-json\/wp\/v2\/product\/1013934\/revisions\/1015205"}],"wp:featuredmedia":[{"embeddable":true,"href":"https:\/\/store.todsystem.com\/es\/wp-json\/wp\/v2\/media\/1016017"}],"wp:attachment":[{"href":"https:\/\/store.todsystem.com\/es\/wp-json\/wp\/v2\/media?parent=1013934"}],"wp:term":[{"taxonomy":"pwb-brand","embeddable":true,"href":"https:\/\/store.todsystem.com\/es\/wp-json\/wp\/v2\/pwb-brand?post=1013934"},{"taxonomy":"product_brand","embeddable":true,"href":"https:\/\/store.todsystem.com\/es\/wp-json\/wp\/v2\/product_brand?post=1013934"},{"taxonomy":"product_cat","embeddable":true,"href":"https:\/\/store.todsystem.com\/es\/wp-json\/wp\/v2\/product_cat?post=1013934"},{"taxonomy":"product_tag","embeddable":true,"href":"https:\/\/store.todsystem.com\/es\/wp-json\/wp\/v2\/product_tag?post=1013934"}],"curies":[{"name":"wp","href":"https:\/\/api.w.org\/{rel}","templated":true}]}}