{"id":1013911,"date":"2024-10-31T15:24:00","date_gmt":"2024-10-31T15:24:00","guid":{"rendered":"https:\/\/store.todsystem.com\/?post_type=product&#038;p=1013911"},"modified":"2025-10-06T15:34:02","modified_gmt":"2025-10-06T15:34:02","slug":"unitree-go2-w","status":"publish","type":"product","link":"https:\/\/store.todsystem.com\/es\/producto\/unitree-go2-w\/","title":{"rendered":"Unitree Go2-W"},"content":{"rendered":"<div class=\"vgblk-rw-wrapper limit-wrapper\">L'<strong>Unitree Go2-W<\/strong> es un avanzado robot cuadr\u00fapedo con ruedas integradas, dise\u00f1ado para combinar la flexibilidad y agilidad de los robots cuadr\u00fapedos con la velocidad y eficacia de los veh\u00edculos con ruedas. Esta configuraci\u00f3n h\u00edbrida hace que el Go2-W sea especialmente adecuado tanto para superficies planas como para terrenos m\u00e1s complejos, adapt\u00e1ndose autom\u00e1ticamente a las condiciones del terreno.<\/p>\n<p>Especificaciones t\u00e9cnicas<\/p>\n<ul>\n<li><strong>Dimensiones en posici\u00f3n vertical<\/strong>70 cm (alto) x 43 cm (ancho) x 50 cm (largo)<\/li>\n<li><strong>Peso<\/strong>: aprox. 18 kg (con bater\u00eda)<\/li>\n<li><strong>Tensi\u00f3n<\/strong>: 33.6 V<\/li>\n<\/ul>\n<p>Movimiento Rendimiento<\/p>\n<ul>\n<li><strong>Carga m\u00e1xima<\/strong>3 kg, adecuado para transporte ligero y tareas de inspecci\u00f3n<\/li>\n<li><strong>Velocidad m\u00e1xima<\/strong>hasta 2,5 m\/s sobre ruedas<\/li>\n<li><strong>Diferencia de altura m\u00e1xima superable<\/strong>hasta 70 cm, gracias a la combinaci\u00f3n de patas y ruedas<\/li>\n<li><strong>Inclinaci\u00f3n m\u00e1xima<\/strong>hasta 35<\/li>\n<\/ul>\n<p>Componentes de procesamiento<\/p>\n<p>El Go2-W est\u00e1 equipado con un procesador <strong>octa-core<\/strong> de alto rendimiento, ideal para procesar los datos de los sensores y respaldar las capacidades avanzadas de navegaci\u00f3n aut\u00f3noma. El robot admite un m\u00f3dulo de expansi\u00f3n con una capacidad de c\u00e1lculo de 100 TOPS, como el<strong>NVIDIA Orin NX<\/strong>que permite ejecutar complejos algoritmos de inteligencia artificial para tareas de percepci\u00f3n e interacci\u00f3n.<\/p>\n<p>Caracter\u00edsticas distintivas<\/p>\n<ol>\n<li><strong>Sensores avanzados<\/strong>Equipado con <strong>LiDAR 4D<\/strong> y c\u00e1maras HD gran angular, el Go2-W puede construir un mapa detallado de su entorno con una cobertura hemisf\u00e9rica de 360\u00b0 x 90\u00b0. Esto le permite evitar obst\u00e1culos y navegar de forma aut\u00f3noma incluso en entornos complejos.<\/li>\n<li><strong>Iluminaci\u00f3n frontal<\/strong>: Equipado con faros para misiones en condiciones de poca luz, lo que aumenta la seguridad y la capacidad operativa de noche.<\/li>\n<li><strong>Conectividad inal\u00e1mbrica<\/strong>Compatible con Wi-Fi 6, 4G y Bluetooth, ofrece una conexi\u00f3n estable para control remoto y actualizaciones OTA (Over-The-Air), lo que garantiza una f\u00e1cil actualizaci\u00f3n de las funciones de software.<\/li>\n<li><strong>Funci\u00f3n de voz<\/strong>El Go2-W est\u00e1 equipado con una funci\u00f3n de interacci\u00f3n por voz que permite el control por comandos de voz y la interacci\u00f3n intuitiva con el operador.<\/li>\n<li><strong>Desarrollo secundario<\/strong>Dise\u00f1ado para la investigaci\u00f3n y la educaci\u00f3n, el Go2-W est\u00e1 abierto a la personalizaci\u00f3n y ofrece soporte para el desarrollo secundario, adapt\u00e1ndose a m\u00faltiples aplicaciones profesionales.<\/li>\n<\/ol>\n<p>Autonom\u00eda y carga<\/p>\n<ul>\n<li><strong>Capacidad de la bater\u00eda<\/strong>15.000 mAh, con una autonom\u00eda de unas 3-4 horas en funci\u00f3n del uso y el terreno.<\/li>\n<li><strong>Recarga r\u00e1pida<\/strong>El sistema admite una carga de 33,6 V y 9 A, lo que reduce el tiempo de inactividad.<\/li>\n<\/ul>\n<p>Accesorios y garant\u00eda<\/p>\n<ul>\n<li><strong>M\u00f3dulo de ampliaci\u00f3n<\/strong>compatible con el m\u00f3dulo NVIDIA Orin NX de 100 TOPS para aplicaciones avanzadas de inteligencia artificial.<\/li>\n<li><strong>Garant\u00eda<\/strong>12 meses de cobertura est\u00e1ndar.<\/li>\n<\/ul>\n<p>Estas caracter\u00edsticas hacen que el Go2-W sea ideal para misiones que requieren adaptabilidad y un rendimiento fiable en entornos mixtos. Con ruedas de 7 pulgadas y la posibilidad de cambiar r\u00e1pidamente entre los modos cuadr\u00fapedo y sobre ruedas, el Go2-W es una soluci\u00f3n innovadora para la automatizaci\u00f3n y la rob\u00f3tica m\u00f3vil.<\/p>\n<p>&nbsp;<\/p>\n<p class=\"relative inline-flex items-center\">\n<\/div>\n<p><!-- .vgblk-rw-wrapper --><\/p>","protected":false},"excerpt":{"rendered":"<p>L'<strong>Unitree Go2-W<\/strong> es un avanzado robot cuadr\u00fapedo con ruedas integradas, que combina la agilidad de sus patas con la velocidad de sus ruedas para operar en diversos tipos de terreno. Equipado con sensores avanzados como LiDAR 4D y c\u00e1maras HD, navega de forma aut\u00f3noma y segura, evitando obst\u00e1culos. Con una bater\u00eda de 15.000 mAh y carga r\u00e1pida, puede funcionar hasta 4 horas. Tambi\u00e9n admite interacci\u00f3n por voz, as\u00ed como conectividad Wi-Fi, 4G y Bluetooth, por lo que es ideal para aplicaciones en entornos complejos y para operaciones de larga duraci\u00f3n<\/p>\n<div class=\"relative inline-flex items-center\"><\/div>","protected":false},"featured_media":1013928,"template":"","meta":[],"pwb-brand":[585],"product_brand":[],"product_cat":[276],"product_tag":[],"class_list":{"0":"post-1013911","1":"product","2":"type-product","3":"status-publish","4":"has-post-thumbnail","6":"pwb-brand-unitree","7":"product_cat-robot-quadrupedi","9":"first","10":"instock","11":"shipping-taxable","12":"product-type-simple"},"brands":[{"id":585,"name":"Unitree","slug":"unitree"}],"_links":{"self":[{"href":"https:\/\/store.todsystem.com\/es\/wp-json\/wp\/v2\/product\/1013911","targetHints":{"allow":["GET"]}}],"collection":[{"href":"https:\/\/store.todsystem.com\/es\/wp-json\/wp\/v2\/product"}],"about":[{"href":"https:\/\/store.todsystem.com\/es\/wp-json\/wp\/v2\/types\/product"}],"version-history":[{"count":4,"href":"https:\/\/store.todsystem.com\/es\/wp-json\/wp\/v2\/product\/1013911\/revisions"}],"predecessor-version":[{"id":1018310,"href":"https:\/\/store.todsystem.com\/es\/wp-json\/wp\/v2\/product\/1013911\/revisions\/1018310"}],"wp:featuredmedia":[{"embeddable":true,"href":"https:\/\/store.todsystem.com\/es\/wp-json\/wp\/v2\/media\/1013928"}],"wp:attachment":[{"href":"https:\/\/store.todsystem.com\/es\/wp-json\/wp\/v2\/media?parent=1013911"}],"wp:term":[{"taxonomy":"pwb-brand","embeddable":true,"href":"https:\/\/store.todsystem.com\/es\/wp-json\/wp\/v2\/pwb-brand?post=1013911"},{"taxonomy":"product_brand","embeddable":true,"href":"https:\/\/store.todsystem.com\/es\/wp-json\/wp\/v2\/product_brand?post=1013911"},{"taxonomy":"product_cat","embeddable":true,"href":"https:\/\/store.todsystem.com\/es\/wp-json\/wp\/v2\/product_cat?post=1013911"},{"taxonomy":"product_tag","embeddable":true,"href":"https:\/\/store.todsystem.com\/es\/wp-json\/wp\/v2\/product_tag?post=1013911"}],"curies":[{"name":"wp","href":"https:\/\/api.w.org\/{rel}","templated":true}]}}