{"id":1013863,"date":"2024-10-31T14:26:59","date_gmt":"2024-10-31T14:26:59","guid":{"rendered":"https:\/\/store.todsystem.com\/?post_type=product&#038;p=1013863"},"modified":"2025-07-11T07:50:05","modified_gmt":"2025-07-11T07:50:05","slug":"unitree-go2","status":"publish","type":"product","link":"https:\/\/store.todsystem.com\/es\/producto\/unitree-go2\/","title":{"rendered":"Unitree Go2"},"content":{"rendered":"<div class=\"vgblk-rw-wrapper limit-wrapper\">L'<strong>Unitree Go2<\/strong> se distingue por su combinaci\u00f3n de inteligencia artificial, capacidades de cartograf\u00eda 3D y gran movilidad. Con un sistema de detecci\u00f3n LiDAR de 360\u00b0 y tecnolog\u00eda ISS 2.0, mejora enormemente la precisi\u00f3n de posicionamiento y evita obst\u00e1culos con eficacia. Su capacidad cartogr\u00e1fica basada en app permite al usuario establecer rutas aut\u00f3nomas o controlarlo a distancia en una amplia zona, incluso hasta 30 metros. Adem\u00e1s, el sistema OTA permite actualizaciones constantes para nuevas funciones y mejoras.<\/p>\n<p>Especificaciones t\u00e9cnicas<\/p>\n<ul>\n<li><strong>Dimensiones<\/strong>610 mm x 370 mm x 503 mm<\/li>\n<li><strong>Peso<\/strong>13,7 kg con bater\u00eda<\/li>\n<li><strong>Autonom\u00eda<\/strong>1,5 - 2 horas de funcionamiento, con posibilidad de recorrer hasta 2,7 km<\/li>\n<li><strong>Carga m\u00e1xima<\/strong>5 kg<\/li>\n<li><strong>Inclinaci\u00f3n superable<\/strong>: 40\u00b0<\/li>\n<li><strong>Altura de escal\u00f3n superable<\/strong>15 cm<\/li>\n<li><strong>Velocidad m\u00e1xima<\/strong>hasta 3,5 m\/s<\/li>\n<li><strong>Conectividad<\/strong>Wi-Fi6, Bluetooth, 4G<\/li>\n<\/ul>\n<p>El Go2 est\u00e1 equipado con un avanzado sistema de reconocimiento LiDAR que permite una visi\u00f3n de 360\u00b0 x 90\u00b0, lo que reduce significativamente los \u00e1ngulos muertos. La plataforma ISS 2.0 hace que la navegaci\u00f3n sea m\u00e1s estable, y la app de control ofrece opciones avanzadas como la detecci\u00f3n de objetos y la navegaci\u00f3n autom\u00e1tica. Adem\u00e1s, la robusta construcci\u00f3n del Go2-W con neum\u00e1ticos de 7 pulgadas ofrece rendimiento incluso en terrenos dif\u00edciles y condiciones meteorol\u00f3gicas cambiantes.<\/p>\n<p><strong>Versiones disponibles<\/strong><\/p>\n<ol>\n<li><strong>Go2 AIR<\/strong>Se trata de la versi\u00f3n b\u00e1sica del modelo Go2, dise\u00f1ada para ofrecer movimiento esencial y acciones aut\u00f3nomas, con conectividad Wi-Fi 6 y Bluetooth. Ideal para aplicaciones ligeras, mantiene un buen equilibrio entre prestaciones y precio.<\/li>\n<li><strong>Go2 PRO<\/strong>La versi\u00f3n de gama media est\u00e1 equipada con funciones avanzadas como resaltado inteligente de obst\u00e1culos, seguimiento lateral y transmisi\u00f3n de im\u00e1genes 4G. Tambi\u00e9n incluye un cintur\u00f3n autom\u00e1tico y soporte para interacci\u00f3n por voz, lo que la hace ideal para operaciones m\u00e1s complejas y aplicaciones que requieren mayor autonom\u00eda e interactividad.<\/li>\n<li><strong>Go2 EDU<\/strong>Dise\u00f1ada espec\u00edficamente para la investigaci\u00f3n y la ense\u00f1anza, esta versi\u00f3n ofrece todas las caracter\u00edsticas del modelo PRO, pero a\u00f1ade un sensor de fuerza y capacidad de desarrollo secundaria, lo que permite a los usuarios personalizar y programar funciones avanzadas. Es la opci\u00f3n ideal para universidades, laboratorios de investigaci\u00f3n e institutos que requieren una gran flexibilidad.<\/li>\n<\/ol>\n<p>El Unitree Go2 es un robot cuadr\u00fapedo vers\u00e1til que, en sus tres versiones, cubre una amplia gama de aplicaciones, desde operaciones ligeras hasta investigaci\u00f3n avanzada.<\/p><\/div>\n<p><!-- .vgblk-rw-wrapper --><\/p>","protected":false},"excerpt":{"rendered":"<p>L'<strong>Unitree Go2<\/strong> es un robot cuadr\u00fapedo avanzado dise\u00f1ado para operaciones aut\u00f3nomas y complejas. Gracias a su sistema de detecci\u00f3n LiDAR 4D, navega por entornos variables y supera obst\u00e1culos, lo que lo hace ideal para aplicaciones de inspecci\u00f3n, investigaci\u00f3n y desarrollo.<\/p>","protected":false},"featured_media":1018296,"template":"","meta":[],"pwb-brand":[585],"product_brand":[],"product_cat":[276],"product_tag":[],"class_list":{"0":"post-1013863","1":"product","2":"type-product","3":"status-publish","4":"has-post-thumbnail","6":"pwb-brand-unitree","7":"product_cat-robot-quadrupedi","9":"first","10":"instock","11":"shipping-taxable","12":"product-type-simple"},"brands":[{"id":585,"name":"Unitree","slug":"unitree"}],"_links":{"self":[{"href":"https:\/\/store.todsystem.com\/es\/wp-json\/wp\/v2\/product\/1013863","targetHints":{"allow":["GET"]}}],"collection":[{"href":"https:\/\/store.todsystem.com\/es\/wp-json\/wp\/v2\/product"}],"about":[{"href":"https:\/\/store.todsystem.com\/es\/wp-json\/wp\/v2\/types\/product"}],"version-history":[{"count":6,"href":"https:\/\/store.todsystem.com\/es\/wp-json\/wp\/v2\/product\/1013863\/revisions"}],"predecessor-version":[{"id":1018286,"href":"https:\/\/store.todsystem.com\/es\/wp-json\/wp\/v2\/product\/1013863\/revisions\/1018286"}],"wp:featuredmedia":[{"embeddable":true,"href":"https:\/\/store.todsystem.com\/es\/wp-json\/wp\/v2\/media\/1018296"}],"wp:attachment":[{"href":"https:\/\/store.todsystem.com\/es\/wp-json\/wp\/v2\/media?parent=1013863"}],"wp:term":[{"taxonomy":"pwb-brand","embeddable":true,"href":"https:\/\/store.todsystem.com\/es\/wp-json\/wp\/v2\/pwb-brand?post=1013863"},{"taxonomy":"product_brand","embeddable":true,"href":"https:\/\/store.todsystem.com\/es\/wp-json\/wp\/v2\/product_brand?post=1013863"},{"taxonomy":"product_cat","embeddable":true,"href":"https:\/\/store.todsystem.com\/es\/wp-json\/wp\/v2\/product_cat?post=1013863"},{"taxonomy":"product_tag","embeddable":true,"href":"https:\/\/store.todsystem.com\/es\/wp-json\/wp\/v2\/product_tag?post=1013863"}],"curies":[{"name":"wp","href":"https:\/\/api.w.org\/{rel}","templated":true}]}}