{"id":1013840,"date":"2024-10-31T09:24:25","date_gmt":"2024-10-31T09:24:25","guid":{"rendered":"https:\/\/store.todsystem.com\/?post_type=product&#038;p=1013840"},"modified":"2025-05-06T16:32:53","modified_gmt":"2025-05-06T16:32:53","slug":"jaka-a-los-18","status":"publish","type":"product","link":"https:\/\/store.todsystem.com\/es\/producto\/jaka-a-los-18\/","title":{"rendered":"JAKA Ai 18"},"content":{"rendered":"<div class=\"vgblk-rw-wrapper limit-wrapper\">\n<p data-start=\"58\" data-end=\"143\">JAKA Ai 18: el robot de automatizaci\u00f3n colaborativa de gran capacidad y rendimiento<\/p>\n<p data-start=\"145\" data-end=\"624\">El JAKA Ai 18 es un robot colaborativo dise\u00f1ado para operaciones industriales que requieren una potencia de carga superior y una precisi\u00f3n excepcional. Con su dise\u00f1o robusto y vers\u00e1til, es ideal para entornos de trabajo de alta intensidad, como el ensamblaje de componentes pesados, la manipulaci\u00f3n de materiales y las operaciones de inspecci\u00f3n. Este robot es una soluci\u00f3n perfecta para mejorar la eficacia operativa y optimizar la productividad en diversas industrias.<\/p>\n<p data-start=\"745\" data-end=\"785\">Principales caracter\u00edsticas t\u00e9cnicas:<\/p>\n<ul data-start=\"786\" data-end=\"1093\">\n<li data-start=\"786\" data-end=\"805\">Peso: 35 kg<\/li>\n<li data-start=\"806\" data-end=\"833\">Carga m\u00e1xima: 18 kg<\/li>\n<li data-start=\"834\" data-end=\"866\">Radio de trabajo: 1073 mm<\/li>\n<li data-start=\"867\" data-end=\"904\">Velocidad lineal m\u00e1xima: 3,5 m\/s<\/li>\n<li data-start=\"905\" data-end=\"1047\">Excursiones conjuntas:\n<ol data-start=\"940\" data-end=\"1047\">\n<li data-start=\"940\" data-end=\"959\">J1: \u00b1360\u00b0<\/li>\n<li data-start=\"940\" data-end=\"959\">J2: -85\u00b0+265\u00b0<\/li>\n<li data-start=\"940\" data-end=\"959\">J3: \u00b1175\u00b0<\/li>\n<li data-start=\"940\" data-end=\"959\">J4: -85\u00b0+265\u00b0<\/li>\n<li data-start=\"940\" data-end=\"959\">J5: \u00b1360\u00b0<\/li>\n<li data-start=\"940\" data-end=\"959\">J6: \u00b1360\u00b0<\/li>\n<\/ol>\n<\/li>\n<li data-start=\"1048\" data-end=\"1093\">Velocidad m\u00e1xima de articulaci\u00f3n: 180\u00b0\/s<\/li>\n<\/ul>\n<p>Rendimiento:<\/p>\n<p>Con una carga m\u00e1xima de 18 kg y un radio de trabajo de 1073 mm, la JAKA Ai 18 es capaz de realizar operaciones complejas, como ensamblaje de componentes pesados y pick-and-place, con un extraordinario nivel de precisi\u00f3n. La repetibilidad de \u00b1 0,03 mm permite realizar tareas de alta calidad incluso en las operaciones m\u00e1s delicadas. Esto la hace ideal para aplicaciones que requieren una gran capacidad de carga y rendimiento.<\/p>\n<p>Maniobrabilidad y estabilidad:<\/p>\n<p>Con un peso de 35 kg, el JAKA Ai 18 est\u00e1 dise\u00f1ado para ofrecer una gran estabilidad incluso durante las operaciones de carga m\u00e1xima. La velocidad lineal de 3,5 m\/s garantiza la eficiencia operativa, reduciendo los tiempos de ciclo, mientras que la estabilidad del robot garantiza que las operaciones se lleven a cabo con precisi\u00f3n y fiabilidad, incluso durante los pasos de trabajo m\u00e1s complejos.<\/p>\n<p>Tecnolog\u00eda y seguridad:<\/p>\n<p>La JAKA Ai 18 est\u00e1 equipada con avanzados sistemas de seguridad que le permiten trabajar en estrecha colaboraci\u00f3n con los operadores con total seguridad. Los sensores integrados supervisan constantemente el entorno y ajustan la velocidad y los movimientos para evitar posibles accidentes. La programaci\u00f3n es sencilla e intuitiva gracias a la interfaz de pantalla t\u00e1ctil de f\u00e1cil manejo y a la compatibilidad con lenguajes de programaci\u00f3n como Blockly, que facilita la integraci\u00f3n con los sistemas de la empresa.<\/p>\n<p>\u00bfPor qu\u00e9 elegirlo?<\/p>\n<p>El JAKA Ai 18 es la elecci\u00f3n ideal para las empresas que necesitan un robot colaborativo potente y preciso capaz de manejar cargas pesadas y operaciones complejas. Su gran capacidad de carga combinada con un amplio radio de trabajo lo hacen perfecto para una amplia gama de aplicaciones industriales. Gracias a su avanzada seguridad, facilidad de programaci\u00f3n y rendimiento superior, es la soluci\u00f3n ideal para optimizar los procesos de producci\u00f3n y mejorar la eficiencia operativa.<\/p><\/div>\n<p><!-- .vgblk-rw-wrapper --><\/p>","protected":false},"excerpt":{"rendered":"<p>En <strong data-start=\"2855\" data-end=\"2869\">JAKA Ai 18<\/strong> es un robot colaborativo de alto rendimiento dise\u00f1ado para aplicaciones industriales que requieren una gran carga m\u00e1xima y precisi\u00f3n. Gracias a su dise\u00f1o seguro y vers\u00e1til, es perfecto para optimizar la <strong>productividad<\/strong> y mejorar la<strong>eficacia operativa<\/strong>por lo que resulta ideal para una amplia gama de aplicaciones industriales.<\/p>","protected":false},"featured_media":1013940,"template":"","meta":[],"pwb-brand":[582],"product_brand":[],"product_cat":[280],"product_tag":[],"class_list":{"0":"post-1013840","1":"product","2":"type-product","3":"status-publish","4":"has-post-thumbnail","6":"pwb-brand-jaka","7":"product_cat-robot-collaborativi","9":"first","10":"instock","11":"shipping-taxable","12":"product-type-simple"},"brands":[{"id":582,"name":"JAKA","slug":"jaka"}],"_links":{"self":[{"href":"https:\/\/store.todsystem.com\/es\/wp-json\/wp\/v2\/product\/1013840","targetHints":{"allow":["GET"]}}],"collection":[{"href":"https:\/\/store.todsystem.com\/es\/wp-json\/wp\/v2\/product"}],"about":[{"href":"https:\/\/store.todsystem.com\/es\/wp-json\/wp\/v2\/types\/product"}],"version-history":[{"count":4,"href":"https:\/\/store.todsystem.com\/es\/wp-json\/wp\/v2\/product\/1013840\/revisions"}],"predecessor-version":[{"id":1016180,"href":"https:\/\/store.todsystem.com\/es\/wp-json\/wp\/v2\/product\/1013840\/revisions\/1016180"}],"wp:featuredmedia":[{"embeddable":true,"href":"https:\/\/store.todsystem.com\/es\/wp-json\/wp\/v2\/media\/1013940"}],"wp:attachment":[{"href":"https:\/\/store.todsystem.com\/es\/wp-json\/wp\/v2\/media?parent=1013840"}],"wp:term":[{"taxonomy":"pwb-brand","embeddable":true,"href":"https:\/\/store.todsystem.com\/es\/wp-json\/wp\/v2\/pwb-brand?post=1013840"},{"taxonomy":"product_brand","embeddable":true,"href":"https:\/\/store.todsystem.com\/es\/wp-json\/wp\/v2\/product_brand?post=1013840"},{"taxonomy":"product_cat","embeddable":true,"href":"https:\/\/store.todsystem.com\/es\/wp-json\/wp\/v2\/product_cat?post=1013840"},{"taxonomy":"product_tag","embeddable":true,"href":"https:\/\/store.todsystem.com\/es\/wp-json\/wp\/v2\/product_tag?post=1013840"}],"curies":[{"name":"wp","href":"https:\/\/api.w.org\/{rel}","templated":true}]}}