{"id":1013786,"date":"2024-10-30T16:09:41","date_gmt":"2024-10-30T16:09:41","guid":{"rendered":"https:\/\/store.todsystem.com\/?post_type=product&#038;p=1013786"},"modified":"2025-10-17T06:04:29","modified_gmt":"2025-10-17T06:04:29","slug":"jaka-zu-12","status":"publish","type":"product","link":"https:\/\/store.todsystem.com\/es\/producto\/jaka-zu-12\/","title":{"rendered":"JAKA Zu 12: Cobot Collaborativo da 12 kg"},"content":{"rendered":"<div class=\"vgblk-rw-wrapper limit-wrapper\">\n<h2 data-start=\"0\" data-end=\"92\">JAKA Zu 12: Il cobot Jaka di Alta Capacit\u00e0 per Automazione Industriale Avanzata<\/h2>\n<p data-start=\"94\" data-end=\"773\">Il JAKA Zu 12 \u00e8 un robot collaborativo progettato per affrontare le sfide dell&#8217;automazione industriale ad alta capacit\u00e0, offrendo prestazioni superiori in applicazioni che richiedono forza, precisione e un raggio di azione esteso. Con una capacit\u00e0 di carico di 12 kg e un raggio di lavoro di 1327 mm, il JAKA Zu 12 \u00e8 perfetto per applicazioni che richiedono elevati carichi di lavoro, come assemblaggio, manipolazione di materiali pesanti, controllo qualit\u00e0, e operazioni di pick-and-place. Grazie ai suoi sensori avanzati e alle tecnologie di sicurezza integrate, il JAKA Zu 12 \u00e8 ideale per lavorare fianco a fianco con gli operatori in un ambiente produttivo dinamico e sicuro.<\/p>\n<h2 data-start=\"745\" data-end=\"785\">Principales caracter\u00edsticas t\u00e9cnicas<\/h2>\n<ul data-start=\"786\" data-end=\"1093\">\n<li data-start=\"786\" data-end=\"805\">Peso: 41 kg<\/li>\n<li data-start=\"806\" data-end=\"833\">Carico Massimo: 12 kg<\/li>\n<li data-start=\"834\" data-end=\"866\">Raggio di Lavoro: 1327 mm<\/li>\n<li data-start=\"867\" data-end=\"904\">Velocit\u00e0 Lineare Massima: 3 m\/s<\/li>\n<li data-start=\"905\" data-end=\"1047\">Excursiones conjuntas:\n<ol data-start=\"940\" data-end=\"1047\">\n<li data-start=\"940\" data-end=\"959\">J1: \u00b1360\u00b0<\/li>\n<li data-start=\"940\" data-end=\"959\">J2: -85\u00b0+265\u00b0<\/li>\n<li data-start=\"940\" data-end=\"959\">J3: \u00b1175\u00b0<\/li>\n<li data-start=\"940\" data-end=\"959\">J4: -85\u00b0+265\u00b0<\/li>\n<li data-start=\"940\" data-end=\"959\">J5: \u00b1360\u00b0<\/li>\n<li data-start=\"940\" data-end=\"959\">J6: \u00b1360\u00b0<\/li>\n<\/ol>\n<\/li>\n<li data-start=\"1048\" data-end=\"1093\">Velocidad m\u00e1xima de articulaci\u00f3n: 180\u00b0\/s<\/li>\n<\/ul>\n<h2>Rendimiento<\/h2>\n<p>Il JAKA Zu 12 offre prestazioni eccellenti con un carico massimo di 12 kg e un raggio di lavoro di 1327 mm, rendendolo ideale per operazioni ad alta capacit\u00e0 che richiedono forza e precisione. Con una ripetibilit\u00e0 di \u00b10,03 mm, \u00e8 in grado di eseguire operazioni delicate con alta precisione, riducendo al minimo gli errori. La velocit\u00e0 lineare massima di 3 m\/s e la velocit\u00e0 delle giunture di 180\u00b0\/s permettono al JAKA Zu 12 di eseguire movimenti rapidi e fluidi, ottimizzando i tempi di ciclo e migliorando l&#8217;efficienza delle operazioni produttive.<\/p>\n<h2>Maniobrabilidad y estabilidad<\/h2>\n<p>Nonostante la sua maggiore capacit\u00e0 di carico, il JAKA Zu 12 mantiene un design robusto e compatto. Con un peso di 41 kg, \u00e8 abbastanza stabile da affrontare compiti impegnativi, pur rimanendo manovrabile in spazi di lavoro relativamente ristretti. Grazie alla velocit\u00e0 di esecuzione e alla precisione nelle giunture, \u00e8 perfetto per operazioni che richiedono sia alta forza che alta precisione, mantenendo stabilit\u00e0 e fluidit\u00e0 anche nelle fasi dinamiche di lavoro.<\/p>\n<h2>Tecnolog\u00eda y seguridad<\/h2>\n<p>Il JAKA Zu 12 integra sistemi di sicurezza avanzati che lo rendono sicuro per operare fianco a fianco con gli operatori senza necessit\u00e0 di barriere fisiche. Grazie ai sensori integrati, il robot pu\u00f2 monitorare continuamente l\u2019ambiente circostante e adattare i suoi movimenti per evitare collisioni. La programmazione del JAKA Zu 12 \u00e8 semplice e intuitiva, con un\u2019interfaccia user-friendly che supporta linguaggi di programmazione come Blockly, facilitando l&#8217;integrazione nei processi aziendali esistenti e riducendo i tempi di formazione.<\/p>\n<h2>\u00bfPor qu\u00e9 elegirlo?<\/h2>\n<p>Il JAKA Zu 12 \u00e8 la scelta ideale per le aziende che necessitano di un robot collaborativo potente, preciso e sicuro per affrontare operazioni industriali ad alta capacit\u00e0. Con una capacit\u00e0 di carico di 12 kg, un raggio di lavoro esteso e una sicurezza avanzata, il JAKA Zu 12 \u00e8 perfetto per applicazioni che richiedono movimenti ad alta forza e alta precisione. La sua facilit\u00e0 di programmazione, l&#8217;adattabilit\u00e0 e l&#8217;affidabilit\u00e0 lo rendono una soluzione ideale per migliorare l\u2019efficienza produttiva e ridurre i costi operativi, mantenendo un ambiente di lavoro sicuro e collaborativo.<\/p><\/div>\n<p><!-- .vgblk-rw-wrapper --><\/p>","protected":false},"excerpt":{"rendered":"<p>El JAKA Zu 12 es un potente y preciso robot colaborativo dise\u00f1ado para automatizar operaciones industriales que requieran una carga m\u00e1xima de 12 kg. Con un radio de trabajo ampliado y tecnolog\u00edas de seguridad avanzadas, es ideal para aplicaciones que requieren fuerza y precisi\u00f3n, mejorando la productividad en entornos de trabajo din\u00e1micos y seguros.<\/p>","protected":false},"featured_media":1013789,"template":"","meta":[],"pwb-brand":[582],"product_brand":[],"product_cat":[280],"product_tag":[],"class_list":{"0":"post-1013786","1":"product","2":"type-product","3":"status-publish","4":"has-post-thumbnail","6":"pwb-brand-jaka","7":"product_cat-robot-collaborativi","9":"first","10":"instock","11":"shipping-taxable","12":"product-type-simple"},"brands":[{"id":582,"name":"JAKA","slug":"jaka"}],"_links":{"self":[{"href":"https:\/\/store.todsystem.com\/es\/wp-json\/wp\/v2\/product\/1013786","targetHints":{"allow":["GET"]}}],"collection":[{"href":"https:\/\/store.todsystem.com\/es\/wp-json\/wp\/v2\/product"}],"about":[{"href":"https:\/\/store.todsystem.com\/es\/wp-json\/wp\/v2\/types\/product"}],"version-history":[{"count":10,"href":"https:\/\/store.todsystem.com\/es\/wp-json\/wp\/v2\/product\/1013786\/revisions"}],"predecessor-version":[{"id":1019591,"href":"https:\/\/store.todsystem.com\/es\/wp-json\/wp\/v2\/product\/1013786\/revisions\/1019591"}],"wp:featuredmedia":[{"embeddable":true,"href":"https:\/\/store.todsystem.com\/es\/wp-json\/wp\/v2\/media\/1013789"}],"wp:attachment":[{"href":"https:\/\/store.todsystem.com\/es\/wp-json\/wp\/v2\/media?parent=1013786"}],"wp:term":[{"taxonomy":"pwb-brand","embeddable":true,"href":"https:\/\/store.todsystem.com\/es\/wp-json\/wp\/v2\/pwb-brand?post=1013786"},{"taxonomy":"product_brand","embeddable":true,"href":"https:\/\/store.todsystem.com\/es\/wp-json\/wp\/v2\/product_brand?post=1013786"},{"taxonomy":"product_cat","embeddable":true,"href":"https:\/\/store.todsystem.com\/es\/wp-json\/wp\/v2\/product_cat?post=1013786"},{"taxonomy":"product_tag","embeddable":true,"href":"https:\/\/store.todsystem.com\/es\/wp-json\/wp\/v2\/product_tag?post=1013786"}],"curies":[{"name":"wp","href":"https:\/\/api.w.org\/{rel}","templated":true}]}}