{"id":1013762,"date":"2024-10-30T15:08:04","date_gmt":"2024-10-30T15:08:04","guid":{"rendered":"https:\/\/store.todsystem.com\/?post_type=product&#038;p=1013762"},"modified":"2025-05-07T13:22:02","modified_gmt":"2025-05-07T13:22:02","slug":"deep-robotics-lite3-pro","status":"publish","type":"product","link":"https:\/\/store.todsystem.com\/es\/producto\/deep-robotics-lite3-pro\/","title":{"rendered":"DEEP Robotics Lite3 Pro"},"content":{"rendered":"<div class=\"vgblk-rw-wrapper limit-wrapper\">l Lite 3 Pro es una versi\u00f3n muy optimizada del Lite 3, que incorpora un sistema de percepci\u00f3n avanzado con sensores de evitaci\u00f3n de obst\u00e1culos, reconocimiento de objetos y una capacidad de carga continua de 6,5 kg. Con una conectividad vers\u00e1til (USB 3.0, HDMI, Type-C), el Pro es ideal para aplicaciones de simulaci\u00f3n y desarrollos secundarios como SDKs, APIs y control rob\u00f3tico avanzado. La autonom\u00eda de la bater\u00eda, de hasta 2 horas, y su capacidad para recorrer 3,4 km la hacen adecuada para tareas complejas en terrenos irregulares y operaciones que requieran movimientos de precisi\u00f3n.<\/p>\n<h2>Especificaciones t\u00e9cnicas del Lite 3 Pro<\/h2>\n<ul>\n<li><strong>Dimensiones:<\/strong> 610 mm x 370 mm x 445 mm<\/li>\n<li><strong>Peso (con bater\u00eda):<\/strong> 12,7 kg<\/li>\n<li><strong>Duraci\u00f3n de la bater\u00eda:<\/strong> 1,5-2 horas<\/li>\n<li><strong>Distancia m\u00e1xima:<\/strong> 3,4 km<\/li>\n<li><strong>Inclinaci\u00f3n m\u00e1xima:<\/strong> 40\u00b0<\/li>\n<li><strong>Altura m\u00e1xima del escal\u00f3n:<\/strong> 15 cm<\/li>\n<li><strong>Carga continua:<\/strong> 6,5 kg<\/li>\n<li><strong>Percepci\u00f3n del entorno:<\/strong> Delantero y trasero con parada autom\u00e1tica, prevenci\u00f3n de obst\u00e1culos y reconocimiento de objetos<\/li>\n<li><strong>Interfaz de comunicaci\u00f3n:<\/strong> Tipo-C, USB3.0, HDMI, Ethernet, Salida (5V\/24V)<\/li>\n<li><strong>Herramientas de desarrollo:<\/strong> Incluye el modelo Urdf, SDK, API, documentaci\u00f3n e interfaces relacionadas con la percepci\u00f3n<\/li>\n<\/ul>\n<p>&nbsp;<\/p>\n<h2>Caracter\u00edsticas distintivas<\/h2>\n<ol>\n<li><strong>Mayor fuerza motriz<\/strong> Lite 3 Venture ofrece un par de articulaci\u00f3n y una densidad de fuerza mejorados, lo que garantiza movimientos estables y robustos incluso en superficies irregulares y entornos complejos.<\/li>\n<li><strong>Algoritmo de control mejorado<\/strong> Con un algoritmo avanzado, Lite 3 Venture est\u00e1 dise\u00f1ado para una mayor agilidad y precisi\u00f3n de movimientos. La capacidad de maniobra mejorada permite al robot realizar movimientos complejos y responder con rapidez a las indicaciones del operario.<\/li>\n<li><strong>Percepci\u00f3n ambiental avanzada<\/strong> Equipado con un sistema de visi\u00f3n 3D y m\u00faltiples sensores, el Lite 3 Venture garantiza una interacci\u00f3n precisa con su entorno. Detecta obst\u00e1culos y cambios en el terreno, adapt\u00e1ndose autom\u00e1ticamente para mantener una navegaci\u00f3n segura.<\/li>\n<li><strong>Modularidad ampliada<\/strong> Su estructura modular permite integrar numerosos accesorios y m\u00f3dulos complementarios para configuraciones espec\u00edficas. Su flexibilidad permite utilizar Lite 3 Venture en aplicaciones personalizadas que van desde el transporte hasta la vigilancia.<\/li>\n<li><strong>Interfaz de comunicaci\u00f3n avanzada<\/strong> Lite 3 Venture est\u00e1 equipado con una interfaz de comunicaci\u00f3n Ethernet (hasta 2\u00d7100\/24V) para facilitar la conexi\u00f3n con otros dispositivos y redes, garantizando un control remoto estable y seguro.<\/li>\n<\/ol>\n<p>&nbsp;<\/p><\/div>\n<p><!-- .vgblk-rw-wrapper --><\/p>","protected":false},"excerpt":{"rendered":"<p><strong>Lite 3 Venture: el robot cuadr\u00fapedo bi\u00f3nico con control avanzado, interacci\u00f3n mejorada con el entorno y m\u00e1xima modularidad.<\/strong> Con una fuerza motriz superior, una percepci\u00f3n ambiental avanzada y posibilidades de ampliaci\u00f3n modular, Lite 3 Venture est\u00e1 dise\u00f1ada para ofrecer una automatizaci\u00f3n fiable y flexible en aplicaciones din\u00e1micas.<\/p>","protected":false},"featured_media":1014372,"template":"","meta":[],"pwb-brand":[591],"product_brand":[],"product_cat":[276],"product_tag":[],"class_list":{"0":"post-1013762","1":"product","2":"type-product","3":"status-publish","4":"has-post-thumbnail","6":"pwb-brand-deep-robotics","7":"product_cat-robot-quadrupedi","9":"first","10":"instock","11":"shipping-taxable","12":"product-type-simple"},"brands":[{"id":591,"name":"Rob\u00f3tica profunda","slug":"deep-robotics"}],"_links":{"self":[{"href":"https:\/\/store.todsystem.com\/es\/wp-json\/wp\/v2\/product\/1013762","targetHints":{"allow":["GET"]}}],"collection":[{"href":"https:\/\/store.todsystem.com\/es\/wp-json\/wp\/v2\/product"}],"about":[{"href":"https:\/\/store.todsystem.com\/es\/wp-json\/wp\/v2\/types\/product"}],"version-history":[{"count":4,"href":"https:\/\/store.todsystem.com\/es\/wp-json\/wp\/v2\/product\/1013762\/revisions"}],"predecessor-version":[{"id":1013841,"href":"https:\/\/store.todsystem.com\/es\/wp-json\/wp\/v2\/product\/1013762\/revisions\/1013841"}],"wp:featuredmedia":[{"embeddable":true,"href":"https:\/\/store.todsystem.com\/es\/wp-json\/wp\/v2\/media\/1014372"}],"wp:attachment":[{"href":"https:\/\/store.todsystem.com\/es\/wp-json\/wp\/v2\/media?parent=1013762"}],"wp:term":[{"taxonomy":"pwb-brand","embeddable":true,"href":"https:\/\/store.todsystem.com\/es\/wp-json\/wp\/v2\/pwb-brand?post=1013762"},{"taxonomy":"product_brand","embeddable":true,"href":"https:\/\/store.todsystem.com\/es\/wp-json\/wp\/v2\/product_brand?post=1013762"},{"taxonomy":"product_cat","embeddable":true,"href":"https:\/\/store.todsystem.com\/es\/wp-json\/wp\/v2\/product_cat?post=1013762"},{"taxonomy":"product_tag","embeddable":true,"href":"https:\/\/store.todsystem.com\/es\/wp-json\/wp\/v2\/product_tag?post=1013762"}],"curies":[{"name":"wp","href":"https:\/\/api.w.org\/{rel}","templated":true}]}}