{"id":1013756,"date":"2024-10-30T14:31:55","date_gmt":"2024-10-30T14:31:55","guid":{"rendered":"https:\/\/store.todsystem.com\/?post_type=product&#038;p=1013756"},"modified":"2025-05-07T13:22:06","modified_gmt":"2025-05-07T13:22:06","slug":"deep-robotics-lite3-venture","status":"publish","type":"product","link":"https:\/\/store.todsystem.com\/es\/producto\/deep-robotics-lite3-venture\/","title":{"rendered":"DEEP Robotics Lite3 Venture"},"content":{"rendered":"<div class=\"vgblk-rw-wrapper limit-wrapper\">El Lite 3 Venture es un robot cuadr\u00fapedo bi\u00f3nico dise\u00f1ado para operaciones industriales avanzadas y entornos que requieren gran maniobrabilidad y precisi\u00f3n. Con una capacidad de carga continua de 7 kg, una autonom\u00eda de la bater\u00eda de hasta 2 horas y un alcance de hasta 4 km, el Venture garantiza una gran eficiencia en tareas de gran exigencia. Equipado con conectividad Ethernet, perfecto para tareas que requieren agilidad en pendientes de hasta 40\u00b0 y pasos de 15 cm, el Venture es especialmente adecuado para aplicaciones que requieren un sistema de percepci\u00f3n avanzado con sensores de evitaci\u00f3n de obst\u00e1culos y reconocimiento de objetos.<\/p>\n<h2>Especificaciones t\u00e9cnicas<\/h2>\n<ul>\n<li><strong>Dimensiones:<\/strong> 610 mm x 370 mm x 445 mm<\/li>\n<li><strong>Peso (con bater\u00eda):<\/strong> 12,2 kg<\/li>\n<li><strong>Duraci\u00f3n de la bater\u00eda:<\/strong> 1,5-2 horas<\/li>\n<li><strong>Distancia m\u00e1xima:<\/strong> 4 km<\/li>\n<li><strong>Inclinaci\u00f3n m\u00e1xima:<\/strong> 40\u00b0<\/li>\n<li><strong>Altura m\u00e1xima del escal\u00f3n:<\/strong> 15 cm<\/li>\n<li><strong>Carga continua:<\/strong> 7 kg<\/li>\n<li><strong>Percepci\u00f3n del entorno:<\/strong> Delantero y trasero con parada autom\u00e1tica y reconocimiento de objetos<\/li>\n<li><strong>Interfaz de comunicaci\u00f3n:<\/strong> Ethernet, Salida (5V\/12V\/24V)<\/li>\n<\/ul>\n<ul>\n<li style=\"list-style-type: none;\">\n<ul>\n<li style=\"list-style-type: none;\"><\/li>\n<\/ul>\n<\/li>\n<\/ul>\n<h2>Control algor\u00edtmico avanzado<\/h2>\n<p>Gracias al control algor\u00edtmico de precisi\u00f3n, el Lite 3 Venture es \u00e1gil y sensible, se adapta r\u00e1pidamente a los cambios del entorno y mantiene la estabilidad incluso en las maniobras m\u00e1s complejas. Esta precisa capacidad de control hace que el robot sea ideal para aplicaciones en entornos din\u00e1micos que requieren una manipulaci\u00f3n r\u00e1pida y precisa.<\/p>\n<h2>Mejora de la percepci\u00f3n y la seguridad<\/h2>\n<p>El sistema de percepci\u00f3n de Lite 3 Venture incluye funciones de parada autom\u00e1tica y detecci\u00f3n de objetos tanto por delante como por detr\u00e1s, lo que mejora la seguridad de las operaciones. Este sistema permite al robot evitar colisiones y moverse con mayor autonom\u00eda, optimizando la eficiencia en las operaciones y garantizando la seguridad alrededor de personas u obst\u00e1culos.<\/p>\n<h2>Modularidad y personalizaci\u00f3n<\/h2>\n<p>La estructura modular de Lite 3 Venture admite numerosos m\u00f3dulos adicionales, que ofrecen posibilidades de ampliaci\u00f3n funcional para adaptarse a necesidades espec\u00edficas. Con la interfaz Ethernet, el robot puede integrarse en sistemas de red corporativos, facilitando el control remoto y la comunicaci\u00f3n con otras infraestructuras.<\/p>\n<h2>Duraci\u00f3n y autonom\u00eda optimizadas<\/h2>\n<p>La Lite 3 Venture est\u00e1 dise\u00f1ada para funcionar de forma continua hasta 2 horas, lo que permite ciclos de trabajo m\u00e1s largos y reduce la necesidad de recargas frecuentes. Esta mayor autonom\u00eda aumenta la productividad y reduce los tiempos de inactividad, lo que la hace especialmente adecuada para operaciones industriales y log\u00edsticas.<\/p><\/div>\n<p><!-- .vgblk-rw-wrapper --><\/p>","protected":false},"excerpt":{"rendered":"<p>Il Lite 3 Venture \u00e8 un robot quadrupede bionico, progettato per operazioni industriali avanzate e ambienti che richiedono alta manovrabilit\u00e0 e precisione. Con una capacit\u00e0 di carico continuo di 7 kg, durata della batteria fino a 2 ore e un&#8217;autonomia di 4 km, il Venture assicura un&#8217;elevata efficienza nei compiti pesanti. Dotato di connettivit\u00e0 Ethernet,&#8230;<\/p>","protected":false},"featured_media":1013901,"template":"","meta":[],"pwb-brand":[591],"product_brand":[],"product_cat":[276],"product_tag":[],"class_list":{"0":"post-1013756","1":"product","2":"type-product","3":"status-publish","4":"has-post-thumbnail","6":"pwb-brand-deep-robotics","7":"product_cat-robot-quadrupedi","9":"first","10":"instock","11":"shipping-taxable","12":"product-type-simple"},"brands":[{"id":591,"name":"Rob\u00f3tica profunda","slug":"deep-robotics"}],"_links":{"self":[{"href":"https:\/\/store.todsystem.com\/es\/wp-json\/wp\/v2\/product\/1013756","targetHints":{"allow":["GET"]}}],"collection":[{"href":"https:\/\/store.todsystem.com\/es\/wp-json\/wp\/v2\/product"}],"about":[{"href":"https:\/\/store.todsystem.com\/es\/wp-json\/wp\/v2\/types\/product"}],"version-history":[{"count":10,"href":"https:\/\/store.todsystem.com\/es\/wp-json\/wp\/v2\/product\/1013756\/revisions"}],"predecessor-version":[{"id":1016281,"href":"https:\/\/store.todsystem.com\/es\/wp-json\/wp\/v2\/product\/1013756\/revisions\/1016281"}],"wp:featuredmedia":[{"embeddable":true,"href":"https:\/\/store.todsystem.com\/es\/wp-json\/wp\/v2\/media\/1013901"}],"wp:attachment":[{"href":"https:\/\/store.todsystem.com\/es\/wp-json\/wp\/v2\/media?parent=1013756"}],"wp:term":[{"taxonomy":"pwb-brand","embeddable":true,"href":"https:\/\/store.todsystem.com\/es\/wp-json\/wp\/v2\/pwb-brand?post=1013756"},{"taxonomy":"product_brand","embeddable":true,"href":"https:\/\/store.todsystem.com\/es\/wp-json\/wp\/v2\/product_brand?post=1013756"},{"taxonomy":"product_cat","embeddable":true,"href":"https:\/\/store.todsystem.com\/es\/wp-json\/wp\/v2\/product_cat?post=1013756"},{"taxonomy":"product_tag","embeddable":true,"href":"https:\/\/store.todsystem.com\/es\/wp-json\/wp\/v2\/product_tag?post=1013756"}],"curies":[{"name":"wp","href":"https:\/\/api.w.org\/{rel}","templated":true}]}}