{"id":1013728,"date":"2024-10-30T14:19:36","date_gmt":"2024-10-30T14:19:36","guid":{"rendered":"https:\/\/store.todsystem.com\/?post_type=product&#038;p=1013728"},"modified":"2025-05-07T13:23:06","modified_gmt":"2025-05-07T13:23:06","slug":"deep-robotics-lite3-basic","status":"publish","type":"product","link":"https:\/\/store.todsystem.com\/es\/producto\/deep-robotics-lite3-basic\/","title":{"rendered":"DEEP Robotics Lite3 Basic"},"content":{"rendered":"<div class=\"vgblk-rw-wrapper limit-wrapper\">En <strong>Lite 3 B\u00e1sico<\/strong> rappresenta la versione pi\u00f9 accessibile e versatile della linea Lite 3. Progettato per compiti essenziali in ambienti industriali e di ricerca, questo robot quadrupede unisce semplicit\u00e0 d\u2019uso e prestazioni affidabili, mantenendo dimensioni compatte e un peso leggero di 12 kg. Con una durata della batteria di circa 2 ore e un\u2019autonomia di 5 km, il Lite 3 Basic \u00e8 ideale per operazioni ripetitive e trasporto leggero. Grazie alla capacit\u00e0 di scalare pendenze fino a 40\u00b0 e superare ostacoli fino a 10 cm<\/p>\n<p>Especificaciones t\u00e9cnicas<\/p>\n<ul>\n<li><strong>Dimensiones (en posici\u00f3n de pie):<\/strong> 610 mm x 370 mm x 406 mm<\/li>\n<li><strong>Peso (con bater\u00eda):<\/strong> 12 kg<\/li>\n<li><strong>Carga sostenible (continua):<\/strong> hasta 7,5 kg<\/li>\n<li><strong>Inclinaci\u00f3n:<\/strong> hasta 40<\/li>\n<li><strong>Superable paso:<\/strong> hasta 15 cm<\/li>\n<li><strong>Autonom\u00eda de la bater\u00eda:<\/strong> De 1,5 a 2 horas<\/li>\n<li><strong>Distancia m\u00e1xima recorrida:<\/strong> 5 km<\/li>\n<li><strong>Percepci\u00f3n medioambiental: <\/strong>delantera y trasera con parada autom\u00e1tica y reconocimiento de objetos<strong>i<\/strong><\/li>\n<li><strong>Interfaz de comunicaci\u00f3n:<\/strong> compatibilidad con varios m\u00f3dulos de ampliaci\u00f3n<\/li>\n<\/ul>\n<p style=\"text-align: left;\">Fuerza motriz y estabilidad<\/p>\n<p style=\"text-align: left;\">El Lite 3 Basic est\u00e1 equipado con un sistema de articulaci\u00f3n que proporciona una robusta potencia de conducci\u00f3n y estabilidad en terrenos b\u00e1sicos. Esta potencia permite al robot moverse con seguridad y precisi\u00f3n en entornos est\u00e1ndar, al tiempo que mantiene un excelente control incluso en condiciones de funcionamiento comunes.<\/p>\n<p>&nbsp;<\/p>\n<p>Algoritmo de control esencial<\/p>\n<p>Gracias a un eficaz algoritmo de control, la Lite 3 Basic es capaz de realizar movimientos precisos manteniendo un buen equilibrio y ofreciendo maniobrabilidad para aplicaciones en entornos habituales. La capacidad para evitar obst\u00e1culos y detenerse autom\u00e1ticamente garantiza la seguridad durante las operaciones diarias.<\/p>\n<p>Sistema b\u00e1sico de percepci\u00f3n<\/p>\n<p>El Lite 3 Basic est\u00e1 equipado con sensores delanteros y traseros que detectan objetos y activan la funci\u00f3n de parada autom\u00e1tica en caso de obst\u00e1culos, lo que garantiza una interacci\u00f3n segura con el entorno para las tareas rutinarias.<\/p>\n<p style=\"text-align: left;\">Modularidad esencial<\/p>\n<p>La struttura modulare del Lite 3 Basic consente una personalizzazione di base, offrendo la possibilit\u00e0 di aggiungere strumenti e moduli essenziali per adattarlo a diversi compiti. Questa flessibilit\u00e0 lo rende un&#8217;opzione economica e versatile per diverse applicazioni. Il Lite 3 Basic rappresenta una combinazione unica di potenza, precisione e flessibilit\u00e0, che lo rende ideale per compiti impegnativi e ambienti operativi complessi. Grazie alla capacit\u00e0 di affrontare pendenze e scalare gradini, oltre a un\u2019autonomia prolungata e un\u2019interfaccia di controllo avanzata, il Lite 3 Basic \u00e8 uno strumento innovativo e potente per applicazioni industriali e operative di alto livello.<\/p><\/div>\n<p><!-- .vgblk-rw-wrapper --><\/p>","protected":false},"excerpt":{"rendered":"<p>El Lite 3 Basic es un robot cuadr\u00fapedo avanzado dise\u00f1ado para ofrecer un rendimiento excepcional y una flexibilidad total. Con el par motor aumentado del 50%, un algoritmo de control preciso y una bater\u00eda de 2 horas de duraci\u00f3n, proporciona una gran capacidad de carga, la posibilidad de personalizaci\u00f3n con m\u00f3dulos adicionales y una interfaz intuitiva. Ideal para entornos industriales y aplicaciones que requieren agilidad e interacci\u00f3n visual en tiempo real.<\/p>","protected":false},"featured_media":1013865,"template":"","meta":[],"pwb-brand":[591],"product_brand":[],"product_cat":[276],"product_tag":[],"class_list":{"0":"post-1013728","1":"product","2":"type-product","3":"status-publish","4":"has-post-thumbnail","6":"pwb-brand-deep-robotics","7":"product_cat-robot-quadrupedi","9":"first","10":"instock","11":"shipping-taxable","12":"product-type-simple"},"brands":[{"id":591,"name":"Rob\u00f3tica profunda","slug":"deep-robotics"}],"_links":{"self":[{"href":"https:\/\/store.todsystem.com\/es\/wp-json\/wp\/v2\/product\/1013728","targetHints":{"allow":["GET"]}}],"collection":[{"href":"https:\/\/store.todsystem.com\/es\/wp-json\/wp\/v2\/product"}],"about":[{"href":"https:\/\/store.todsystem.com\/es\/wp-json\/wp\/v2\/types\/product"}],"version-history":[{"count":10,"href":"https:\/\/store.todsystem.com\/es\/wp-json\/wp\/v2\/product\/1013728\/revisions"}],"predecessor-version":[{"id":1016282,"href":"https:\/\/store.todsystem.com\/es\/wp-json\/wp\/v2\/product\/1013728\/revisions\/1016282"}],"wp:featuredmedia":[{"embeddable":true,"href":"https:\/\/store.todsystem.com\/es\/wp-json\/wp\/v2\/media\/1013865"}],"wp:attachment":[{"href":"https:\/\/store.todsystem.com\/es\/wp-json\/wp\/v2\/media?parent=1013728"}],"wp:term":[{"taxonomy":"pwb-brand","embeddable":true,"href":"https:\/\/store.todsystem.com\/es\/wp-json\/wp\/v2\/pwb-brand?post=1013728"},{"taxonomy":"product_brand","embeddable":true,"href":"https:\/\/store.todsystem.com\/es\/wp-json\/wp\/v2\/product_brand?post=1013728"},{"taxonomy":"product_cat","embeddable":true,"href":"https:\/\/store.todsystem.com\/es\/wp-json\/wp\/v2\/product_cat?post=1013728"},{"taxonomy":"product_tag","embeddable":true,"href":"https:\/\/store.todsystem.com\/es\/wp-json\/wp\/v2\/product_tag?post=1013728"}],"curies":[{"name":"wp","href":"https:\/\/api.w.org\/{rel}","templated":true}]}}