{"id":1013716,"date":"2024-10-30T10:23:52","date_gmt":"2024-10-30T10:23:52","guid":{"rendered":"https:\/\/store.todsystem.com\/?post_type=product&#038;p=1013716"},"modified":"2025-09-09T12:14:16","modified_gmt":"2025-09-09T12:14:16","slug":"deep-robotics-x30","status":"publish","type":"product","link":"https:\/\/store.todsystem.com\/es\/producto\/deep-robotics-x30\/","title":{"rendered":"Robot cuadr\u00fapedo Deep Robotics X30"},"content":{"rendered":"<div class=\"vgblk-rw-wrapper limit-wrapper\">Progettato come prodotto di punta per l&#8217;automazione industriale, il Robot quadrupede X30 di <a href=\"https:\/\/store.todsystem.com\/es\/marca\/deep-robotics\/\">Rob\u00f3tica profunda<\/a> est\u00e1 dise\u00f1ado para satisfacer las exigencias de los sectores que requieren operaciones seguras y aut\u00f3nomas en escenarios dif\u00edciles y sin supervisi\u00f3n. Gracias a su avanzada tecnolog\u00eda de detecci\u00f3n y a su mayor capacidad de recuperaci\u00f3n, X30 es capaz de gestionar las aplicaciones m\u00e1s exigentes, desde inspecciones hasta respuestas de emergencia.<\/p>\n<p>Principales caracter\u00edsticas t\u00e9cnicas<\/p>\n<ul>\n<li><strong>Dimensioni complessive<\/strong>: 1000 mm x 585 mm x 470 mm<\/li>\n<li><strong>Peso<\/strong>: 56 kg (batteria inclusa)<\/li>\n<li><strong>Grado di protezione IP<\/strong>: IP67 (resistente alla polvere e all\u2019acqua)<\/li>\n<li><strong>Velocidad m\u00e1xima<\/strong>: \u22654 m\/s<\/li>\n<li><strong>Autonomia batteria<\/strong>: 2,5-4 ore<\/li>\n<li><strong>Chilometraggio per carica<\/strong>: \u226510 km<\/li>\n<li><strong>Intervallo di temperatura operativa<\/strong>: -20\u00b0 C ~ 55\u00b0 C<\/li>\n<li><strong>Capacit\u00e0 di inclinazione<\/strong>: fino a 45\u00b0<\/li>\n<li><strong>Superamento ostacoli<\/strong>: gradino\/ostacolo di almeno 20 cm<\/li>\n<li><strong>Alimentaci\u00f3n<\/strong>: batteria con durata fino a 4 ore e sostituzione rapida<\/li>\n<li><strong>Comunicaci\u00f3n<\/strong>: Alimentazione in uscita tramite Ethernet (72V BAT)<\/li>\n<\/ul>\n<p>En <strong>Deep Robotics X30<\/strong> \u00e8 progettato per affrontare agevolmente terreni irregolari e ostacoli significativi, potendo superare pendenze fino a 45\u00b0 e ostacoli di almeno 20 cm.<\/p>\n<p>Questa capacit\u00e0 consente al robot di salire e scendere scale con angolazioni elevate e attraversare rapidamente scenari industriali impegnativi senza compromettere la stabilit\u00e0. Equipaggiato con un sistema di percezione della fusione avanzato, X30 si muove agilmente in ambienti con illuminazione variabile o scarsa, navigando in oscurit\u00e0 completa, in presenza di forti sfarfallii luminosi o in situazioni con luce intensa. Ideale per monitoraggi notturni o ambienti con visibilit\u00e0 ridotta, X30 garantisce precisione operativa continua.<\/p>\n<p>Il sistema energetico del X30 \u00e8 ottimizzato per una durata prolungata del 25% rispetto a modelli precedenti, con un&#8217;autonomia che consente operazioni fino a 4 ore. La batteria \u00e8 facilmente sostituibile, assicurando cos\u00ec un servizio ininterrotto anche nelle situazioni pi\u00f9 critiche, offrendo operazioni di emergenza senza interruzioni.<\/p>\n<p>Il Robot quadrupede Deep Robotics X30 \u00e8 progettato per le applicazioni industriali pi\u00f9 avanzate, con un design robusto e prestazioni potenti anche in condizioni atmosferiche avverse. Le sue capacit\u00e0 di navigazione autonoma e la lunga durata della batteria garantiscono operazioni sicure e affidabili, rendendolo una risorsa strategica per qualsiasi azienda che richieda un robot versatile e autonomo in ambienti complessi.<\/p><\/div>\n<p><!-- .vgblk-rw-wrapper --><\/p>","protected":false},"excerpt":{"rendered":"<p>En <strong>Robot cuadr\u00fapedo X30<\/strong> es la soluci\u00f3n ideal para necesidades industriales avanzadas como la inspecci\u00f3n, la seguridad y la cartograf\u00eda, funcionando incluso en condiciones extremas. Equipada con protecci\u00f3n IP67, la X30 hace frente a entornos dif\u00edciles y condiciones meteorol\u00f3gicas adversas con un rendimiento constante y fiable.<\/p>\n<h3><\/h3>","protected":false},"featured_media":1016918,"template":"","meta":[],"pwb-brand":[591],"product_brand":[],"product_cat":[276],"product_tag":[],"class_list":{"0":"post-1013716","1":"product","2":"type-product","3":"status-publish","4":"has-post-thumbnail","6":"pwb-brand-deep-robotics","7":"product_cat-robot-quadrupedi","9":"first","10":"instock","11":"featured","12":"shipping-taxable","13":"product-type-simple"},"brands":[{"id":591,"name":"Rob\u00f3tica profunda","slug":"deep-robotics"}],"_links":{"self":[{"href":"https:\/\/store.todsystem.com\/es\/wp-json\/wp\/v2\/product\/1013716","targetHints":{"allow":["GET"]}}],"collection":[{"href":"https:\/\/store.todsystem.com\/es\/wp-json\/wp\/v2\/product"}],"about":[{"href":"https:\/\/store.todsystem.com\/es\/wp-json\/wp\/v2\/types\/product"}],"version-history":[{"count":8,"href":"https:\/\/store.todsystem.com\/es\/wp-json\/wp\/v2\/product\/1013716\/revisions"}],"predecessor-version":[{"id":1018706,"href":"https:\/\/store.todsystem.com\/es\/wp-json\/wp\/v2\/product\/1013716\/revisions\/1018706"}],"wp:featuredmedia":[{"embeddable":true,"href":"https:\/\/store.todsystem.com\/es\/wp-json\/wp\/v2\/media\/1016918"}],"wp:attachment":[{"href":"https:\/\/store.todsystem.com\/es\/wp-json\/wp\/v2\/media?parent=1013716"}],"wp:term":[{"taxonomy":"pwb-brand","embeddable":true,"href":"https:\/\/store.todsystem.com\/es\/wp-json\/wp\/v2\/pwb-brand?post=1013716"},{"taxonomy":"product_brand","embeddable":true,"href":"https:\/\/store.todsystem.com\/es\/wp-json\/wp\/v2\/product_brand?post=1013716"},{"taxonomy":"product_cat","embeddable":true,"href":"https:\/\/store.todsystem.com\/es\/wp-json\/wp\/v2\/product_cat?post=1013716"},{"taxonomy":"product_tag","embeddable":true,"href":"https:\/\/store.todsystem.com\/es\/wp-json\/wp\/v2\/product_tag?post=1013716"}],"curies":[{"name":"wp","href":"https:\/\/api.w.org\/{rel}","templated":true}]}}