{"id":1013703,"date":"2024-10-30T10:08:51","date_gmt":"2024-10-30T10:08:51","guid":{"rendered":"https:\/\/store.todsystem.com\/?post_type=product&#038;p=1013703"},"modified":"2025-09-24T08:00:21","modified_gmt":"2025-09-24T08:00:21","slug":"deep-robotics-x20","status":"publish","type":"product","link":"https:\/\/store.todsystem.com\/es\/producto\/deep-robotics-x20\/","title":{"rendered":"DEEP Robotics X20"},"content":{"rendered":"<div class=\"vgblk-rw-wrapper limit-wrapper\">En <strong>Robot cuadr\u00fapedo X20<\/strong> representa la nueva frontera de las aplicaciones industriales en los entornos m\u00e1s exigentes, con un dise\u00f1o robusto y vers\u00e1til capaz de enfrentarse a entornos exteriores extremos. Su robustez industrial, combinada con sus avanzadas capacidades de percepci\u00f3n, hacen que el X20 sea ideal para realizar inspecciones aut\u00f3nomas en grandes espacios y condiciones variables sin necesidad de operadores directos.<\/p>\n<p>Principales caracter\u00edsticas t\u00e9cnicas<\/p>\n<ul>\n<li><strong>Dimensiones totales:<\/strong> 950 mm x 470 mm x 700 mm<\/li>\n<li><strong>Peso:<\/strong> 53 kg<\/li>\n<li><strong>Carga m\u00e1xima:<\/strong> 20 kg<\/li>\n<li><strong>Grado de protecci\u00f3n IP:<\/strong> IP66 (resistente al polvo y al agua)<\/li>\n<li><strong>Velocidad m\u00e1xima:<\/strong> 4 m\/s<\/li>\n<li><strong>Autonom\u00eda de la bater\u00eda:<\/strong> 2-4 horas<\/li>\n<li><strong>Kilometraje por carga:<\/strong> 15 km<\/li>\n<\/ul>\n<p>&nbsp;<\/p>\n<p>En <strong>X20<\/strong> est\u00e1 concebido para adaptarse a escenarios complejos y desiguales, lo que le permite superar <strong>obst\u00e1culos de hasta 20 cm de altura<\/strong>, superar pendientes de hasta 30\u00b0 y desplazarse f\u00e1cilmente por terrenos accidentados como hierba, grava, nieve y arena. Con una velocidad m\u00e1xima de 4 m\/s y un sistema de navegaci\u00f3n inteligente, la X20 garantiza inspecciones r\u00e1pidas y precisas en cualquier tipo de superficie.<\/p>\n<p>Gracias a su avanzada tecnolog\u00eda de percepci\u00f3n, X20 admite <strong>navegaci\u00f3n aut\u00f3noma<\/strong>evitando obst\u00e1culos de forma din\u00e1mica, reconociendo el terreno y permitiendo interacciones hombre-robot seguras y eficaces. Ideal para supervisar grandes plantas y entornos, X20 facilita el control no tripulado a gran escala, optimizando los procesos y garantizando una seguridad constante.<\/p>\n<p>El dise\u00f1o modular de <strong>X20<\/strong> ofrece posibilidades de configuraci\u00f3n casi infinitas. Admite la integraci\u00f3n de perif\u00e9ricos y sensores adicionales, lo que aumenta la flexibilidad de uso. Su <strong>interfaces de comunicaci\u00f3n<\/strong> son compatibles con una amplia gama de protocolos, lo que garantiza conexiones fiables a los sistemas de control industrial existentes.<\/p>\n<p>Especificaciones del producto<\/p>\n<ul>\n<li><strong>Movimiento:<\/strong> Capacidad para superar obst\u00e1culos de hasta 20 cm, pendiente m\u00e1xima de 30\u00b0.<\/li>\n<li><strong>Resistencia medioambiental:<\/strong> IP66 para condiciones de polvo y agua<\/li>\n<li><strong>Alimentaci\u00f3n y autonom\u00eda:<\/strong> Duraci\u00f3n de la bater\u00eda de hasta 4 horas<\/li>\n<li><strong>Distancia de viaje:<\/strong> Hasta 15 km con una sola carga<\/li>\n<li><strong>Materiales de construcci\u00f3n:<\/strong> Estructura duradera para entornos extremos<\/li>\n<\/ul>\n<p>&nbsp;<\/p>\n<p>En <strong>Robot cuadr\u00fapedo X20<\/strong> es la soluci\u00f3n ideal para automatizar inspecciones y patrullas en industrias que requieren fiabilidad y resistencia en condiciones extremas. Gracias a su adaptabilidad, precisi\u00f3n y flexibilidad, el X20 admite operaciones en entornos complejos sin necesidad de supervisi\u00f3n directa, lo que lo convierte en una opci\u00f3n estrat\u00e9gica para las empresas que buscan un sistema de inspecci\u00f3n aut\u00f3nomo avanzado y escalable.<\/div>\n<p><!-- .vgblk-rw-wrapper --><\/p>","protected":false},"excerpt":{"rendered":"<p>En <strong>Robot cuadr\u00fapedo X20<\/strong> est\u00e1 dise\u00f1ado para la inspecci\u00f3n y el patrullaje en entornos industriales extremos. Con resistencia al polvo y al agua (IP66), gran capacidad de carga y percepci\u00f3n avanzada, el X20 permite realizar inspecciones aut\u00f3nomas en terrenos complejos, garantizando versatilidad y fiabilidad en todas las condiciones.<\/p>","protected":false},"featured_media":1013898,"template":"","meta":[],"pwb-brand":[591],"product_brand":[],"product_cat":[276],"product_tag":[],"class_list":{"0":"post-1013703","1":"product","2":"type-product","3":"status-publish","4":"has-post-thumbnail","6":"pwb-brand-deep-robotics","7":"product_cat-robot-quadrupedi","9":"first","10":"instock","11":"shipping-taxable","12":"product-type-simple"},"brands":[{"id":591,"name":"Rob\u00f3tica profunda","slug":"deep-robotics"}],"_links":{"self":[{"href":"https:\/\/store.todsystem.com\/es\/wp-json\/wp\/v2\/product\/1013703","targetHints":{"allow":["GET"]}}],"collection":[{"href":"https:\/\/store.todsystem.com\/es\/wp-json\/wp\/v2\/product"}],"about":[{"href":"https:\/\/store.todsystem.com\/es\/wp-json\/wp\/v2\/types\/product"}],"version-history":[{"count":9,"href":"https:\/\/store.todsystem.com\/es\/wp-json\/wp\/v2\/product\/1013703\/revisions"}],"predecessor-version":[{"id":1018867,"href":"https:\/\/store.todsystem.com\/es\/wp-json\/wp\/v2\/product\/1013703\/revisions\/1018867"}],"wp:featuredmedia":[{"embeddable":true,"href":"https:\/\/store.todsystem.com\/es\/wp-json\/wp\/v2\/media\/1013898"}],"wp:attachment":[{"href":"https:\/\/store.todsystem.com\/es\/wp-json\/wp\/v2\/media?parent=1013703"}],"wp:term":[{"taxonomy":"pwb-brand","embeddable":true,"href":"https:\/\/store.todsystem.com\/es\/wp-json\/wp\/v2\/pwb-brand?post=1013703"},{"taxonomy":"product_brand","embeddable":true,"href":"https:\/\/store.todsystem.com\/es\/wp-json\/wp\/v2\/product_brand?post=1013703"},{"taxonomy":"product_cat","embeddable":true,"href":"https:\/\/store.todsystem.com\/es\/wp-json\/wp\/v2\/product_cat?post=1013703"},{"taxonomy":"product_tag","embeddable":true,"href":"https:\/\/store.todsystem.com\/es\/wp-json\/wp\/v2\/product_tag?post=1013703"}],"curies":[{"name":"wp","href":"https:\/\/api.w.org\/{rel}","templated":true}]}}