{"id":1013646,"date":"2024-10-29T14:26:10","date_gmt":"2024-10-29T14:26:10","guid":{"rendered":"https:\/\/store.todsystem.com\/?post_type=product&#038;p=1013646"},"modified":"2025-06-05T09:51:15","modified_gmt":"2025-06-05T09:51:15","slug":"dobot-cr10as","status":"publish","type":"product","link":"https:\/\/store.todsystem.com\/es\/producto\/dobot-cr10as\/","title":{"rendered":"Dobot CR10AS"},"content":{"rendered":"<div class=\"vgblk-rw-wrapper limit-wrapper\">\n<h2><em><strong>Il Dobot CR10AS: Il Robot Collaborativo per Alta Precisione e Automazione Avanzata<\/strong><\/em><\/h2>\n<p>En <strong>Dobot CR10AS<\/strong> \u00e8 un robot collaborativo di ultima generazione progettato per affrontare applicazioni industriali che richiedono elevate prestazioni, precisione e versatilit\u00e0. Con una capacit\u00e0 di carico utile ottimizzata e un ampio raggio di lavoro, il <strong>CR10AS<\/strong> \u00e8 ideale per compiti complessi come l&#8217;assemblaggio, la movimentazione di componenti pesanti, il controllo qualit\u00e0 e altre operazioni che necessitano di alta efficienza. Facile da programmare e sicuro da utilizzare, questo robot \u00e8 la soluzione perfetta per ottimizzare i processi produttivi e migliorare l&#8217;affidabilit\u00e0 in ambienti di lavoro dinamici.<\/p>\n<h2 data-start=\"667\" data-end=\"707\"><strong data-start=\"667\" data-end=\"707\">Principales caracter\u00edsticas t\u00e9cnicas:<\/strong><\/h2>\n<ul>\n<li data-start=\"708\" data-end=\"725\"><strong data-start=\"710\" data-end=\"719\">Peso:<\/strong>\u00a040 kg<\/li>\n<li data-start=\"726\" data-end=\"752\"><strong data-start=\"728\" data-end=\"747\">Carga m\u00e1xima:<\/strong>\u00a010 kg<\/li>\n<li data-start=\"753\" data-end=\"783\"><strong data-start=\"755\" data-end=\"776\">Radio de trabajo:<\/strong>\u00a01300 mm<\/li>\n<li data-start=\"784\" data-end=\"823\"><strong data-start=\"786\" data-end=\"815\">Velocidad lineal m\u00e1xima:<\/strong>\u00a02 m\/s<\/li>\n<li data-start=\"824\" data-end=\"966\"><strong data-start=\"826\" data-end=\"856\">Excursiones conjuntas:\u00a0<\/strong>J3: \u00b1 160\u00b0 (altre giunture: \u00b1 360\u00b0)<\/li>\n<li><strong>Velocit\u00e0 massima delle Giunture:\u00a0<\/strong><\/li>\n<\/ul>\n<ol>\n<li>J1\/J2: 150\u00b0\/s<\/li>\n<li>J3: 180\u00b0\/s<\/li>\n<li>J4\/J5\/J6: 223\u00b0\/s<\/li>\n<\/ol>\n<h2><strong data-start=\"1265\" data-end=\"1281\">Rendimiento:<\/strong><\/h2>\n<p>En <strong>Dobot CR10AS<\/strong> \u00e8 progettato per operazioni che richiedono un&#8217;elevata precisione e un carico utile significativo, con una capacit\u00e0 di <strong>10 kg<\/strong> y un radio de trabajo de <strong>1300 mm<\/strong>. La repetibilidad de <strong>\u00b1 0.03 mm<\/strong> lo rende perfetto per compiti complessi, come l&#8217;assemblaggio di componenti pesanti, la movimentazione di materiali e operazioni di controllo qualit\u00e0. La velocit\u00e0 lineare massima di <strong>2 m\/s<\/strong> consente di completare rapidamente le operazioni, migliorando l&#8217;efficienza e riducendo i tempi di ciclo.<\/p>\n<h2>Maniobrabilidad y estabilidad<\/h2>\n<p>Gracias a su dise\u00f1o, el\u00a0<strong>CR10AS<\/strong>\u00a0es capaz de operar en espacios reducidos y terrenos complejos, manteniendo un alto nivel de estabilidad durante las maniobras. La tecnolog\u00eda de supresi\u00f3n de vibraciones ofrece respuestas r\u00e1pidas sin comprometer la precisi\u00f3n, lo que la hace ideal para aplicaciones de alta velocidad.<\/p>\n<h2><strong data-start=\"2312\" data-end=\"2339\">Tecnolog\u00eda y seguridad:<\/strong><\/h2>\n<p>En <strong>Dobot CR10AS<\/strong> \u00e8 dotato di avanzati sensori di forza che monitorano costantemente l&#8217;ambiente di lavoro, regolando automaticamente la velocit\u00e0 e la forza per garantire che le operazioni vengano eseguite in totale <strong>seguridad<\/strong>. Il design collaborativo permette al robot di operare fianco a fianco con gli operatori, senza necessit\u00e0 di barriere fisiche, aumentando la <strong>productividad<\/strong> senza sacrificare la sicurezza. La sua interfaccia di programmazione intuitiva rende facile configurare il robot per qualsiasi tipo di applicazione, riducendo al minimo i tempi di implementazione e ottimizzando la gestione delle risorse aziendali.<\/p>\n<h2><strong data-start=\"2967\" data-end=\"2989\">\u00bfPor qu\u00e9 elegirlo?<\/strong><\/h2>\n<p>En <strong>Dobot CR10AS<\/strong> \u00e8 la soluzione ideale per le aziende che necessitano di un robot collaborativo potente, preciso e flessibile. Con un carico utile di <strong>10 kg<\/strong> y un radio de trabajo de <strong>1300 mm<\/strong>, \u00e8 perfetto per applicazioni che richiedono velocit\u00e0, precisione e un carico di lavoro significativo. La sua sicurezza avanzata, la programmazione semplice e la capacit\u00e0 di lavorare senza barriere fisiche lo rendono uno strumento essenziale per ottimizzare i processi produttivi, ridurre i costi e migliorare l&#8217;efficienza in ambienti industriali complessi.<\/div>\n<p><!-- .vgblk-rw-wrapper --><\/p>","protected":false},"excerpt":{"rendered":"<p>En\u00a0<strong>CR10AS<\/strong>\u00a0\u00e8 un robot collaborativo progettato per soddisfare le esigenze di automazione nelle industrie moderne. Con un focus sull&#8217;ottimizzazione della collaborazione uomo-macchina, questo robot si distingue per la sua versatilit\u00e0 e le sue capacit\u00e0 rapide. \u00c8 particolarmente adatto per ambienti che richiedono<strong> precisi\u00f3n<\/strong>, come<strong> linee di assemblaggio<\/strong> e <strong>logistica interna<\/strong>.<\/p>","protected":false},"featured_media":1013892,"template":"","meta":[],"pwb-brand":[579],"product_brand":[],"product_cat":[280],"product_tag":[],"class_list":{"0":"post-1013646","1":"product","2":"type-product","3":"status-publish","4":"has-post-thumbnail","6":"pwb-brand-dobot","7":"product_cat-robot-collaborativi","9":"first","10":"instock","11":"shipping-taxable","12":"product-type-simple"},"brands":[{"id":579,"name":"Dobot","slug":"dobot"}],"_links":{"self":[{"href":"https:\/\/store.todsystem.com\/es\/wp-json\/wp\/v2\/product\/1013646","targetHints":{"allow":["GET"]}}],"collection":[{"href":"https:\/\/store.todsystem.com\/es\/wp-json\/wp\/v2\/product"}],"about":[{"href":"https:\/\/store.todsystem.com\/es\/wp-json\/wp\/v2\/types\/product"}],"version-history":[{"count":10,"href":"https:\/\/store.todsystem.com\/es\/wp-json\/wp\/v2\/product\/1013646\/revisions"}],"predecessor-version":[{"id":1014783,"href":"https:\/\/store.todsystem.com\/es\/wp-json\/wp\/v2\/product\/1013646\/revisions\/1014783"}],"wp:featuredmedia":[{"embeddable":true,"href":"https:\/\/store.todsystem.com\/es\/wp-json\/wp\/v2\/media\/1013892"}],"wp:attachment":[{"href":"https:\/\/store.todsystem.com\/es\/wp-json\/wp\/v2\/media?parent=1013646"}],"wp:term":[{"taxonomy":"pwb-brand","embeddable":true,"href":"https:\/\/store.todsystem.com\/es\/wp-json\/wp\/v2\/pwb-brand?post=1013646"},{"taxonomy":"product_brand","embeddable":true,"href":"https:\/\/store.todsystem.com\/es\/wp-json\/wp\/v2\/product_brand?post=1013646"},{"taxonomy":"product_cat","embeddable":true,"href":"https:\/\/store.todsystem.com\/es\/wp-json\/wp\/v2\/product_cat?post=1013646"},{"taxonomy":"product_tag","embeddable":true,"href":"https:\/\/store.todsystem.com\/es\/wp-json\/wp\/v2\/product_tag?post=1013646"}],"curies":[{"name":"wp","href":"https:\/\/api.w.org\/{rel}","templated":true}]}}