{"id":1013639,"date":"2024-10-29T13:45:30","date_gmt":"2024-10-29T13:45:30","guid":{"rendered":"https:\/\/store.todsystem.com\/?post_type=product&#038;p=1013639"},"modified":"2025-06-18T10:39:11","modified_gmt":"2025-06-18T10:39:11","slug":"dobot-cr20a","status":"publish","type":"product","link":"https:\/\/store.todsystem.com\/es\/producto\/dobot-cr20a\/","title":{"rendered":"Dobot CR20A"},"content":{"rendered":"<div class=\"vgblk-rw-wrapper limit-wrapper\"><strong>Dobot CR20A: Il Cobot ad Alta Capacit\u00e0 per Automazione Industriale Avanzata<\/strong><\/p>\n<p>En <strong data-start=\"84\" data-end=\"99\">Dobot CR20A<\/strong> \u00e8 un robot collaborativo robusto e versatile progettato per affrontare le sfide dell&#8217;automazione industriale pi\u00f9 avanzate. Con una capacit\u00e0 di carico di 20 kg e un raggio di lavoro di 1.750 mm, il CR20A \u00e8 ideale per operazioni complesse come manipolazione di materiali pesanti, assemblaggio di precisione, pallettizzazione e altre attivit\u00e0 che richiedono una combinazione di forza, precisione e un ampio campo di azione. Grazie alla sua capacit\u00e0 di lavorare in sicurezza fianco a fianco con gli operatori e alla sua straordinaria flessibilit\u00e0, il CR20A \u00e8 una soluzione perfetta per migliorare l&#8217;efficienza e la produttivit\u00e0 in ambienti industriali ad alta intensit\u00e0.<\/p>\n<p><strong data-start=\"667\" data-end=\"707\">Principales caracter\u00edsticas t\u00e9cnicas:<\/strong><\/p>\n<ul>\n<li data-start=\"708\" data-end=\"725\"><strong data-start=\"710\" data-end=\"719\">Peso:<\/strong> 73 kg<\/li>\n<li data-start=\"726\" data-end=\"752\"><strong data-start=\"728\" data-end=\"747\">Carga m\u00e1xima:<\/strong> 20 kg<\/li>\n<li data-start=\"753\" data-end=\"783\"><strong data-start=\"755\" data-end=\"776\">Radio de trabajo:<\/strong> 1700 mm<\/li>\n<li data-start=\"784\" data-end=\"823\"><strong data-start=\"786\" data-end=\"815\">Velocidad lineal m\u00e1xima:<\/strong>\u00a02 m\/s<\/li>\n<li data-start=\"824\" data-end=\"966\"><strong data-start=\"826\" data-end=\"856\">Excursiones conjuntas:\u00a0<\/strong>J3: \u00b1 165\u00b0 (altre giunture: \u00b1 360\u00b0)<\/li>\n<li><strong>Velocit\u00e0 massima delle Giunture:\u00a0<\/strong><\/li>\n<\/ul>\n<ol>\n<li>J1\/J2: 120\u00b0\/s<\/li>\n<li>J3: 150\u00b0\/s<\/li>\n<li>J4\/J5\/J6: 180\u00b0\/s<\/li>\n<\/ol>\n<p><strong data-start=\"1119\" data-end=\"1135\">Rendimiento:<\/strong><\/p>\n<p>En <strong data-start=\"1139\" data-end=\"1154\">Dobot CR20A<\/strong> \u00e8 progettato per eseguire operazioni industriali ad alta capacit\u00e0, grazie alla sua capacit\u00e0 di carico di <strong>20 kg<\/strong> e una ripetibilit\u00e0 di <strong>\u00b10.05 mm<\/strong>. La velocit\u00e0 lineare massima di <strong>2 m\/s<\/strong> e la velocit\u00e0 delle giunture di <strong>180\u00b0\/s<\/strong> consentono al <strong>CR20A<\/strong> di operare con grande rapidit\u00e0 e precisione, ottimizzando i cicli produttivi. Il suo raggio di lavoro di <strong>1.700 mm<\/strong> permette di coprire ampie aree, riducendo al minimo la necessit\u00e0 di riposizionamenti frequenti e aumentando l&#8217;efficienza operativa nelle linee di produzione.<\/p>\n<p><strong data-start=\"1669\" data-end=\"1699\">Maniobrabilidad y estabilidad:<\/strong><\/p>\n<p>Con un peso di <strong>73 kg<\/strong>el <strong data-start=\"1726\" data-end=\"1741\">Dobot CR20A<\/strong> offre una struttura robusta che garantisce stabilit\u00e0 anche nelle operazioni pi\u00f9 gravose. La sua capacit\u00e0 di eseguire movimenti rapidi e precisi, combinata con un ampio raggio di lavoro, lo rende particolarmente adatto per compiti che richiedono grande forza e agilit\u00e0. La velocit\u00e0 massima delle giunture di <strong>180\u00b0\/s<\/strong> assicura che il robot possa completare operazioni dinamiche senza compromettere la precisione e l&#8217;affidabilit\u00e0, anche in ambienti industriali complessi.<\/p>\n<p><strong data-start=\"2210\" data-end=\"2237\">Tecnolog\u00eda y seguridad:<\/strong><\/p>\n<p>En <strong data-start=\"2241\" data-end=\"2256\">Dobot CR20A<\/strong> \u00e8 equipaggiato con sensori avanzati che garantiscono un ambiente di lavoro sicuro. Grazie alla protezione contro collisioni e alla regolazione automatica della velocit\u00e0 in base all&#8217;ambiente circostante, il <strong>CR20A<\/strong> \u00e8 progettato per lavorare fianco a fianco con gli operatori senza la necessit\u00e0 di barriere fisiche. La sua capacit\u00e0 di adattarsi dinamicamente alle condizioni operative e la programmazione intuitiva rendono il <strong>CR20A<\/strong> facile da integrare nelle linee di produzione, riducendo i tempi di set-up e migliorando l&#8217;efficienza generale.<\/p>\n<p><strong data-start=\"3051\" data-end=\"3073\">\u00bfPor qu\u00e9 elegirlo?<\/strong><\/p>\n<p>Elija el <strong data-start=\"3087\" data-end=\"3102\">Dobot CR20A<\/strong> significa ottenere un robot collaborativo di alta capacit\u00e0, progettato per gestire operazioni di automazione avanzata che richiedono forza, precisione e un ampio raggio di azione. Con una capacit\u00e0 di carico di <strong>20 kg<\/strong>, un raggio di lavoro di <strong>1.700 mm<\/strong> e una sicurezza avanzata, il <strong>CR20A<\/strong> \u00e8 la soluzione ideale per le aziende che desiderano ottimizzare la loro produttivit\u00e0, ridurre i costi operativi e garantire un ambiente di lavoro sicuro e altamente efficiente.<\/div>\n<p><!-- .vgblk-rw-wrapper --><\/p>","protected":false},"excerpt":{"rendered":"<p>En <strong>CR20A<\/strong> representa la evoluci\u00f3n de los robots colaborativos, superando las limitaciones de carga \u00fatil y ofreciendo una mayor versatilidad para aplicaciones industriales. Con un dise\u00f1o ergon\u00f3mico y una funcionalidad avanzada, el <strong>CR20A<\/strong> se integra f\u00e1cilmente en los procesos de trabajo, aumentando la eficacia y la seguridad.<\/p>\n<h3><\/h3>","protected":false},"featured_media":1016912,"template":"","meta":[],"pwb-brand":[579],"product_brand":[],"product_cat":[280],"product_tag":[],"class_list":{"0":"post-1013639","1":"product","2":"type-product","3":"status-publish","4":"has-post-thumbnail","6":"pwb-brand-dobot","7":"product_cat-robot-collaborativi","9":"first","10":"instock","11":"shipping-taxable","12":"product-type-simple"},"brands":[{"id":579,"name":"Dobot","slug":"dobot"}],"_links":{"self":[{"href":"https:\/\/store.todsystem.com\/es\/wp-json\/wp\/v2\/product\/1013639","targetHints":{"allow":["GET"]}}],"collection":[{"href":"https:\/\/store.todsystem.com\/es\/wp-json\/wp\/v2\/product"}],"about":[{"href":"https:\/\/store.todsystem.com\/es\/wp-json\/wp\/v2\/types\/product"}],"version-history":[{"count":9,"href":"https:\/\/store.todsystem.com\/es\/wp-json\/wp\/v2\/product\/1013639\/revisions"}],"predecessor-version":[{"id":1016028,"href":"https:\/\/store.todsystem.com\/es\/wp-json\/wp\/v2\/product\/1013639\/revisions\/1016028"}],"wp:featuredmedia":[{"embeddable":true,"href":"https:\/\/store.todsystem.com\/es\/wp-json\/wp\/v2\/media\/1016912"}],"wp:attachment":[{"href":"https:\/\/store.todsystem.com\/es\/wp-json\/wp\/v2\/media?parent=1013639"}],"wp:term":[{"taxonomy":"pwb-brand","embeddable":true,"href":"https:\/\/store.todsystem.com\/es\/wp-json\/wp\/v2\/pwb-brand?post=1013639"},{"taxonomy":"product_brand","embeddable":true,"href":"https:\/\/store.todsystem.com\/es\/wp-json\/wp\/v2\/product_brand?post=1013639"},{"taxonomy":"product_cat","embeddable":true,"href":"https:\/\/store.todsystem.com\/es\/wp-json\/wp\/v2\/product_cat?post=1013639"},{"taxonomy":"product_tag","embeddable":true,"href":"https:\/\/store.todsystem.com\/es\/wp-json\/wp\/v2\/product_tag?post=1013639"}],"curies":[{"name":"wp","href":"https:\/\/api.w.org\/{rel}","templated":true}]}}