{"id":1013576,"date":"2024-10-28T15:17:50","date_gmt":"2024-10-28T15:17:50","guid":{"rendered":"https:\/\/store.todsystem.com\/?post_type=product&#038;p=1013576"},"modified":"2025-07-31T14:55:54","modified_gmt":"2025-07-31T14:55:54","slug":"universal-robot-ur-30","status":"publish","type":"product","link":"https:\/\/store.todsystem.com\/es\/producto\/universal-robot-ur-30\/","title":{"rendered":"Robot universal UR 30"},"content":{"rendered":"<div class=\"vgblk-rw-wrapper limit-wrapper\"><strong>Universal Robot UR30 di Dobot Robotics: Il Robot Collaborativo per Automazione Industriale\u00a0<\/strong><\/p>\n<p>L'<strong>UR30<\/strong>\u00a0\u00e8 un cobot innovativo progettato per gestire carichi impegnativi in spazi ridotti. Con una capacit\u00e0 di carico di <strong>30 kg<\/strong> e un raggio d&#8217;azione di 1<strong>300 mm<\/strong>, questo robot collaborativo \u00e8 ideale per applicazioni come pallettizzazione, gestione macchine e operazioni di avvitatura di precisione. La sua configurazione intuitiva e la sicurezza avanzata garantiscono un incremento significativo nell&#8217;efficienza produttiva.<\/p>\n<p data-start=\"79\" data-end=\"119\"><strong data-start=\"79\" data-end=\"119\">Principales caracter\u00edsticas t\u00e9cnicas:<\/strong><\/p>\n<ul data-start=\"120\" data-end=\"596\">\n<li data-start=\"120\" data-end=\"137\"><strong data-start=\"122\" data-end=\"131\">Peso:<\/strong> 65.5 kg<\/li>\n<li data-start=\"120\" data-end=\"137\"><strong data-start=\"140\" data-end=\"159\">Carga m\u00e1xima:<\/strong> 30 kg<\/li>\n<li data-start=\"165\" data-end=\"197\"><strong data-start=\"167\" data-end=\"188\">Radio de trabajo:<\/strong> 1.300 mm<\/li>\n<li data-start=\"198\" data-end=\"235\"><strong data-start=\"200\" data-end=\"229\">Velocidad lineal m\u00e1xima:<\/strong> 2 m\/s<\/li>\n<li data-start=\"236\" data-end=\"431\"><strong data-start=\"238\" data-end=\"268\">Escursioni delle giunture:<\/strong>\n<ul data-start=\"271\" data-end=\"431\">\n<li data-start=\"271\" data-end=\"294\">J1 : 360\u00b0<\/li>\n<li data-start=\"297\" data-end=\"322\">J2 : 160\u00b0<\/li>\n<li data-start=\"325\" data-end=\"350\">J3 : 160\u00b0<\/li>\n<li data-start=\"353\" data-end=\"377\">J4 : 360\u00b0<\/li>\n<li data-start=\"380\" data-end=\"404\">J5 : 360\u00b0<\/li>\n<li data-start=\"407\" data-end=\"431\">J6 : 360\u00b0<\/li>\n<\/ul>\n<\/li>\n<li data-start=\"432\" data-end=\"596\"><strong data-start=\"434\" data-end=\"470\">Velocidad m\u00e1xima de la articulaci\u00f3n:\u00a0<\/strong>\u00b1210\u00b0\/s<\/li>\n<\/ul>\n<p data-start=\"976\" data-end=\"1516\">\n<p data-start=\"976\" data-end=\"1516\">L'<strong>UR30<\/strong> \u00e8 pensato per una vasta gamma di operazioni industriali, garantendo alte prestazioni in termini di velocit\u00e0, precisione e capacit\u00e0 di carico. Con una portata di <strong>30 kg<\/strong> e un ampio raggio di lavoro di <strong>1.300 mm<\/strong>, questo cobot \u00e8 ideale per compiti di assemblaggio, movimentazione e controllo qualit\u00e0. La ripetibilit\u00e0 di <strong>\u00b1 0,1 mm<\/strong> consente movimenti precisi e costanti, anche nelle applicazioni pi\u00f9 delicate, migliorando la qualit\u00e0 e riducendo il rischio di errori. Questo lo rende perfetto per ambienti che richiedono alta affidabilit\u00e0 e flessibilit\u00e0.\u00a0 Con un design compatto e un peso di <strong>65.5 kg<\/strong>, l'<strong>UR30<\/strong> \u00e8 facile da integrare anche in spazi ristretti. La velocit\u00e0 lineare di <strong>2 m\/s<\/strong> e la possibilit\u00e0 di ruotare liberamente a <strong>360\u00b0<\/strong> su ogni giunto gli conferiscono una manovrabilit\u00e0 eccellente. La stabilit\u00e0 del robot garantisce prestazioni affidabili anche durante le operazioni ad alta velocit\u00e0, consentendo alle aziende di ottimizzare la produttivit\u00e0 e ridurre i tempi di ciclo senza compromettere la precisione.<\/p>\n<p data-start=\"1935\" data-end=\"2379\">L' <strong data-start=\"1966\" data-end=\"1974\">UR30<\/strong> \u00e8 equipaggiato con avanzati sensori di sicurezza che rilevano la presenza degli operatori e adeguano automaticamente la velocit\u00e0 e i movimenti del robot, assicurando un ambiente di lavoro sicuro e protetto. La possibilit\u00e0 di programmare il robot attraverso un\u2019interfaccia intuitiva, e l\u2019integrazione con piattaforme di automazione, lo rendono versatile e facilmente adattabile a vari scenari industriali.<\/p>\n<p data-start=\"1935\" data-end=\"2379\">Elija el <strong data-start=\"2684\" data-end=\"2708\">Universal Robot UR30<\/strong> significa adottare una tecnologia collaborativa avanzata che ottimizza i processi produttivi, riduce il rischio di errori e aumenta la sicurezza sul lavoro. La sua facilit\u00e0 di programmazione e la capacit\u00e0 di lavorare senza barriere di sicurezza lo rendono un alleato prezioso per le aziende che cercano soluzioni di automazione sicure, efficienti e altamente personalizzabili.<\/p>\n<\/div>\n<p><!-- .vgblk-rw-wrapper --><\/p>","protected":false},"excerpt":{"rendered":"<p>L'<strong>Universal Robot UR30<\/strong> di Dobot Robotics \u00e8 un robot collaborativo avanzato, progettato per svolgere compiti di automazione industriale in ambienti produttivi e logistici. Grazie alla sua flessibilit\u00e0, precisione e facilit\u00e0 di programmazione, \u00e8 in grado di ottimizzare le operazioni manuali, migliorando l&#8217;efficienza e riducendo i tempi di produzione.<\/p>\n<p>&nbsp;<\/p>","protected":false},"featured_media":1014371,"template":"","meta":[],"pwb-brand":[577],"product_brand":[],"product_cat":[280],"product_tag":[],"class_list":{"0":"post-1013576","1":"product","2":"type-product","3":"status-publish","4":"has-post-thumbnail","6":"pwb-brand-universal-robots","7":"product_cat-robot-collaborativi","9":"first","10":"instock","11":"shipping-taxable","12":"product-type-simple"},"brands":[{"id":577,"name":"Robots universales","slug":"robots-universales"}],"_links":{"self":[{"href":"https:\/\/store.todsystem.com\/es\/wp-json\/wp\/v2\/product\/1013576","targetHints":{"allow":["GET"]}}],"collection":[{"href":"https:\/\/store.todsystem.com\/es\/wp-json\/wp\/v2\/product"}],"about":[{"href":"https:\/\/store.todsystem.com\/es\/wp-json\/wp\/v2\/types\/product"}],"version-history":[{"count":16,"href":"https:\/\/store.todsystem.com\/es\/wp-json\/wp\/v2\/product\/1013576\/revisions"}],"predecessor-version":[{"id":1018568,"href":"https:\/\/store.todsystem.com\/es\/wp-json\/wp\/v2\/product\/1013576\/revisions\/1018568"}],"wp:featuredmedia":[{"embeddable":true,"href":"https:\/\/store.todsystem.com\/es\/wp-json\/wp\/v2\/media\/1014371"}],"wp:attachment":[{"href":"https:\/\/store.todsystem.com\/es\/wp-json\/wp\/v2\/media?parent=1013576"}],"wp:term":[{"taxonomy":"pwb-brand","embeddable":true,"href":"https:\/\/store.todsystem.com\/es\/wp-json\/wp\/v2\/pwb-brand?post=1013576"},{"taxonomy":"product_brand","embeddable":true,"href":"https:\/\/store.todsystem.com\/es\/wp-json\/wp\/v2\/product_brand?post=1013576"},{"taxonomy":"product_cat","embeddable":true,"href":"https:\/\/store.todsystem.com\/es\/wp-json\/wp\/v2\/product_cat?post=1013576"},{"taxonomy":"product_tag","embeddable":true,"href":"https:\/\/store.todsystem.com\/es\/wp-json\/wp\/v2\/product_tag?post=1013576"}],"curies":[{"name":"wp","href":"https:\/\/api.w.org\/{rel}","templated":true}]}}