{"id":1013538,"date":"2025-07-03T07:50:04","date_gmt":"2025-07-03T07:50:04","guid":{"rendered":"https:\/\/store.todsystem.com\/?post_type=product&#038;p=1013538"},"modified":"2025-07-03T07:50:04","modified_gmt":"2025-07-03T07:50:04","slug":"pudu-cc1","status":"publish","type":"product","link":"https:\/\/store.todsystem.com\/es\/producto\/pudu-cc1\/","title":{"rendered":"PUDU CC1"},"content":{"rendered":"<div class=\"vgblk-rw-wrapper limit-wrapper\">El robot <strong>Pudu CC1<\/strong> ofrece una <strong>cuatro en uno<\/strong> que combina las funciones de barrer, fregar y aspirar, garantizando una higiene total en diversos tipos de suelos. Con una potencia de aspiraci\u00f3n de 17.000 Pa, puede eliminar las manchas m\u00e1s dif\u00edciles sin dejar rastros. Equipada con un cepillo lateral para una limpieza precisa de los bordes, la Pudu CC1 est\u00e1 dise\u00f1ada para garantizar una higiene perfecta, incluso en los rincones m\u00e1s dif\u00edciles de alcanzar.<\/p>\n<p>Principales caracter\u00edsticas t\u00e9cnicas:<\/p>\n<ul>\n<li><strong>Modos de limpieza<\/strong>barrido, lavado, fregado, aspirado<\/li>\n<li><strong>Capacidad de los dep\u00f3sitos<\/strong>:\n<ul>\n<li>Dep\u00f3sito de agua dulce: 15 litros<\/li>\n<li>Dep\u00f3sito de agua sucia: 15 litros<\/li>\n<\/ul>\n<\/li>\n<li><strong>Tiempo de recarga<\/strong>&lt; 3 horas<\/li>\n<li><strong>Duraci\u00f3n de la bater\u00eda<\/strong>:\n<ul>\n<li>Barrido: 5 horas<\/li>\n<li>Succi\u00f3n + Lavado: 5 horas<\/li>\n<li>Aspirado de alfombras: 4 horas<\/li>\n<li>Lavado silencioso: 9 horas<\/li>\n<\/ul>\n<\/li>\n<li><strong>Ruido<\/strong>&lt; 70 dB<\/li>\n<li><strong>Velocidad de crucero<\/strong>Hasta 1,2 m\/s<\/li>\n<li><strong>Succi\u00f3n<\/strong>10.000 - 15.000 Pa<\/li>\n<li><strong>Eficacia de la limpieza<\/strong>720-1.200 m\u00b2\/h<\/li>\n<\/ul>\n<p>&nbsp;<\/p>\n<p>Funcionalidad de limpieza inteligente<\/p>\n<p><strong>Pudu CC1<\/strong> utiliza el sistema de navegaci\u00f3n avanzada <strong>PUDU SLAM<\/strong>que integra las tecnolog\u00edas Visual SLAM y Laser SLAM para permitir una cartograf\u00eda precisa y una navegaci\u00f3n eficaz incluso en entornos complejos. Gracias a la <strong>recuperaci\u00f3n desde el punto de interrupci\u00f3n<\/strong>el robot es capaz de reanudar autom\u00e1ticamente la actividad de limpieza en el punto exacto en el que se interrumpi\u00f3 en caso de bater\u00eda baja.<\/p>\n<p>Autonom\u00eda Funcionalidad<\/p>\n<p>El robot est\u00e1 equipado con un <strong>estaci\u00f3n de trabajo exclusiva<\/strong> que permite a\u00f1adir y vaciar agua autom\u00e1ticamente, evitando la intervenci\u00f3n manual. La recarga se produce autom\u00e1ticamente: cuando la bater\u00eda se descarga, <strong>Pudu CC1<\/strong> vuelve de forma aut\u00f3noma a la estaci\u00f3n para recargarse.<\/p>\n<p>Asa extensible<\/p>\n<p>El asa extensible facilita el manejo de <strong>Pudu CC1<\/strong> m\u00e1s ergon\u00f3mico, facilitando tanto la creaci\u00f3n de mapas de limpieza como la gesti\u00f3n de las emergencias de limpieza.<\/p>\n<p>Control e informes digitales<\/p>\n<p><strong>Pudu CC1<\/strong> est\u00e1 equipada con un sistema de supervisi\u00f3n digital que env\u00eda notificaciones e informes en tiempo real sobre el rendimiento de la limpieza, indicando la superficie limpiada y el tiempo empleado. Esta funci\u00f3n permite supervisar la eficacia y la eficiencia de la limpieza, proporcionando informaci\u00f3n valiosa para la optimizaci\u00f3n del proceso.<\/p>\n<p>Por qu\u00e9 elegirlo<\/p>\n<p><strong>Pudu CC1<\/strong> es la elecci\u00f3n ideal para grandes espacios comerciales que requieren una limpieza frecuente y a fondo. Gracias a su capacidad para gestionar m\u00faltiples funciones de limpieza de una sola vez, su navegaci\u00f3n aut\u00f3noma y la gesti\u00f3n totalmente autom\u00e1tica del agua y los recambios, <strong>Pudu CC1<\/strong> ofrece un funcionamiento continuo y un mantenimiento m\u00ednimo, maximizando la eficacia y los resultados.<\/div>\n<p><!-- .vgblk-rw-wrapper --><\/p>","protected":false},"excerpt":{"rendered":"<p><strong>Pudu CC1<\/strong> es un robot de limpieza comercial inteligente y multifuncional dise\u00f1ado para ofrecer una soluci\u00f3n de limpieza completa en un solo dispositivo. Con capacidades de barrido, lavado, fregado y aspiraci\u00f3n, el Pudu CC1 es capaz de satisfacer todas las necesidades de limpieza en entornos comerciales complejos, ofreciendo flexibilidad, autonom\u00eda y gran potencia de aspiraci\u00f3n.<\/p>\n<h3><\/h3>","protected":false},"featured_media":1013916,"template":"","meta":[],"pwb-brand":[],"product_brand":[],"product_cat":[634],"product_tag":[],"class_list":{"0":"post-1013538","1":"product","2":"type-product","3":"status-publish","4":"has-post-thumbnail","6":"product_cat-robot-per-reception-e-hospitality","8":"first","9":"instock","10":"shipping-taxable","11":"product-type-simple"},"brands":[],"_links":{"self":[{"href":"https:\/\/store.todsystem.com\/es\/wp-json\/wp\/v2\/product\/1013538","targetHints":{"allow":["GET"]}}],"collection":[{"href":"https:\/\/store.todsystem.com\/es\/wp-json\/wp\/v2\/product"}],"about":[{"href":"https:\/\/store.todsystem.com\/es\/wp-json\/wp\/v2\/types\/product"}],"version-history":[{"count":3,"href":"https:\/\/store.todsystem.com\/es\/wp-json\/wp\/v2\/product\/1013538\/revisions"}],"predecessor-version":[{"id":1017068,"href":"https:\/\/store.todsystem.com\/es\/wp-json\/wp\/v2\/product\/1013538\/revisions\/1017068"}],"wp:featuredmedia":[{"embeddable":true,"href":"https:\/\/store.todsystem.com\/es\/wp-json\/wp\/v2\/media\/1013916"}],"wp:attachment":[{"href":"https:\/\/store.todsystem.com\/es\/wp-json\/wp\/v2\/media?parent=1013538"}],"wp:term":[{"taxonomy":"pwb-brand","embeddable":true,"href":"https:\/\/store.todsystem.com\/es\/wp-json\/wp\/v2\/pwb-brand?post=1013538"},{"taxonomy":"product_brand","embeddable":true,"href":"https:\/\/store.todsystem.com\/es\/wp-json\/wp\/v2\/product_brand?post=1013538"},{"taxonomy":"product_cat","embeddable":true,"href":"https:\/\/store.todsystem.com\/es\/wp-json\/wp\/v2\/product_cat?post=1013538"},{"taxonomy":"product_tag","embeddable":true,"href":"https:\/\/store.todsystem.com\/es\/wp-json\/wp\/v2\/product_tag?post=1013538"}],"curies":[{"name":"wp","href":"https:\/\/api.w.org\/{rel}","templated":true}]}}