{"id":1013523,"date":"2025-07-03T07:50:04","date_gmt":"2025-07-03T07:50:04","guid":{"rendered":"https:\/\/store.todsystem.com\/?post_type=product&#038;p=1013523"},"modified":"2025-07-03T07:50:04","modified_gmt":"2025-07-03T07:50:04","slug":"pudu-sh1","status":"publish","type":"product","link":"https:\/\/store.todsystem.com\/es\/producto\/pudu-sh1\/","title":{"rendered":"PUDU SH1"},"content":{"rendered":"<div class=\"vgblk-rw-wrapper limit-wrapper\">El robot <strong>Pudu SH1<\/strong> se distingue por su eficiencia en el ahorro de recursos y su rapidez de ejecuci\u00f3n. En comparaci\u00f3n con una mopa convencional, la SH1 ahorra hasta 80% en agua y detergente, reduciendo el tiempo de limpieza en 70%. Con un cepillo giratorio de 350 rpm y una presi\u00f3n uniforme, disuelve r\u00e1pidamente incluso las manchas m\u00e1s dif\u00edciles, devolviendo a los suelos un estado impecable.<\/p>\n<p>Principales caracter\u00edsticas t\u00e9cnicas:<\/p>\n<ul>\n<li><strong>Dimensiones<\/strong>49 \u00d7 53 \u00d7 120 cm<\/li>\n<li><strong>Peso<\/strong>27 kg<\/li>\n<li><strong>Productividad de la limpieza<\/strong>1100-1600 m\u00b2\/hora<\/li>\n<li><strong>Anchura de trabajo<\/strong>44 cm<\/li>\n<li><strong>Anchura de la escobilla de goma<\/strong>49 cm<\/li>\n<li><strong>Capacidad del dep\u00f3sito de soluci\u00f3n<\/strong>4 litros<\/li>\n<li><strong>Capacidad del dep\u00f3sito de recuperaci\u00f3n<\/strong>4 litros<\/li>\n<li><strong>Capacidad de la bater\u00eda<\/strong>: 18 Ah<\/li>\n<li><strong>Tiempo de ejecuci\u00f3n<\/strong>:\n<ul>\n<li>Modo est\u00e1ndar: 70 minutos<\/li>\n<li>Modo ECO: 100 minutos<\/li>\n<\/ul>\n<\/li>\n<li><strong>Tiempo de recarga<\/strong>2,5 horas<\/li>\n<li><strong>Ruido<\/strong>:\n<ul>\n<li>Modo est\u00e1ndar: 76 dB (A)<\/li>\n<li>Modo ECO: 71 dB (A)<\/li>\n<\/ul>\n<\/li>\n<\/ul>\n<p>&nbsp;<\/p>\n<p>Eficacia y potencia de limpieza<\/p>\n<p>El motor sin escobillas de <strong>Pudu SH1<\/strong> ofrece una potencia de aspiraci\u00f3n de 20.000 Pa, secando r\u00e1pidamente los suelos y evitando el riesgo de contaminaci\u00f3n secundaria. Gracias a la separaci\u00f3n aire-l\u00edquido-detritus, SH1 manipula f\u00e1cilmente residuos s\u00f3lidos y l\u00edquidos, evitando atascos y facilitando su eliminaci\u00f3n.<\/p>\n<p>Versatilidad y accesorios<\/p>\n<p><strong>Pudu SH1<\/strong> est\u00e1 dise\u00f1ada para hacer frente a diversos tipos de superficies y situaciones. Equipada con accesorios especializados, puede limpiar superficies verticales como escaparates, paredes alicatadas y ventanas, as\u00ed como llegar a zonas dif\u00edciles, espacios bajos, bordes y superficies horizontales. La capacidad de limpieza de 360\u00b0 garantiza la cobertura incluso de las zonas de dif\u00edcil acceso. Incluye cepillos de fregado, almohadillas de pulido y escobillas de goma, disponibles en materiales blandos, medios y duros, seg\u00fan las necesidades.<\/p>\n<p>Funciones inteligentes e informes<\/p>\n<p>La interfaz de la pantalla t\u00e1ctil ofrece notificaciones de estado en tiempo real, como dep\u00f3sitos vac\u00edos o llenos, aver\u00edas del motor y mantenimiento de la escobilla de goma. Adem\u00e1s, la <strong>Informe de limpieza de Pudu<\/strong> proporciona informaci\u00f3n detallada sobre las sesiones de limpieza, incluidos datos sobre la superficie limpiada, la duraci\u00f3n y el consumo de agua, lo que mejora la gesti\u00f3n y la optimizaci\u00f3n del proceso de limpieza.<\/p>\n<p>Dise\u00f1o modular para facilitar el mantenimiento<\/p>\n<p>En <strong>dise\u00f1o modular<\/strong> por <strong>Pudu SH1<\/strong> facilita el mantenimiento. Los cepillos de lavado, las rasquetas, los dep\u00f3sitos y las bater\u00edas se han dise\u00f1ado para que puedan desmontarse y sustituirse con facilidad, lo que permite un manejo sin complicaciones y una entrega r\u00e1pida.<\/p>\n<p>Por qu\u00e9 elegirlo<\/p>\n<p><strong>Pudu SH1<\/strong> es la elecci\u00f3n ideal para las empresas que necesitan una soluci\u00f3n de limpieza avanzada, r\u00e1pida y optimizada para una gran variedad de superficies. Con un dise\u00f1o ergon\u00f3mico, capacidades de ahorro de recursos y versatilidad de uso, Pudu SH1 ofrece una excelente operaci\u00f3n de limpieza al tiempo que mantiene altos est\u00e1ndares de higiene y reduce los costes operativos.<\/div>\n<p><!-- .vgblk-rw-wrapper --><\/p>","protected":false},"excerpt":{"rendered":"<p><strong>Pudu SH1<\/strong> es un robot de limpieza avanzado dise\u00f1ado para ofrecer un alto rendimiento reduciendo el tiempo, el consumo de agua y los detergentes en comparaci\u00f3n con los m\u00e9todos tradicionales. Con una potente aspiraci\u00f3n, capacidad de limpieza vertical y horizontal y un dise\u00f1o modular, el SH1 es una soluci\u00f3n ideal para entornos que requieren una limpieza a fondo y frecuente, como restaurantes, oficinas e instalaciones p\u00fablicas.<\/p>\n<h3><\/h3>","protected":false},"featured_media":1013550,"template":"","meta":[],"pwb-brand":[],"product_brand":[],"product_cat":[634],"product_tag":[],"class_list":{"0":"post-1013523","1":"product","2":"type-product","3":"status-publish","4":"has-post-thumbnail","6":"product_cat-robot-per-reception-e-hospitality","8":"first","9":"instock","10":"shipping-taxable","11":"product-type-simple"},"brands":[],"_links":{"self":[{"href":"https:\/\/store.todsystem.com\/es\/wp-json\/wp\/v2\/product\/1013523","targetHints":{"allow":["GET"]}}],"collection":[{"href":"https:\/\/store.todsystem.com\/es\/wp-json\/wp\/v2\/product"}],"about":[{"href":"https:\/\/store.todsystem.com\/es\/wp-json\/wp\/v2\/types\/product"}],"version-history":[{"count":5,"href":"https:\/\/store.todsystem.com\/es\/wp-json\/wp\/v2\/product\/1013523\/revisions"}],"predecessor-version":[{"id":1017069,"href":"https:\/\/store.todsystem.com\/es\/wp-json\/wp\/v2\/product\/1013523\/revisions\/1017069"}],"wp:featuredmedia":[{"embeddable":true,"href":"https:\/\/store.todsystem.com\/es\/wp-json\/wp\/v2\/media\/1013550"}],"wp:attachment":[{"href":"https:\/\/store.todsystem.com\/es\/wp-json\/wp\/v2\/media?parent=1013523"}],"wp:term":[{"taxonomy":"pwb-brand","embeddable":true,"href":"https:\/\/store.todsystem.com\/es\/wp-json\/wp\/v2\/pwb-brand?post=1013523"},{"taxonomy":"product_brand","embeddable":true,"href":"https:\/\/store.todsystem.com\/es\/wp-json\/wp\/v2\/product_brand?post=1013523"},{"taxonomy":"product_cat","embeddable":true,"href":"https:\/\/store.todsystem.com\/es\/wp-json\/wp\/v2\/product_cat?post=1013523"},{"taxonomy":"product_tag","embeddable":true,"href":"https:\/\/store.todsystem.com\/es\/wp-json\/wp\/v2\/product_tag?post=1013523"}],"curies":[{"name":"wp","href":"https:\/\/api.w.org\/{rel}","templated":true}]}}