{"id":1013511,"date":"2025-07-03T07:50:05","date_gmt":"2025-07-03T07:50:05","guid":{"rendered":"https:\/\/store.todsystem.com\/?post_type=product&#038;p=1013511"},"modified":"2025-07-03T07:50:05","modified_gmt":"2025-07-03T07:50:05","slug":"pudu-bellabot-pro","status":"publish","type":"product","link":"https:\/\/store.todsystem.com\/es\/producto\/pudu-bellabot-pro\/","title":{"rendered":"PUDU BellaBot Pro"},"content":{"rendered":"<div class=\"vgblk-rw-wrapper limit-wrapper\"><strong>BellaBot Pro<\/strong> representa una evoluci\u00f3n del dise\u00f1o original de BellaBot, que combina una estructura duradera con funciones innovadoras para mejorar la interacci\u00f3n con el cliente y la promoci\u00f3n visual din\u00e1mica. Con una pantalla publicitaria de 18,5 pulgadas, BellaBot Pro puede emitir v\u00eddeos e im\u00e1genes promocionales, aumentando el atractivo del local y la fidelidad de los clientes. Su atractivo dise\u00f1o lo hace atractivo tanto para adultos como para ni\u00f1os, creando una experiencia \u00fanica para toda la familia.<\/p>\n<p>Principales caracter\u00edsticas t\u00e9cnicas:<\/p>\n<ul>\n<li><strong>Dimensiones de la m\u00e1quina<\/strong>57 \u00d7 55 \u00d7 129 cm<\/li>\n<li><strong>Peso<\/strong>57 kg<\/li>\n<li><strong>Capacidad de carga<\/strong>40 kg (10 kg por bandeja)<\/li>\n<li><strong>Dimensiones de la bandeja<\/strong>410 \u00d7 500 mm<\/li>\n<li><strong>Capacidad de la bater\u00eda<\/strong>25,6 Ah<\/li>\n<li><strong>Tiempo de recarga<\/strong>4,5 horas<\/li>\n<li><strong>Velocidad de crucero<\/strong>Ajustable entre 0,2 y 1,2 m\/s<\/li>\n<li><strong>Aprobaci\u00f3n del curso<\/strong>65 cm<\/li>\n<li><strong>Pantalla publicitaria<\/strong>Pantalla LCD de 18,5 pulgadas y pantalla adicional de 10,1 pulgadas<\/li>\n<li><strong>M\u00e9todos de navegaci\u00f3n<\/strong>VSLAM + SLAM l\u00e1ser<\/li>\n<\/ul>\n<p>&nbsp;<\/p>\n<p>Rendimiento<\/p>\n<p>Equipada con una capacidad de carga de hasta 40 kg y bandejas inteligentes con detecci\u00f3n autom\u00e1tica, <strong>BellaBot Pro<\/strong> es capaz de realizar entregas sin interrupci\u00f3n, optimizando la log\u00edstica interna. Las c\u00e1maras de ojo de pez integran un sistema de reconocimiento que identifica y anuncia los platos, proporcionando informaci\u00f3n como m\u00e9todos de preparaci\u00f3n y recomendaciones de consumo. Esta funci\u00f3n hace que el servicio de entrega no s\u00f3lo sea pr\u00e1ctico, sino tambi\u00e9n informativo y atractivo para los comensales.<\/p>\n<p>Percepci\u00f3n medioambiental y tecnolog\u00eda de seguridad<\/p>\n<p>Gracias a la tecnolog\u00eda <strong>Omni-Sense<\/strong> y un conjunto de sensores avanzados, BellaBot Pro garantiza una navegaci\u00f3n segura. Con dos c\u00e1maras frontales, tres sensores RGBD y un LIDAR, el robot puede detectar obst\u00e1culos en tiempo real, detenerse autom\u00e1ticamente para evitar accidentes y dirigir suavemente para una navegaci\u00f3n fluida. Esta sofisticada percepci\u00f3n del entorno reduce la probabilidad de colisiones, aumentando la seguridad y la confianza del consumidor.<\/p>\n<p>Funciones avanzadas de promoci\u00f3n e interacci\u00f3n<\/p>\n<p>La gran pantalla LCD de 18,5 pulgadas de BellaBot Pro permite proyectar contenidos promocionales personalizables a trav\u00e9s de la plataforma de gesti\u00f3n empresarial Pudu. Esta llamativa soluci\u00f3n publicitaria, combinada con un dise\u00f1o atractivo para todos los grupos de edad, es perfecta para mejorar la imagen de marca y atraer a los clientes. La detecci\u00f3n inteligente de bandejas facilita la interacci\u00f3n y la experiencia del cliente, mientras que la iluminaci\u00f3n ambiental gu\u00eda al usuario a la hora de recoger la comida.<\/p>\n<p>Por qu\u00e9 elegirlo<\/p>\n<p><strong>BellaBot Pro<\/strong> es el robot ideal para quienes desean integrar un servicio de entrega interactivo y una plataforma promocional a medida en un \u00fanico dispositivo. Adecuado para espacios complejos y din\u00e1micos, es perfecto para restaurantes, hoteles y centros comerciales que quieran destacar. Combinando tecnolog\u00eda avanzada, seguridad y funcionalidad promocional, BellaBot Pro ofrece una soluci\u00f3n completa para mejorar el servicio al cliente y aumentar la participaci\u00f3n del p\u00fablico.<\/div>\n<p><!-- .vgblk-rw-wrapper --><\/p>","protected":false},"excerpt":{"rendered":"<p><strong>BellaBot Pro<\/strong> es una soluci\u00f3n rob\u00f3tica avanzada de entrega y publicidad en interiores dise\u00f1ada para optimizar la experiencia del cliente en restaurantes, hoteles y otros espacios interiores. Con su gran pantalla publicitaria, sus avanzadas capacidades de detecci\u00f3n y su navegaci\u00f3n VSLAM + Laser SLAM, BellaBot Pro ofrece interacciones atractivas y promociones a medida, todo ello con un llamativo dise\u00f1o inspirado en un personaje felino.<\/p>","protected":false},"featured_media":1013938,"template":"","meta":[],"pwb-brand":[],"product_brand":[],"product_cat":[634],"product_tag":[],"class_list":{"0":"post-1013511","1":"product","2":"type-product","3":"status-publish","4":"has-post-thumbnail","6":"product_cat-robot-per-reception-e-hospitality","8":"first","9":"instock","10":"shipping-taxable","11":"product-type-simple"},"brands":[],"_links":{"self":[{"href":"https:\/\/store.todsystem.com\/es\/wp-json\/wp\/v2\/product\/1013511","targetHints":{"allow":["GET"]}}],"collection":[{"href":"https:\/\/store.todsystem.com\/es\/wp-json\/wp\/v2\/product"}],"about":[{"href":"https:\/\/store.todsystem.com\/es\/wp-json\/wp\/v2\/types\/product"}],"version-history":[{"count":5,"href":"https:\/\/store.todsystem.com\/es\/wp-json\/wp\/v2\/product\/1013511\/revisions"}],"predecessor-version":[{"id":1017071,"href":"https:\/\/store.todsystem.com\/es\/wp-json\/wp\/v2\/product\/1013511\/revisions\/1017071"}],"wp:featuredmedia":[{"embeddable":true,"href":"https:\/\/store.todsystem.com\/es\/wp-json\/wp\/v2\/media\/1013938"}],"wp:attachment":[{"href":"https:\/\/store.todsystem.com\/es\/wp-json\/wp\/v2\/media?parent=1013511"}],"wp:term":[{"taxonomy":"pwb-brand","embeddable":true,"href":"https:\/\/store.todsystem.com\/es\/wp-json\/wp\/v2\/pwb-brand?post=1013511"},{"taxonomy":"product_brand","embeddable":true,"href":"https:\/\/store.todsystem.com\/es\/wp-json\/wp\/v2\/product_brand?post=1013511"},{"taxonomy":"product_cat","embeddable":true,"href":"https:\/\/store.todsystem.com\/es\/wp-json\/wp\/v2\/product_cat?post=1013511"},{"taxonomy":"product_tag","embeddable":true,"href":"https:\/\/store.todsystem.com\/es\/wp-json\/wp\/v2\/product_tag?post=1013511"}],"curies":[{"name":"wp","href":"https:\/\/api.w.org\/{rel}","templated":true}]}}