{"id":1013501,"date":"2025-07-03T07:50:06","date_gmt":"2025-07-03T07:50:06","guid":{"rendered":"https:\/\/store.todsystem.com\/?post_type=product&#038;p=1013501"},"modified":"2025-07-03T07:50:06","modified_gmt":"2025-07-03T07:50:06","slug":"kettybot-pro","status":"publish","type":"product","link":"https:\/\/store.todsystem.com\/es\/producto\/kettybot-pro\/","title":{"rendered":"PUDU Robotics KettyBot Pro"},"content":{"rendered":"<div class=\"vgblk-rw-wrapper limit-wrapper\"><strong>PUDU-KETTYBOT-PRO<\/strong>\u00a0es un robot multifuncional de \u00faltima generaci\u00f3n dise\u00f1ado para revolucionar la experiencia del cliente y mejorar las operaciones de entrega en entornos comerciales. Con su combinaci\u00f3n \u00fanica de capacidades de recepci\u00f3n, comercializaci\u00f3n y entrega, es capaz de atraer la atenci\u00f3n de los clientes al tiempo que gestiona eficazmente las operaciones internas.<\/p>\n<p>Principales caracter\u00edsticas t\u00e9cnicas<\/p>\n<ul>\n<li><strong>Capacidad de carga:<\/strong>\u00a010 kg (bandeja)<\/li>\n<li><strong>Duraci\u00f3n de la bater\u00eda:<\/strong>\u00a0Hasta 9 horas<\/li>\n<li><strong>Tiempo de carga:<\/strong>\u00a03,5 horas<\/li>\n<li><strong>Velocidad m\u00e1xima:<\/strong>\u00a01,2 m\/s<\/li>\n<li><strong>Dimensiones:<\/strong>\u00a0Peso 38 kg<\/li>\n<li><strong>Sistema de navegaci\u00f3n:<\/strong>\u00a0SLAM visual, SLAM l\u00e1ser, c\u00e1maras RGBD para evitar obst\u00e1culos<\/li>\n<li><strong>Pantalla:<\/strong>\u00a0Formato vertical de 18,5<\/li>\n<li><strong>Compartimento trasero multifuncional:<\/strong>\u00a0Incluye 2 bandejas y 1 cesta<\/li>\n<li><strong>\u00c1ngulo de ascenso:<\/strong>\u00a0\u22645\u00ba<\/li>\n<\/ul>\n<p>Rendimiento<\/p>\n<p>Con una capacidad de bater\u00eda de 20 Ah, el\u00a0<strong>PUDU-KETTYBOT-PRO<\/strong>\u00a0proporciona una autonom\u00eda de hasta 9 horas, ideal para un uso intensivo en restaurantes y espacios comerciales. El robot vuelve de forma aut\u00f3noma a la estaci\u00f3n de carga (se vende por separado) cuando es necesario, lo que reduce el riesgo de interrupciones operativas.<\/p>\n<p>Maniobrabilidad y estabilidad<\/p>\n<p>En\u00a0<strong>KettyBot Pro<\/strong>\u00a0est\u00e1 dise\u00f1ado para moverse con suavidad en espacios reducidos y sobre terrenos complejos, gracias a su sistema de suspensi\u00f3n independiente que garantiza la estabilidad durante las maniobras r\u00e1pidas. Sus c\u00e1maras de 360\u00b0 contribuyen a una visi\u00f3n completa del entorno, evitando obst\u00e1culos y garantizando una navegaci\u00f3n fluida.<\/p>\n<p>Tecnolog\u00eda y seguridad<\/p>\n<p>Este robot est\u00e1 equipado con tecnolog\u00eda de navegaci\u00f3n avanzada, incluidos sensores de infrarrojos y c\u00e1maras RGBD. Funciones de seguridad como el bot\u00f3n de emergencia y los sistemas anticolisi\u00f3n garantizan un funcionamiento seguro en entornos abarrotados.<\/p>\n<p>Contenido<\/p>\n<ul>\n<li>1 x Fuente de alimentaci\u00f3n<\/li>\n<li>2 x Bandejas de carga<\/li>\n<li>1 x Cesta de carga<\/li>\n<li>2 botones de encendido<\/li>\n<li>100 pegatinas de posicionamiento QR<\/li>\n<li>1 x Manual de usuario<\/li>\n<\/ul>\n<p>Por qu\u00e9 elegirlo<\/p>\n<p><strong>PUDU-KETTYBOT-PRO<\/strong>\u00a0es la opci\u00f3n ideal para las empresas que buscan mejorar la eficiencia operativa y la interacci\u00f3n con el cliente. Su versatilidad en funciones de bienvenida, entrega y marketing, combinada con una gesti\u00f3n intuitiva mediante app m\u00f3vil, hacen de este robot un valioso aliado en el entorno empresarial.<\/p>\n<p>Aplicaci\u00f3n m\u00f3vil<\/p>\n<ul>\n<li><a href=\"https:\/\/play.google.com\/store\/apps\/details?id=com.pudutech.merchant\" rel=\"nofollow noopener\" target=\"_blank\">Android<\/a><\/li>\n<li><a href=\"https:\/\/apps.apple.com\/us\/app\/pudu-link\/id1598340894\" rel=\"nofollow noopener\" target=\"_blank\">iOS<\/a><\/li>\n<\/ul>\n<p>Para m\u00e1s informaci\u00f3n sobre el\u00a0<strong>PUDU-KETTYBOT-PRO<\/strong>No dude en ponerse en contacto con nosotros o solicitar disponibilidad.<\/div>\n<p><!-- .vgblk-rw-wrapper --><\/p>","protected":false},"excerpt":{"rendered":"<p><strong>PUDU-KETTYBOT-PRO<\/strong>\u00a0es un innovador robot 3 en 1 dise\u00f1ado para ofrecer funciones de bienvenida, entrega y marketing. Con su excepcional capacidad de carga de 10 kg y una autonom\u00eda de hasta 9 horas, es una soluci\u00f3n ideal para restaurantes, hoteles y espacios comerciales. Con un tiempo de carga de s\u00f3lo 3,5 horas y una velocidad m\u00e1xima de 1,2 m\/s, el KettyBot Pro optimiza la eficiencia operativa garantizando un servicio fluido y automatizado.<\/p>","protected":false},"featured_media":1013505,"template":"","meta":[],"pwb-brand":[],"product_brand":[],"product_cat":[634],"product_tag":[],"class_list":{"0":"post-1013501","1":"product","2":"type-product","3":"status-publish","4":"has-post-thumbnail","6":"product_cat-robot-per-reception-e-hospitality","8":"first","9":"instock","10":"shipping-taxable","11":"product-type-simple"},"brands":[],"_links":{"self":[{"href":"https:\/\/store.todsystem.com\/es\/wp-json\/wp\/v2\/product\/1013501","targetHints":{"allow":["GET"]}}],"collection":[{"href":"https:\/\/store.todsystem.com\/es\/wp-json\/wp\/v2\/product"}],"about":[{"href":"https:\/\/store.todsystem.com\/es\/wp-json\/wp\/v2\/types\/product"}],"version-history":[{"count":5,"href":"https:\/\/store.todsystem.com\/es\/wp-json\/wp\/v2\/product\/1013501\/revisions"}],"predecessor-version":[{"id":1017072,"href":"https:\/\/store.todsystem.com\/es\/wp-json\/wp\/v2\/product\/1013501\/revisions\/1017072"}],"wp:featuredmedia":[{"embeddable":true,"href":"https:\/\/store.todsystem.com\/es\/wp-json\/wp\/v2\/media\/1013505"}],"wp:attachment":[{"href":"https:\/\/store.todsystem.com\/es\/wp-json\/wp\/v2\/media?parent=1013501"}],"wp:term":[{"taxonomy":"pwb-brand","embeddable":true,"href":"https:\/\/store.todsystem.com\/es\/wp-json\/wp\/v2\/pwb-brand?post=1013501"},{"taxonomy":"product_brand","embeddable":true,"href":"https:\/\/store.todsystem.com\/es\/wp-json\/wp\/v2\/product_brand?post=1013501"},{"taxonomy":"product_cat","embeddable":true,"href":"https:\/\/store.todsystem.com\/es\/wp-json\/wp\/v2\/product_cat?post=1013501"},{"taxonomy":"product_tag","embeddable":true,"href":"https:\/\/store.todsystem.com\/es\/wp-json\/wp\/v2\/product_tag?post=1013501"}],"curies":[{"name":"wp","href":"https:\/\/api.w.org\/{rel}","templated":true}]}}