{"id":1013499,"date":"2025-07-03T07:50:06","date_gmt":"2025-07-03T07:50:06","guid":{"rendered":"https:\/\/store.todsystem.com\/?post_type=product&#038;p=1013499"},"modified":"2025-07-03T07:50:06","modified_gmt":"2025-07-03T07:50:06","slug":"pudu-holabot","status":"publish","type":"product","link":"https:\/\/store.todsystem.com\/es\/producto\/pudu-holabot\/","title":{"rendered":"PUDU HolaBot"},"content":{"rendered":"<div class=\"vgblk-rw-wrapper limit-wrapper\">En <strong>Pudu HolaBot<\/strong> es un robot dise\u00f1ado para optimizar la recogida y el transporte de objetos en una amplia gama de entornos. Con un excepcional volumen de carga de 120 litros y una capacidad m\u00e1xima de 60 kg, HolaBot es perfecto para entornos din\u00e1micos como restaurantes, oficinas y hospitales. Equipado con tecnolog\u00eda avanzada como el reconocimiento de voz y gestos, el robot agiliza el servicio y lo hace m\u00e1s higi\u00e9nico al eliminar la necesidad de contacto f\u00edsico con los botones.<\/p>\n<p>Principales caracter\u00edsticas t\u00e9cnicas:<\/p>\n<ul>\n<li><strong>Dimensiones<\/strong>54,2 x 53,4 x 122,8 cm<\/li>\n<li><strong>Peso<\/strong>55 kg<\/li>\n<li><strong>Material<\/strong>ABS y aleaci\u00f3n de aluminio aeron\u00e1utico<\/li>\n<li><strong>Capacidad de carga<\/strong>Hasta 60 kg<\/li>\n<li><strong>Volumen de carga<\/strong>120 litros<\/li>\n<li><strong>Duraci\u00f3n de la bater\u00eda<\/strong>12 horas (sin carga)<\/li>\n<li><strong>Tiempo de recarga<\/strong>4,5 horas<\/li>\n<li><strong>Velocidad de crucero<\/strong>Ajustable de 0,2 a 1,2 m\/s<\/li>\n<li><strong>Capacidad de cada estante<\/strong>15 kg<\/li>\n<li><strong>Pantalla LCD<\/strong>TFT de 1,3 pulgadas<\/li>\n<\/ul>\n<p>&nbsp;<\/p>\n<p>Rendimiento<\/p>\n<p>Con una impresionante capacidad de carga de 60 kg y 4 bandejas ajustables, <strong>HolaBot<\/strong> puede recoger y transportar varios art\u00edculos en un solo viaje, reduciendo el n\u00famero de viajes necesarios y aumentando la eficacia operativa. Es ideal para la recogida en m\u00faltiples escenarios, gestionando la entrega de varios pedidos en un solo viaje y optimizando la velocidad del servicio.<\/p>\n<p>Tecnolog\u00eda y seguridad<\/p>\n<p>HolaBot est\u00e1 equipado con sensores avanzados y un m\u00f3dulo de reconocimiento de gestos que permite activar el robot con movimientos sencillos, lo que hace que su uso sea intuitivo y sin contacto. Con su comando de voz \"Hola Hola\" y su micr\u00f3fono omnidireccional de seis filas, HolaBot puede identificar la direcci\u00f3n de los sonidos y responder en tiempo real. La carcasa interior tiene certificaci\u00f3n IPX5 para resistir salpicaduras, lo que garantiza una limpieza e higiene impecables durante el funcionamiento.<\/p>\n<p>Funci\u00f3n de buscapersonas y conectividad<\/p>\n<p>La funci\u00f3n de localizador integrada permite a los usuarios llamar a HolaBot en cualquier momento para asignarle nuevas tareas, lo que maximiza la flexibilidad operativa. La comunicaci\u00f3n se realiza a trav\u00e9s de una red LoRa ad-hoc, lo que permite al robot operar en espacios de hasta 3000 m2 sin problemas de conexi\u00f3n. La pantalla LCD ofrece una interfaz intuitiva y permite gestionar f\u00e1cilmente los comandos operativos y las comunicaciones.<\/p>\n<p>Por qu\u00e9 elegirlo<\/p>\n<p>En <strong>Pudu HolaBot<\/strong> es ideal para quienes buscan un sistema de transporte interno vers\u00e1til y de alto rendimiento. Con caracter\u00edsticas como resistencia al agua, tecnolog\u00eda de reconocimiento de voz y gestos y funci\u00f3n de localizador, HolaBot hace que las operaciones de recogida y transporte sean m\u00e1s eficientes y seguras. Es una soluci\u00f3n perfecta para mejorar la productividad y la satisfacci\u00f3n del cliente en los sectores de la restauraci\u00f3n, la sanidad y la industria.<\/div>\n<p><!-- .vgblk-rw-wrapper --><\/p>","protected":false},"excerpt":{"rendered":"<p>Pudu HolaBot es el primer robot de recogida multiescenario de Pudu, dise\u00f1ado para ofrecer soluciones eficientes en los sectores de la restauraci\u00f3n, las oficinas, los hospitales y la industria. Con una gran capacidad de carga, reconocimiento de voz, resistencia al agua y funci\u00f3n de localizaci\u00f3n, HolaBot es una opci\u00f3n innovadora para optimizar la log\u00edstica interna y mejorar la rapidez del servicio.<\/p>\n<p>&nbsp;<\/p>","protected":false},"featured_media":1013544,"template":"","meta":[],"pwb-brand":[],"product_brand":[],"product_cat":[634],"product_tag":[],"class_list":{"0":"post-1013499","1":"product","2":"type-product","3":"status-publish","4":"has-post-thumbnail","6":"product_cat-robot-per-reception-e-hospitality","8":"first","9":"instock","10":"shipping-taxable","11":"product-type-simple"},"brands":[],"_links":{"self":[{"href":"https:\/\/store.todsystem.com\/es\/wp-json\/wp\/v2\/product\/1013499","targetHints":{"allow":["GET"]}}],"collection":[{"href":"https:\/\/store.todsystem.com\/es\/wp-json\/wp\/v2\/product"}],"about":[{"href":"https:\/\/store.todsystem.com\/es\/wp-json\/wp\/v2\/types\/product"}],"version-history":[{"count":3,"href":"https:\/\/store.todsystem.com\/es\/wp-json\/wp\/v2\/product\/1013499\/revisions"}],"predecessor-version":[{"id":1017073,"href":"https:\/\/store.todsystem.com\/es\/wp-json\/wp\/v2\/product\/1013499\/revisions\/1017073"}],"wp:featuredmedia":[{"embeddable":true,"href":"https:\/\/store.todsystem.com\/es\/wp-json\/wp\/v2\/media\/1013544"}],"wp:attachment":[{"href":"https:\/\/store.todsystem.com\/es\/wp-json\/wp\/v2\/media?parent=1013499"}],"wp:term":[{"taxonomy":"pwb-brand","embeddable":true,"href":"https:\/\/store.todsystem.com\/es\/wp-json\/wp\/v2\/pwb-brand?post=1013499"},{"taxonomy":"product_brand","embeddable":true,"href":"https:\/\/store.todsystem.com\/es\/wp-json\/wp\/v2\/product_brand?post=1013499"},{"taxonomy":"product_cat","embeddable":true,"href":"https:\/\/store.todsystem.com\/es\/wp-json\/wp\/v2\/product_cat?post=1013499"},{"taxonomy":"product_tag","embeddable":true,"href":"https:\/\/store.todsystem.com\/es\/wp-json\/wp\/v2\/product_tag?post=1013499"}],"curies":[{"name":"wp","href":"https:\/\/api.w.org\/{rel}","templated":true}]}}