{"id":1013490,"date":"2025-07-03T07:50:07","date_gmt":"2025-07-03T07:50:07","guid":{"rendered":"https:\/\/store.todsystem.com\/?post_type=product&#038;p=1013490"},"modified":"2025-07-03T07:50:07","modified_gmt":"2025-07-03T07:50:07","slug":"pudu-swiftbot","status":"publish","type":"product","link":"https:\/\/store.todsystem.com\/es\/producto\/pudu-swiftbot\/","title":{"rendered":"PUDU SwiftBot"},"content":{"rendered":"<div class=\"vgblk-rw-wrapper limit-wrapper\"><strong>SwiftBot<\/strong>\u00a0redefine la relaci\u00f3n entre humanos y robots, convirti\u00e9ndose en un aliado indispensable en las operaciones de reparto. Gracias a la tecnolog\u00eda de detecci\u00f3n de colisiones y a un algoritmo inteligente desarrollado por Pudu, este robot destaca por su seguridad y versatilidad, lo que permite completar las entregas sin problemas incluso en entornos complejos y abarrotados.<\/p>\n<p>Principales caracter\u00edsticas t\u00e9cnicas:<\/p>\n<ul>\n<li><strong>Capacidad de carga:<\/strong>\u00a035 kg<\/li>\n<li><strong>Duraci\u00f3n de la bater\u00eda:<\/strong>\u00a09 horas (sin carga)<\/li>\n<li><strong>Tiempo de carga:<\/strong>\u00a04,5 horas<\/li>\n<li><strong>N\u00famero de bandejas:<\/strong>\u00a03 (por defecto)<\/li>\n<li><strong>Visibilidad de la ruta:<\/strong>\u00a080 cm<\/li>\n<li><strong>Dimensiones:<\/strong>\u00a0488 x 593 x 1288 mm<\/li>\n<li><strong>Peso:<\/strong>\u00a059 kg (versi\u00f3n est\u00e1ndar)<\/li>\n<li><strong>Velocidad m\u00e1xima:<\/strong>\u00a00,5-1,2 m\/s<\/li>\n<\/ul>\n<p>Rendimiento<\/p>\n<p><strong>SwiftBot<\/strong>\u00a0est\u00e1 dise\u00f1ado para proporcionar una autonom\u00eda operativa de 9 horas, lo que permite un funcionamiento ininterrumpido durante las horas punta. El robot tiene capacidad para reducir la congesti\u00f3n entre robots y humanos del 50% y aumentar la velocidad de desplazamiento del 30% en restaurantes, combinando una fuente de alimentaci\u00f3n h\u00edbrida y algoritmos de estabilizaci\u00f3n para una gesti\u00f3n \u00f3ptima de la distribuci\u00f3n.<\/p>\n<p>Maniobrabilidad y estabilidad<\/p>\n<p>Gracias a su alimentaci\u00f3n h\u00edbrida y a la tecnolog\u00eda de suspensi\u00f3n variable adaptativa,\u00a0<strong>SwiftBot<\/strong>\u00a0mejora la estabilidad de entrega del 20%. Su capacidad para moverse \u00e1gilmente en espacios reducidos y sobre terrenos variables la convierte en una compa\u00f1era fiable incluso en entornos dif\u00edciles y abarrotados.<\/p>\n<p>Tecnolog\u00eda y seguridad<\/p>\n<p>El robot est\u00e1 equipado con vigilancia omnidireccional, lo que garantiza la seguridad de las entregas gracias a un sistema de detecci\u00f3n humana que protege a grupos vulnerables como ancianos y ni\u00f1os. Su iniciativa \"carretera libre\" para peatones mejora la eficiencia en horas punta, minimizando el riesgo de colisiones.<\/p>\n<p>Por qu\u00e9 elegirlo<\/p>\n<p>Con un dise\u00f1o elegante y funcionalidad multifuncional,\u00a0<strong>SwiftBot<\/strong>\u00a0es la soluci\u00f3n ideal para optimizar las operaciones de entrega en entornos comerciales. F\u00e1cil de usar, segura y dotada de interacci\u00f3n multimodal, es el aliado perfecto para cualquier empresa que desee mejorar la calidad del servicio y la experiencia del cliente.<\/div>\n<p><!-- .vgblk-rw-wrapper --><\/p>","protected":false},"excerpt":{"rendered":"<p><strong>SwiftBot<\/strong>\u00a0es un robot de reparto comercial de \u00faltima generaci\u00f3n dise\u00f1ado para mejorar la eficiencia en las operaciones diarias. Con una capacidad de carga de hasta 35 kg y una bater\u00eda de 9 horas de duraci\u00f3n, SwiftBot puede realizar tareas de reparto incluso en los entornos m\u00e1s din\u00e1micos gracias a su tecnolog\u00eda de detecci\u00f3n de \u00faltima generaci\u00f3n. Su velocidad de crucero var\u00eda entre 0,5 y 1,2 m\/s, lo que lo convierte en un compa\u00f1ero ideal para restaurantes, hoteles y entornos comerciales.<\/p>","protected":false},"featured_media":1013907,"template":"","meta":[],"pwb-brand":[],"product_brand":[],"product_cat":[634],"product_tag":[],"class_list":{"0":"post-1013490","1":"product","2":"type-product","3":"status-publish","4":"has-post-thumbnail","6":"product_cat-robot-per-reception-e-hospitality","8":"first","9":"instock","10":"shipping-taxable","11":"product-type-simple"},"brands":[],"_links":{"self":[{"href":"https:\/\/store.todsystem.com\/es\/wp-json\/wp\/v2\/product\/1013490","targetHints":{"allow":["GET"]}}],"collection":[{"href":"https:\/\/store.todsystem.com\/es\/wp-json\/wp\/v2\/product"}],"about":[{"href":"https:\/\/store.todsystem.com\/es\/wp-json\/wp\/v2\/types\/product"}],"version-history":[{"count":2,"href":"https:\/\/store.todsystem.com\/es\/wp-json\/wp\/v2\/product\/1013490\/revisions"}],"predecessor-version":[{"id":1017074,"href":"https:\/\/store.todsystem.com\/es\/wp-json\/wp\/v2\/product\/1013490\/revisions\/1017074"}],"wp:featuredmedia":[{"embeddable":true,"href":"https:\/\/store.todsystem.com\/es\/wp-json\/wp\/v2\/media\/1013907"}],"wp:attachment":[{"href":"https:\/\/store.todsystem.com\/es\/wp-json\/wp\/v2\/media?parent=1013490"}],"wp:term":[{"taxonomy":"pwb-brand","embeddable":true,"href":"https:\/\/store.todsystem.com\/es\/wp-json\/wp\/v2\/pwb-brand?post=1013490"},{"taxonomy":"product_brand","embeddable":true,"href":"https:\/\/store.todsystem.com\/es\/wp-json\/wp\/v2\/product_brand?post=1013490"},{"taxonomy":"product_cat","embeddable":true,"href":"https:\/\/store.todsystem.com\/es\/wp-json\/wp\/v2\/product_cat?post=1013490"},{"taxonomy":"product_tag","embeddable":true,"href":"https:\/\/store.todsystem.com\/es\/wp-json\/wp\/v2\/product_tag?post=1013490"}],"curies":[{"name":"wp","href":"https:\/\/api.w.org\/{rel}","templated":true}]}}