{"id":1013471,"date":"2025-07-03T07:50:08","date_gmt":"2025-07-03T07:50:08","guid":{"rendered":"https:\/\/store.todsystem.com\/?post_type=product&#038;p=1013471"},"modified":"2025-07-03T07:50:08","modified_gmt":"2025-07-03T07:50:08","slug":"pudubot-2","status":"publish","type":"product","link":"https:\/\/store.todsystem.com\/es\/producto\/pudubot-2\/","title":{"rendered":"PuduBot 2"},"content":{"rendered":"<div class=\"vgblk-rw-wrapper limit-wrapper\"><strong>PuduBot 2<\/strong>\u00a0rappresenta una vera innovazione nel mondo dei robot per consegne. Costruito sulle solide fondamenta del suo predecessore, questo modello aggiornato combina prestazioni elevate con una maggiore affidabilit\u00e0 e versatilit\u00e0. \u00c8 ideale per ambienti commerciali come ristoranti e hotel, dove la rapidit\u00e0 e l&#8217;efficienza sono essenziali.<\/p>\n<p>Principales caracter\u00edsticas t\u00e9cnicas:<\/p>\n<ul>\n<li><strong>Capacidad de carga:<\/strong>\u00a040 kg<\/li>\n<li><strong>Duraci\u00f3n de la bater\u00eda:<\/strong>\u00a012 ore (senza carico)<\/li>\n<li><strong>Tiempo de carga:<\/strong>\u00a03 ore<\/li>\n<li><strong>Velocidad m\u00e1xima:<\/strong>\u00a00,5 m\/s ~ 1,2 m\/s<\/li>\n<li><strong>Dimensiones:<\/strong>\u00a0580 mm x 535 mm x 1290 mm<\/li>\n<li><strong>Peso:<\/strong>\u00a039 kg<\/li>\n<li><strong>Dimensioni del vassoio:<\/strong>\u00a0520 mm x 432 mm<\/li>\n<li><strong>N\u00famero de bandejas:<\/strong>\u00a0Predefinito 3, massimo 7<\/li>\n<\/ul>\n<p>Rendimiento:<\/p>\n<p>PuduBot 2 eccelle in termini di autonomia, grazie alla sua batteria LFP ad alte prestazioni che pu\u00f2 funzionare fino a 24 ore con una carica completa. Grazie a un tempo di ricarica di sole 3 ore, il robot \u00e8 sempre pronto all&#8217;uso, contribuendo cos\u00ec a ridurre al minimo i tempi di inattivit\u00e0 e a garantire operazioni ininterrotte.<\/p>\n<p>Maniobrabilidad y estabilidad:<\/p>\n<p>Grazie a un telaio leader del settore e a un sistema di doppio Lidar, <strong>PuduBot 2<\/strong>\u00a0garantisce stabilit\u00e0 anche su diverse superfici. La visibilit\u00e0 completa delle caratteristiche ambientali viene assicurata da sensori a 360 gradi, rendendo questo robot estremamente affidabile e sicuro anche in spazi ristretti o complessi.<\/p>\n<p>Tecnolog\u00eda y seguridad:<\/p>\n<p>La nuova tecnologia PUDU VSLAM+ consente una navigazione senza marcatori, riducendo del 75% il tempo di installazione. Con un&#8217;autonomia di navigazione fino a 30 metri in ambienti con soffitti alti, PuduBot 2 offre una sicurezza senza pari. Le varie modalit\u00e0 di consegna &#8211; modalit\u00e0 Consegna, Compleanno, Crociera e Ritorno piatti &#8211; permettono di soddisfare diverse esigenze di servizio.<\/p>\n<p>Perch\u00e9 sceglierlo:<\/p>\n<p><strong>PuduBot 2<\/strong>\u00a0non \u00e8 solo un robot per consegne, \u00e8 un alleato strategico per migliorare il servizio al cliente e ottimizzare le operazioni. Con la capacit\u00e0 di operare autonomamente, ricaricarsi automaticamente e svolgere diverse modalit\u00e0 di consegna, rappresenta una soluzione innovativa per chi desidera un servizio automatizzato e di alta qualit\u00e0.<\/div>\n<p><!-- .vgblk-rw-wrapper --><\/p>","protected":false},"excerpt":{"rendered":"<p><strong>PuduBot 2<\/strong>\u00a0\u00e8 il robot per consegne all&#8217;avanguardia di Pudu Robotics, progettato per ottimizzare le operazioni di servizio in ristoranti, hotel e uffici. Con una capacit\u00e0 di carico fino a 40 kg, una durata della batteria di 12 ore e un innovativo sistema di navigazione senza marcatori, il PuduBot 2 assicura una consegna rapida e sicura, permettendo di risparmiare tempo e migliorare l&#8217;efficienza operativa.<\/p>","protected":false},"featured_media":1013914,"template":"","meta":[],"pwb-brand":[],"product_brand":[],"product_cat":[634],"product_tag":[],"class_list":{"0":"post-1013471","1":"product","2":"type-product","3":"status-publish","4":"has-post-thumbnail","6":"product_cat-robot-per-reception-e-hospitality","8":"first","9":"instock","10":"shipping-taxable","11":"product-type-simple"},"brands":[],"_links":{"self":[{"href":"https:\/\/store.todsystem.com\/es\/wp-json\/wp\/v2\/product\/1013471","targetHints":{"allow":["GET"]}}],"collection":[{"href":"https:\/\/store.todsystem.com\/es\/wp-json\/wp\/v2\/product"}],"about":[{"href":"https:\/\/store.todsystem.com\/es\/wp-json\/wp\/v2\/types\/product"}],"version-history":[{"count":3,"href":"https:\/\/store.todsystem.com\/es\/wp-json\/wp\/v2\/product\/1013471\/revisions"}],"predecessor-version":[{"id":1017076,"href":"https:\/\/store.todsystem.com\/es\/wp-json\/wp\/v2\/product\/1013471\/revisions\/1017076"}],"wp:featuredmedia":[{"embeddable":true,"href":"https:\/\/store.todsystem.com\/es\/wp-json\/wp\/v2\/media\/1013914"}],"wp:attachment":[{"href":"https:\/\/store.todsystem.com\/es\/wp-json\/wp\/v2\/media?parent=1013471"}],"wp:term":[{"taxonomy":"pwb-brand","embeddable":true,"href":"https:\/\/store.todsystem.com\/es\/wp-json\/wp\/v2\/pwb-brand?post=1013471"},{"taxonomy":"product_brand","embeddable":true,"href":"https:\/\/store.todsystem.com\/es\/wp-json\/wp\/v2\/product_brand?post=1013471"},{"taxonomy":"product_cat","embeddable":true,"href":"https:\/\/store.todsystem.com\/es\/wp-json\/wp\/v2\/product_cat?post=1013471"},{"taxonomy":"product_tag","embeddable":true,"href":"https:\/\/store.todsystem.com\/es\/wp-json\/wp\/v2\/product_tag?post=1013471"}],"curies":[{"name":"wp","href":"https:\/\/api.w.org\/{rel}","templated":true}]}}