{"id":1013446,"date":"2024-10-28T09:22:56","date_gmt":"2024-10-28T09:22:56","guid":{"rendered":"https:\/\/store.todsystem.com\/?post_type=product&#038;p=1013446"},"modified":"2025-07-11T08:17:01","modified_gmt":"2025-07-11T08:17:01","slug":"keenon-dinerbot-t5-pro","status":"publish","type":"product","link":"https:\/\/store.todsystem.com\/es\/producto\/keenon-dinerbot-t5-pro\/","title":{"rendered":"Keenon Dinerbot T5 Pro"},"content":{"rendered":"<div class=\"vgblk-rw-wrapper limit-wrapper\"><strong>Keenon Dinerbot T5 Pro: Il Robot Service Cameriere\u00a0<\/strong><\/p>\n<p>En <strong>Keenon Dinerbot T5 Pro<\/strong>\u00a0\u00e8 un robot di servizio avanzato progettato per ottimizzare le operazioni di consegna in ambienti come ristoranti, hotel e mense. Equipaggiato con tecnologie all&#8217;avanguardia, offre un&#8217;esperienza cliente superiore grazie alla sua autonomia, precisione e capacit\u00e0 di interazione.<\/p>\n<p><strong>Principales caracter\u00edsticas t\u00e9cnicas:<\/strong><\/p>\n<ul>\n<li><strong>Dimensiones<\/strong>: 506 x 502 x 1205 mm<\/li>\n<li><strong>Peso<\/strong>: <em>\u00a055 Kg<\/em><\/li>\n<li><strong>N\u00famero de estantes<\/strong>: 4, ajustable<\/li>\n<li><strong>Capacidad de carga<\/strong>40 kg<\/li>\n<li><strong>Autonom\u00eda de la bater\u00eda<\/strong>12-15 horas<\/li>\n<li><strong>Recarga inteligente<\/strong>: S\u00ed, programable por tiempo o cantidad de carga<\/li>\n<li><strong>Velocidad regulable<\/strong>: S\u00ed, dependiendo de las condiciones ambientales<\/li>\n<li><strong>Apoyo ling\u00fc\u00edstico<\/strong>15 idiomas, con 9 expresiones faciales diferentes<\/li>\n<li><strong>Colaboraci\u00f3n rob\u00f3tica<\/strong>S\u00ed, gracias a un sistema de comunicaci\u00f3n integrado.<\/li>\n<\/ul>\n<p>&nbsp;<\/p>\n<p><strong>Rendimiento:<\/strong><\/p>\n<p>En <strong>Keenon Dinerbot T5 Pro<\/strong> offre prestazioni straordinarie con un&#8217;autonomia della batteria che varia dalle 12 alle 15 ore, permettendo al robot di operare senza interruzioni per tutta la giornata. Grazie alla ricarica intelligente, il robot pu\u00f2 gestire in autonomia il ciclo di ricarica in base al tempo o alla quantit\u00e0 di energia necessaria. Con una capacit\u00e0 di carico di 40 kg distribuiti su 4 ripiani regolabili, il <strong>Dinerbot T5 Pro<\/strong> \u00e8 ideale per operazioni di consegna multiple e continue.<\/p>\n<p><strong>Maniobrabilidad y estabilidad:<\/strong><\/p>\n<p>Equipado con sensores avanzados, el <strong>Keenon Dinerbot T5 Pro<\/strong>\u00a0es capaz de detectar y sortear obst\u00e1culos desde todos los \u00e1ngulos, adaptando su velocidad en funci\u00f3n del entorno. Esto le permite operar con seguridad y fluidez en espacios abarrotados o complejos. El robot se adapta f\u00e1cilmente a cualquier tipo de escenario operativo, garantizando siempre la m\u00e1xima precisi\u00f3n y estabilidad durante los movimientos.<\/p>\n<p><strong>Tecnolog\u00eda y seguridad:<\/strong><\/p>\n<p>En <strong>Keenon Dinerbot T5 Pro<\/strong>\u00a0utiliza sensores avanzados para navegar de forma aut\u00f3noma en cualquier entorno. Gracias a su capacidad para detectar obst\u00e1culos y ajustar la velocidad, ofrece un funcionamiento seguro en espacios compartidos con clientes y personal. Adem\u00e1s, la posibilidad de personalizar la interacci\u00f3n con 9 expresiones faciales y la compatibilidad con 15 idiomas hacen que el robot sea adecuado para entornos internacionales y multiculturales.<\/p>\n<p data-start=\"1010\" data-end=\"1262\"><strong>\u00bfPor qu\u00e9 elegirlo?<\/strong><\/p>\n<p>Elija el <strong>Keenon Dinerbot T5 Pro<\/strong> significa investire in una tecnologia avanzata che ottimizza le operazioni di consegna e migliora l&#8217;esperienza del cliente. Con la sua capacit\u00e0 di collaborare con altri robot, adattarsi a diverse condizioni ambientali e interagire in pi\u00f9 lingue, il <strong>Dinerbot T5 Pro <\/strong>offre una soluzione versatile e innovativa per qualsiasi attivit\u00e0 commerciale che desideri automatizzare i propri servizi.<\/p>\n<p>&nbsp;<\/p><\/div>\n<p><!-- .vgblk-rw-wrapper --><\/p>","protected":false},"excerpt":{"rendered":"<p>En <strong>Keenon Dinerbot T5 Pro<\/strong> \u00e8 un robot collaborativo mobile, robusto e versatile, progettato per svolgere diverse mansioni in ambienti vari. Perfetto per il settore della ristorazione, hotel, mense e caffetterie, il <strong>Dinerbot T5 Pro <\/strong>pu\u00f2 prendere ordini e servire ai tavoli.<\/p>","protected":false},"featured_media":1011687,"template":"","meta":[],"pwb-brand":[581],"product_brand":[],"product_cat":[634],"product_tag":[],"class_list":{"0":"post-1013446","1":"product","2":"type-product","3":"status-publish","4":"has-post-thumbnail","6":"pwb-brand-keenon","7":"product_cat-robot-per-reception-e-hospitality","9":"first","10":"instock","11":"shipping-taxable","12":"purchasable","13":"product-type-simple"},"brands":[{"id":581,"name":"Keenon","slug":"keenon"}],"_links":{"self":[{"href":"https:\/\/store.todsystem.com\/es\/wp-json\/wp\/v2\/product\/1013446","targetHints":{"allow":["GET"]}}],"collection":[{"href":"https:\/\/store.todsystem.com\/es\/wp-json\/wp\/v2\/product"}],"about":[{"href":"https:\/\/store.todsystem.com\/es\/wp-json\/wp\/v2\/types\/product"}],"version-history":[{"count":12,"href":"https:\/\/store.todsystem.com\/es\/wp-json\/wp\/v2\/product\/1013446\/revisions"}],"predecessor-version":[{"id":1018330,"href":"https:\/\/store.todsystem.com\/es\/wp-json\/wp\/v2\/product\/1013446\/revisions\/1018330"}],"wp:featuredmedia":[{"embeddable":true,"href":"https:\/\/store.todsystem.com\/es\/wp-json\/wp\/v2\/media\/1011687"}],"wp:attachment":[{"href":"https:\/\/store.todsystem.com\/es\/wp-json\/wp\/v2\/media?parent=1013446"}],"wp:term":[{"taxonomy":"pwb-brand","embeddable":true,"href":"https:\/\/store.todsystem.com\/es\/wp-json\/wp\/v2\/pwb-brand?post=1013446"},{"taxonomy":"product_brand","embeddable":true,"href":"https:\/\/store.todsystem.com\/es\/wp-json\/wp\/v2\/product_brand?post=1013446"},{"taxonomy":"product_cat","embeddable":true,"href":"https:\/\/store.todsystem.com\/es\/wp-json\/wp\/v2\/product_cat?post=1013446"},{"taxonomy":"product_tag","embeddable":true,"href":"https:\/\/store.todsystem.com\/es\/wp-json\/wp\/v2\/product_tag?post=1013446"}],"curies":[{"name":"wp","href":"https:\/\/api.w.org\/{rel}","templated":true}]}}