{"id":1013440,"date":"2025-07-03T07:50:08","date_gmt":"2025-07-03T07:50:08","guid":{"rendered":"https:\/\/store.todsystem.com\/?post_type=product&#038;p=1013440"},"modified":"2025-07-03T07:50:08","modified_gmt":"2025-07-03T07:50:08","slug":"pudu-bellabot","status":"publish","type":"product","link":"https:\/\/store.todsystem.com\/es\/producto\/pudu-bellabot\/","title":{"rendered":"PUDU BellaBot"},"content":{"rendered":"<div class=\"vgblk-rw-wrapper limit-wrapper\"><strong>Pudu BellaBot<\/strong> representa la nueva generaci\u00f3n de robots de reparto de comida, dise\u00f1ados para entornos comerciales y de restauraci\u00f3n que buscan innovar la experiencia del cliente. Hereda la excelente funcionalidad de la generaci\u00f3n anterior e introduce una interacci\u00f3n m\u00e1s profunda mediante un dise\u00f1o bi\u00f3nico y capacidades de voz basadas en inteligencia artificial. La combinaci\u00f3n de SLAM l\u00e1ser y visual garantiza una navegaci\u00f3n segura y precisa en cualquier escenario, lo que permite al robot adaptarse a una amplia gama de entornos con facilidad.<\/p>\n<p>Principales caracter\u00edsticas t\u00e9cnicas:<\/p>\n<ul>\n<li><strong>Dimensiones<\/strong>56,5 x 53,7 x 129 cm<\/li>\n<li><strong>Peso<\/strong>55 kg<\/li>\n<li><strong>Material<\/strong>ABS y aleaci\u00f3n de aluminio de calidad aeron\u00e1utica<\/li>\n<li><strong>Capacidad de carga<\/strong>Hasta 40 kg (10 kg por bandeja)<\/li>\n<li><strong>Duraci\u00f3n de la bater\u00eda<\/strong>13 horas (sin carga)<\/li>\n<li><strong>Tiempo de recarga<\/strong>4,5 horas<\/li>\n<li><strong>Velocidad<\/strong>Ajustable de 0,5 a 1,2 m\/s<\/li>\n<li><strong>\u00c1ngulo de ascenso<\/strong>: \u2264 5\u00b0<\/li>\n<li><strong>M\u00e9todo de posicionamiento<\/strong>SLAM l\u00e1ser y visual; admite marcadores de hasta 8 metros de altura<\/li>\n<\/ul>\n<p>&nbsp;<\/p>\n<p>Rendimiento<\/p>\n<p><strong>BellaBot<\/strong> ofrece una capacidad de entrega excepcional gracias a su dise\u00f1o de m\u00faltiples bandejas con inducci\u00f3n por infrarrojos. Puede funcionar sin parar durante m\u00e1s de 13 horas y se recarga en s\u00f3lo 4,5 horas, garantizando un servicio continuo 24 horas al d\u00eda, 7 d\u00edas a la semana. La suspensi\u00f3n autonivelante garantiza estabilidad y precisi\u00f3n incluso en superficies irregulares, reduciendo las vibraciones y los movimientos que podr\u00edan comprometer la calidad del servicio.<\/p>\n<p>Tecnolog\u00eda y seguridad<\/p>\n<p>BellaBot est\u00e1 equipado con tres c\u00e1maras RGBD y un sistema LiDAR, que proporcionan percepci\u00f3n espacial tridimensional y detecci\u00f3n precisa de obst\u00e1culos hasta 10 metros de distancia. Gracias a su dise\u00f1o modular y a su capacidad para detenerse y desviarse en caso de obst\u00e1culos, BellaBot ofrece seguridad tanto al personal como a los clientes. El sistema de comunicaci\u00f3n descentralizado PUDU tambi\u00e9n permite a los robots interactuar y coordinarse de forma aut\u00f3noma, lo que mejora la eficacia operativa en entornos con varias unidades.<\/p>\n<p>Interacci\u00f3n persona-robot<\/p>\n<p>BellaBot ofrece una gama de expresiones faciales e interacciones de voz basadas en IA, con m\u00e1s de cien contenidos de di\u00e1logo contextual. La interacci\u00f3n t\u00e1ctil avanzada y los efectos de iluminaci\u00f3n din\u00e1mica hacen que la experiencia de interacci\u00f3n sea intuitiva y atractiva, mejorando la integraci\u00f3n del robot en el entorno de trabajo. Su est\u00e9tica bi\u00f3nica, inspirada en un \"gato\" con orejas y rasgos llamativos, crea una interacci\u00f3n emocional que atrae tanto a los clientes como al personal.<\/p>\n<p>Por qu\u00e9 elegirlo<\/p>\n<p><strong>BellaBot<\/strong> es la opci\u00f3n ideal para restaurantes, hoteles, hospitales y otros entornos que deseen optimizar su servicio de reparto. Su versatilidad, seguridad avanzada y capacidad de interacci\u00f3n emocional la convierten en una soluci\u00f3n innovadora para mejorar la eficiencia operativa y ofrecer una experiencia \u00fanica y memorable al cliente.<\/div>\n<p><!-- .vgblk-rw-wrapper --><\/p>","protected":false},"excerpt":{"rendered":"<p><strong>Pudu BellaBot<\/strong> es el robot de reparto de \u00faltima generaci\u00f3n que combina un atractivo dise\u00f1o bi\u00f3nico con avanzadas capacidades de interacci\u00f3n.<\/p>\n<p>Hombre-Robot.  Gracias a un doble sistema de posicionamiento SLAM y sensores 3D, BellaBot es capaz de moverse con precisi\u00f3n, garantizando una experiencia de entrega \u00fanica y segura. Perfecto para entornos de catering y hosteler\u00eda, BellaBot eleva la eficiencia del servicio y la satisfacci\u00f3n del cliente.<\/p>","protected":false},"featured_media":1013548,"template":"","meta":[],"pwb-brand":[],"product_brand":[],"product_cat":[634],"product_tag":[],"class_list":{"0":"post-1013440","1":"product","2":"type-product","3":"status-publish","4":"has-post-thumbnail","6":"product_cat-robot-per-reception-e-hospitality","8":"first","9":"instock","10":"shipping-taxable","11":"product-type-simple"},"brands":[],"_links":{"self":[{"href":"https:\/\/store.todsystem.com\/es\/wp-json\/wp\/v2\/product\/1013440","targetHints":{"allow":["GET"]}}],"collection":[{"href":"https:\/\/store.todsystem.com\/es\/wp-json\/wp\/v2\/product"}],"about":[{"href":"https:\/\/store.todsystem.com\/es\/wp-json\/wp\/v2\/types\/product"}],"version-history":[{"count":6,"href":"https:\/\/store.todsystem.com\/es\/wp-json\/wp\/v2\/product\/1013440\/revisions"}],"predecessor-version":[{"id":1017080,"href":"https:\/\/store.todsystem.com\/es\/wp-json\/wp\/v2\/product\/1013440\/revisions\/1017080"}],"wp:featuredmedia":[{"embeddable":true,"href":"https:\/\/store.todsystem.com\/es\/wp-json\/wp\/v2\/media\/1013548"}],"wp:attachment":[{"href":"https:\/\/store.todsystem.com\/es\/wp-json\/wp\/v2\/media?parent=1013440"}],"wp:term":[{"taxonomy":"pwb-brand","embeddable":true,"href":"https:\/\/store.todsystem.com\/es\/wp-json\/wp\/v2\/pwb-brand?post=1013440"},{"taxonomy":"product_brand","embeddable":true,"href":"https:\/\/store.todsystem.com\/es\/wp-json\/wp\/v2\/product_brand?post=1013440"},{"taxonomy":"product_cat","embeddable":true,"href":"https:\/\/store.todsystem.com\/es\/wp-json\/wp\/v2\/product_cat?post=1013440"},{"taxonomy":"product_tag","embeddable":true,"href":"https:\/\/store.todsystem.com\/es\/wp-json\/wp\/v2\/product_tag?post=1013440"}],"curies":[{"name":"wp","href":"https:\/\/api.w.org\/{rel}","templated":true}]}}