{"id":1013371,"date":"2024-10-24T14:01:12","date_gmt":"2024-10-24T14:01:12","guid":{"rendered":"https:\/\/store.todsystem.com\/?post_type=product&#038;p=1013371"},"modified":"2025-07-11T08:13:45","modified_gmt":"2025-07-11T08:13:45","slug":"keenon-dinerbot-t9-pro","status":"publish","type":"product","link":"https:\/\/store.todsystem.com\/es\/producto\/keenon-dinerbot-t9-pro\/","title":{"rendered":"Keenon Dinerbot T9 Pro"},"content":{"rendered":"<div class=\"vgblk-rw-wrapper limit-wrapper\"><strong data-start=\"3\" data-end=\"25\">Keenon Dinerbot T9 Pro: Il Robot Service Cameriere<\/strong><\/p>\n<p>En <strong>Keenon Dinerbot T9 Pro<\/strong>\u00a0es un robot aut\u00f3nomo dise\u00f1ado para prestar servicio en entornos comerciales y de restauraci\u00f3n. Gracias a su tecnolog\u00eda de navegaci\u00f3n inteligente <strong>VSLAM<\/strong>(Vision-Based Simultaneous Localisation and Mapping), no requiere marcadores para su despliegue, por lo que ofrece una instalaci\u00f3n r\u00e1pida y flexible. La combinaci\u00f3n de sensores de visi\u00f3n estereosc\u00f3pica y una estructura reforzada lo hacen ideal para un servicio seguro y preciso en entornos complejos. Est\u00e1 optimizado para el transporte de bandejas y la entrega aut\u00f3noma, mejorando la eficiencia operativa en restaurantes, hoteles y oficinas.<\/p>\n<p data-start=\"488\" data-end=\"519\"><strong data-start=\"488\" data-end=\"519\">Caracter\u00edsticas principales:<\/strong><\/p>\n<ul data-start=\"521\" data-end=\"995\">\n<li data-start=\"521\" data-end=\"558\"><strong data-start=\"523\" data-end=\"538\">Dimensiones:<\/strong> 500 x 527 x 1266 mm<\/li>\n<li data-start=\"559\" data-end=\"578\"><strong data-start=\"561\" data-end=\"570\">Peso:<\/strong> 45,2 kg<\/li>\n<li data-start=\"579\" data-end=\"617\"><strong data-start=\"581\" data-end=\"603\">N\u00famero de estantes:<\/strong> 3, regolabili<\/li>\n<li data-start=\"618\" data-end=\"649\"><strong data-start=\"620\" data-end=\"643\">Capacidad de carga:<\/strong> 40 kg<\/li>\n<li data-start=\"650\" data-end=\"695\"><strong data-start=\"652\" data-end=\"681\">Autonom\u00eda de la bater\u00eda:<\/strong> fino a 15 ore<\/li>\n<li data-start=\"696\" data-end=\"773\"><strong data-start=\"698\" data-end=\"724\">Recarga inteligente:<\/strong> S\u00ed, programable por tiempo o cantidad de carga<\/li>\n<li data-start=\"774\" data-end=\"839\"><strong data-start=\"776\" data-end=\"800\">Velocidad regulable:<\/strong> S\u00ed, dependiendo de las condiciones ambientales<\/li>\n<li data-start=\"840\" data-end=\"913\"><strong data-start=\"842\" data-end=\"867\">Soporte ling\u00fc\u00edstico:<\/strong> 15 idiomas, con 9 expresiones faciales diferentes<\/li>\n<li data-start=\"914\" data-end=\"995\"><strong data-start=\"916\" data-end=\"944\">Colaboraci\u00f3n rob\u00f3tica:<\/strong> S\u00ed, gracias a un sistema de comunicaci\u00f3n integrado<\/li>\n<\/ul>\n<p>&nbsp;<\/p>\n<p data-start=\"997\" data-end=\"1013\"><strong data-start=\"997\" data-end=\"1013\">Rendimiento:<\/strong><\/p>\n<p data-start=\"1015\" data-end=\"1433\">En <strong>Keenon Dinerbot T9 Pro<\/strong> offre un&#8217;autonomia della batteria che varia fino a 15 ore, consentendo operazioni continue durante l&#8217;intera giornata. La ricarica intelligente permette al robot di gestire autonomamente il ciclo di ricarica in base al tempo o alla quantit\u00e0 di energia necessaria. Con una capacit\u00e0 di carico di 40 kg distribuiti su 3 ripiani regolabili, \u00e8 ideale per operazioni di consegna multiple e continue.<\/p>\n<p data-start=\"1435\" data-end=\"1465\"><strong data-start=\"1435\" data-end=\"1465\">Maniobrabilidad y estabilidad:<\/strong><\/p>\n<p data-start=\"1467\" data-end=\"1767\">Dotato di sensori di visione stereo, il <strong>Dinerbot T9 Pro<\/strong> detecta y sortea obst\u00e1culos desde todos los \u00e1ngulos, adaptando su velocidad en funci\u00f3n del entorno. Esto le permite operar con seguridad y fluidez en espacios abarrotados o complejos, garantizando precisi\u00f3n y estabilidad en los desplazamientos.<\/p>\n<p data-start=\"1769\" data-end=\"1796\"><strong data-start=\"1769\" data-end=\"1796\">Tecnolog\u00eda y seguridad:<\/strong><\/p>\n<p data-start=\"1798\" data-end=\"2208\">Mediante sensores avanzados, el <strong>Keenon Dinerbot T9 Pro<\/strong> navega de forma aut\u00f3noma en cualquier entorno. La capacidad de detectar obst\u00e1culos y ajustar la velocidad garantiza un funcionamiento seguro en espacios compartidos con clientes y personal. Adem\u00e1s, la posibilidad de personalizar la interacci\u00f3n mediante 9 expresiones faciales y la compatibilidad con 15 idiomas lo hacen adecuado para contextos internacionales y multiculturales.<\/p>\n<p data-start=\"2431\" data-end=\"2453\"><strong data-start=\"2431\" data-end=\"2453\">\u00bfPor qu\u00e9 elegirlo?<\/strong><\/p>\n<p data-start=\"2455\" data-end=\"2851\">Invertir en la <strong>Keenon Dinerbot T9 Pro<\/strong> significa adottare una tecnologia avanzata che ottimizza le operazioni di consegna e migliora l&#8217;esperienza del cliente. La sua capacit\u00e0 di collaborare con altri robot, adattarsi a diverse condizioni ambientali e interagire in pi\u00f9 lingue offre una soluzione versatile e innovativa per qualsiasi attivit\u00e0 commerciale che desideri automatizzare i propri servizi.<\/p>\n<\/div>\n<p><!-- .vgblk-rw-wrapper --><\/p>","protected":false},"excerpt":{"rendered":"<p>En <strong>Keenon DINERBOT T9 Pro<\/strong> es un robot aut\u00f3nomo avanzado dise\u00f1ado para optimizar las operaciones de reparto en entornos comerciales. Gracias a su tecnolog\u00eda de navegaci\u00f3n con sensor de visi\u00f3n 3D, garantiza un servicio seguro, eficiente y totalmente automatizado. Ideal para restaurantes, hoteles y oficinas, el T9 Pro ofrece una soluci\u00f3n innovadora para mejorar la calidad del servicio y reducir los tiempos de espera.<\/p>\n<p><!--more--><\/p>","protected":false},"featured_media":1013374,"template":"","meta":[],"pwb-brand":[581],"product_brand":[],"product_cat":[634],"product_tag":[],"class_list":{"0":"post-1013371","1":"product","2":"type-product","3":"status-publish","4":"has-post-thumbnail","6":"pwb-brand-keenon","7":"product_cat-robot-per-reception-e-hospitality","9":"first","10":"instock","11":"shipping-taxable","12":"purchasable","13":"product-type-simple"},"brands":[{"id":581,"name":"Keenon","slug":"keenon"}],"_links":{"self":[{"href":"https:\/\/store.todsystem.com\/es\/wp-json\/wp\/v2\/product\/1013371","targetHints":{"allow":["GET"]}}],"collection":[{"href":"https:\/\/store.todsystem.com\/es\/wp-json\/wp\/v2\/product"}],"about":[{"href":"https:\/\/store.todsystem.com\/es\/wp-json\/wp\/v2\/types\/product"}],"version-history":[{"count":27,"href":"https:\/\/store.todsystem.com\/es\/wp-json\/wp\/v2\/product\/1013371\/revisions"}],"predecessor-version":[{"id":1018326,"href":"https:\/\/store.todsystem.com\/es\/wp-json\/wp\/v2\/product\/1013371\/revisions\/1018326"}],"wp:featuredmedia":[{"embeddable":true,"href":"https:\/\/store.todsystem.com\/es\/wp-json\/wp\/v2\/media\/1013374"}],"wp:attachment":[{"href":"https:\/\/store.todsystem.com\/es\/wp-json\/wp\/v2\/media?parent=1013371"}],"wp:term":[{"taxonomy":"pwb-brand","embeddable":true,"href":"https:\/\/store.todsystem.com\/es\/wp-json\/wp\/v2\/pwb-brand?post=1013371"},{"taxonomy":"product_brand","embeddable":true,"href":"https:\/\/store.todsystem.com\/es\/wp-json\/wp\/v2\/product_brand?post=1013371"},{"taxonomy":"product_cat","embeddable":true,"href":"https:\/\/store.todsystem.com\/es\/wp-json\/wp\/v2\/product_cat?post=1013371"},{"taxonomy":"product_tag","embeddable":true,"href":"https:\/\/store.todsystem.com\/es\/wp-json\/wp\/v2\/product_tag?post=1013371"}],"curies":[{"name":"wp","href":"https:\/\/api.w.org\/{rel}","templated":true}]}}