{"id":1013343,"date":"2024-10-24T09:54:18","date_gmt":"2024-10-24T09:54:18","guid":{"rendered":"https:\/\/store.todsystem.com\/?post_type=product&#038;p=1013343"},"modified":"2025-07-11T08:12:12","modified_gmt":"2025-07-11T08:12:12","slug":"keenon-s100","status":"publish","type":"product","link":"https:\/\/store.todsystem.com\/es\/producto\/keenon-s100\/","title":{"rendered":"Keenon S100"},"content":{"rendered":"<div class=\"vgblk-rw-wrapper limit-wrapper\">\n<p data-start=\"0\" data-end=\"71\"><strong data-start=\"0\" data-end=\"71\">Keenon S100: robot de servicio aut\u00f3nomo para un transporte eficiente<\/strong><\/p>\n<p data-start=\"73\" data-end=\"383\">En <strong data-start=\"76\" data-end=\"91\">Keenon S100<\/strong> es un robot de servicio aut\u00f3nomo dise\u00f1ado para operar de forma continua y segura en entornos industriales y comerciales. Optimizado para manipular cargas ligeras de hasta 100 kg, permite transportar mercanc\u00edas de forma estable por espacios con pasillos estrechos de hasta 90 cm de ancho.<\/p>\n<p data-start=\"385\" data-end=\"425\"><strong data-start=\"385\" data-end=\"425\">Principales caracter\u00edsticas t\u00e9cnicas:<\/strong><\/p>\n<ul data-start=\"426\" data-end=\"631\">\n<li data-start=\"426\" data-end=\"465\"><strong data-start=\"428\" data-end=\"451\">Capacidad de carga:<\/strong> hasta 100 kg<\/li>\n<li data-start=\"466\" data-end=\"507\"><strong data-start=\"468\" data-end=\"494\">Duraci\u00f3n de la bater\u00eda:<\/strong> hasta 8 horas<\/li>\n<li data-start=\"508\" data-end=\"540\"><strong data-start=\"510\" data-end=\"532\">Tiempo de recarga:<\/strong> 2,5 horas<\/li>\n<li data-start=\"541\" data-end=\"570\"><strong data-start=\"543\" data-end=\"564\">Velocidad m\u00e1xima:<\/strong> 1 m\/s<\/li>\n<li data-start=\"571\" data-end=\"611\"><strong data-start=\"573\" data-end=\"588\">Dimensiones:<\/strong> 92,5 x 62,0 x 128,2 cm<\/li>\n<li data-start=\"612\" data-end=\"631\"><strong data-start=\"614\" data-end=\"623\">Peso:<\/strong> 87,5 kg<\/li>\n<\/ul>\n<p data-start=\"633\" data-end=\"648\"><strong data-start=\"633\" data-end=\"648\">Rendimiento<\/strong><\/p>\n<p data-start=\"650\" data-end=\"1115\">Equipada con una bater\u00eda de alto rendimiento, la Keenon S100 ofrece hasta 8 horas de autonom\u00eda, ideal para operaciones ininterrumpidas. La r\u00e1pida sustituci\u00f3n de la bater\u00eda en s\u00f3lo 15 segundos permite un suministro continuo 24 horas al d\u00eda, 7 d\u00edas a la semana, lo que resulta esencial para empresas con flujos de trabajo constantes. El tiempo de recarga completa es de 2,5 horas, y el sistema admite tanto la recarga autom\u00e1tica a trav\u00e9s de una estaci\u00f3n espec\u00edfica como la recarga manual, adapt\u00e1ndose a las distintas necesidades operativas.<\/p>\n<p data-start=\"1117\" data-end=\"1146\"><strong data-start=\"1117\" data-end=\"1146\">Maniobrabilidad y estabilidad<\/strong><\/p>\n<p data-start=\"1148\" data-end=\"1458\">Dise\u00f1ado para ofrecer estabilidad y maniobrabilidad, el Keenon S100 utiliza un avanzado sistema de control basado en algoritmos PID, que mantiene un equilibrio \u00f3ptimo durante la aceleraci\u00f3n, el frenado y las curvas. Es capaz de enfrentarse a terrenos complejos y superficies irregulares, garantizando movimientos consistentes y seguros.<\/p>\n<p data-start=\"1460\" data-end=\"1486\"><strong data-start=\"1460\" data-end=\"1486\">Tecnolog\u00eda y seguridad<\/strong><\/p>\n<p data-start=\"1488\" data-end=\"1892\">Equipado con sensores LiDAR, visi\u00f3n estereosc\u00f3pica y m\u00f3dulos de imagen, el robot detecta con precisi\u00f3n obst\u00e1culos tanto en tierra como suspendidos. La tecnolog\u00eda SLAM multimodal le permite navegar y ubicarse con precisi\u00f3n en entornos complejos compartidos con personas. Para mayor seguridad, dispone de tres botones de emergencia y una banda anticolisi\u00f3n de 360\u00b0, que evita accidentes durante su funcionamiento.<\/p>\n<p data-start=\"1894\" data-end=\"1924\"><strong data-start=\"1894\" data-end=\"1924\">Caracter\u00edsticas adicionales<\/strong><\/p>\n<p data-start=\"1926\" data-end=\"2174\">El dise\u00f1o modular de la Keenon S100 permite personalizarla seg\u00fan los requisitos espec\u00edficos del emplazamiento. El bastidor se adapta a diferentes tama\u00f1os de carga y el sistema de bloqueo de la bater\u00eda permite sustituirla r\u00e1pidamente en cuesti\u00f3n de segundos.<\/p>\n<p data-start=\"2176\" data-end=\"2197\"><strong data-start=\"2176\" data-end=\"2197\">Por qu\u00e9 elegirlo<\/strong><\/p>\n<p data-start=\"2199\" data-end=\"2515\">El Keenon S100 representa una soluci\u00f3n de transporte robotizado que combina eficacia, seguridad y flexibilidad. Con una importante capacidad de carga, una bater\u00eda de larga duraci\u00f3n y un avanzado sistema de maniobrabilidad, es la opci\u00f3n ideal para las empresas que persiguen la automatizaci\u00f3n y la continuidad del negocio.<\/p>\n<p>&nbsp;<\/p>\n<p>&nbsp;<\/p><\/div>\n<p><!-- .vgblk-rw-wrapper --><\/p>","protected":false},"excerpt":{"rendered":"<p><strong>Keenon S100KG<\/strong> es un robot aut\u00f3nomo para transportar cargas de hasta <strong>100 kg<\/strong>dise\u00f1ado para un funcionamiento ininterrumpido gracias a una bater\u00eda con una autonom\u00eda de hasta <strong>8 horas<\/strong> y sustituible en <strong>15 segundos<\/strong>. Equipado con sensores avanzados para evitar obst\u00e1culos y garantizar la m\u00e1xima seguridad, es perfecto para entornos complejos. Ideal para la automatizaci\u00f3n en entornos industriales y comerciales, con un dise\u00f1o modular y flexible para adaptarse a diferentes necesidades operativas.<\/p>","protected":false},"featured_media":1013936,"template":"","meta":[],"pwb-brand":[581],"product_brand":[],"product_cat":[634],"product_tag":[],"class_list":{"0":"post-1013343","1":"product","2":"type-product","3":"status-publish","4":"has-post-thumbnail","6":"pwb-brand-keenon","7":"product_cat-robot-per-reception-e-hospitality","9":"first","10":"instock","11":"shipping-taxable","12":"product-type-simple"},"brands":[{"id":581,"name":"Keenon","slug":"keenon"}],"_links":{"self":[{"href":"https:\/\/store.todsystem.com\/es\/wp-json\/wp\/v2\/product\/1013343","targetHints":{"allow":["GET"]}}],"collection":[{"href":"https:\/\/store.todsystem.com\/es\/wp-json\/wp\/v2\/product"}],"about":[{"href":"https:\/\/store.todsystem.com\/es\/wp-json\/wp\/v2\/types\/product"}],"version-history":[{"count":21,"href":"https:\/\/store.todsystem.com\/es\/wp-json\/wp\/v2\/product\/1013343\/revisions"}],"predecessor-version":[{"id":1018325,"href":"https:\/\/store.todsystem.com\/es\/wp-json\/wp\/v2\/product\/1013343\/revisions\/1018325"}],"wp:featuredmedia":[{"embeddable":true,"href":"https:\/\/store.todsystem.com\/es\/wp-json\/wp\/v2\/media\/1013936"}],"wp:attachment":[{"href":"https:\/\/store.todsystem.com\/es\/wp-json\/wp\/v2\/media?parent=1013343"}],"wp:term":[{"taxonomy":"pwb-brand","embeddable":true,"href":"https:\/\/store.todsystem.com\/es\/wp-json\/wp\/v2\/pwb-brand?post=1013343"},{"taxonomy":"product_brand","embeddable":true,"href":"https:\/\/store.todsystem.com\/es\/wp-json\/wp\/v2\/product_brand?post=1013343"},{"taxonomy":"product_cat","embeddable":true,"href":"https:\/\/store.todsystem.com\/es\/wp-json\/wp\/v2\/product_cat?post=1013343"},{"taxonomy":"product_tag","embeddable":true,"href":"https:\/\/store.todsystem.com\/es\/wp-json\/wp\/v2\/product_tag?post=1013343"}],"curies":[{"name":"wp","href":"https:\/\/api.w.org\/{rel}","templated":true}]}}