{"id":1011718,"date":"2024-09-17T07:14:57","date_gmt":"2024-09-17T07:14:57","guid":{"rendered":"https:\/\/store.todsystem.com\/?post_type=product&#038;p=1011718"},"modified":"2025-07-11T08:10:53","modified_gmt":"2025-07-11T08:10:53","slug":"robot-camarero","status":"publish","type":"product","link":"https:\/\/store.todsystem.com\/es\/producto\/robot-camarero\/","title":{"rendered":"Keenon Kleenbot C30"},"content":{"rendered":"<div class=\"vgblk-rw-wrapper limit-wrapper\">\n<p data-start=\"0\" data-end=\"62\"><strong data-start=\"0\" data-end=\"62\">KEENON KLEENBOT C30: Robot di Servizio per la Pulizia Professionale<\/strong><\/p>\n<p data-start=\"64\" data-end=\"556\">En <strong data-start=\"67\" data-end=\"81\">KEENON C30<\/strong> \u00e8 un robot di servizio avanzato, progettato per la pulizia efficiente di ambienti commerciali di grandi dimensioni come scuole, aeroporti, centri commerciali e uffici. Con le sue funzionalit\u00e0 di spazzamento, aspirazione e spolveratura, il C30 assicura una pulizia costante e accurata, riducendo tempi e costi operativi. La gestione intelligente tramite sistema cloud consente il monitoraggio e l&#8217;ottimizzazione delle operazioni in tempo reale, garantendo massima efficienza.<\/p>\n<p data-start=\"966\" data-end=\"1005\"><strong data-start=\"966\" data-end=\"1005\">Principales caracter\u00edsticas t\u00e9cnicas<\/strong><\/p>\n<ul>\n<li><strong data-start=\"1009\" data-end=\"1023\">Dimensiones<\/strong>: 49,0 x 52,0 x 75,0 cm (senza spazzola)<\/li>\n<li><strong data-start=\"1066\" data-end=\"1074\">Peso<\/strong>: 35 kg (con batteria)<\/li>\n<li><strong data-start=\"1099\" data-end=\"1119\">Velocidad m\u00e1xima<\/strong>: 0,8 m\/s<\/li>\n<li><strong data-start=\"1131\" data-end=\"1156\">Durata della Batteria<\/strong>:<\/li>\n<li>Spazzare e aspirare: fino a 6 ore<\/li>\n<li>Spolverare: fino a 10 ore<\/li>\n<li><strong data-start=\"1228\" data-end=\"1249\">Tiempo de recarga<\/strong>: 5-6 ore<\/li>\n<li><strong data-start=\"1261\" data-end=\"1286\">Efficienza di Pulizia<\/strong>: 600 m\u00b2\/h<\/li>\n<li><strong data-start=\"1299\" data-end=\"1323\">Larghezza di Pulizia<\/strong>: 61 cm<\/li>\n<li><strong data-start=\"1333\" data-end=\"1356\">Aspirazione Massima<\/strong>: 15000 Pa<\/li>\n<\/ul>\n<p data-start=\"1368\" data-end=\"1383\"><strong data-start=\"1368\" data-end=\"1383\">Rendimiento<\/strong><\/p>\n<p data-start=\"1385\" data-end=\"1810\">Il KEENON C30 offre un&#8217;eccellente autonomia della batteria, permettendo fino a 10 ore di operativit\u00e0 in modalit\u00e0 spolveratura e fino a 6 ore in modalit\u00e0 spazzamento e aspirazione. Con un tempo di ricarica di appena 5-6 ore, il C30 \u00e8 sempre pronto per affrontare lunghe sessioni di pulizia, rendendolo ideale per ambienti di grandi dimensioni. L&#8217;efficienza di pulizia di 600 m\u00b2\/h garantisce risultati rapidi e di alta qualit\u00e0.<\/p>\n<p data-start=\"1812\" data-end=\"1841\"><strong data-start=\"1812\" data-end=\"1841\">Maniobrabilidad y estabilidad<\/strong><\/p>\n<p data-start=\"1843\" data-end=\"2292\">Grazie alla sua velocit\u00e0 massima di 0,8 m\/s e alla larghezza di pulizia di 61 cm, il KEENON C30 riesce a coprire ampie aree in tempi brevi. I sensori avanzati gli permettono di adattarsi con precisione agli ambienti, mentre la compattezza e il peso bilanciato di 35 kg assicurano stabilit\u00e0 anche durante operazioni di pulizia intensiva. \u00c8 progettato per muoversi agilmente in spazi complessi e affollati, senza compromettere la qualit\u00e0 del servizio.<\/p>\n<p data-start=\"2294\" data-end=\"2320\"><strong data-start=\"2294\" data-end=\"2320\">Tecnolog\u00eda y seguridad<\/strong><\/p>\n<p data-start=\"2322\" data-end=\"2766\">Dotato di un sistema di gestione intelligente basato su cloud, il KEENON C30 permette di monitorare e ottimizzare le operazioni di pulizia in tempo reale. L&#8217;elevata capacit\u00e0 di aspirazione di 15000 Pa consente al robot di raccogliere anche lo sporco pi\u00f9 ostinato, garantendo un&#8217;igiene impeccabile. La sicurezza \u00e8 una priorit\u00e0, rendendo il C30 adatto all&#8217;uso in qualsiasi ambiente commerciale, assicurando un funzionamento costante e affidabile.<\/p>\n<p data-start=\"2768\" data-end=\"2789\"><strong data-start=\"2768\" data-end=\"2789\">Por qu\u00e9 elegirlo<\/strong><\/p>\n<p data-start=\"2791\" data-end=\"3191\">Il KEENON C30 \u00e8 la scelta ideale per chi desidera automatizzare la pulizia di spazi commerciali. Grazie alla sua efficienza operativa, alla lunga durata della batteria e alla gestione cloud, il C30 permette di risparmiare tempo e costi, garantendo al contempo ambienti pi\u00f9 puliti e sicuri. La sua capacit\u00e0 di adattarsi a vari scenari lo rende perfetto per una vasta gamma di applicazioni commerciali.<\/p>\n<p data-start=\"3193\" data-end=\"3309\">Per ulteriori informazioni sul KEENON C30 e su altri robot di servizio, visita il sito ufficiale di KEENON Robotics.<\/p>\n<p data-start=\"558\" data-end=\"583\"><strong data-start=\"558\" data-end=\"583\">Prezzo del KEENON C30<\/strong><\/p>\n<p data-start=\"585\" data-end=\"964\">Il KEENON C30 \u00e8 disponibile a un prezzo di \u20ac11880,00. Questo investimento offre una soluzione di pulizia robotizzata all&#8217;avanguardia, ideale per mantenere elevati standard di igiene in ambienti commerciali ad alto traffico. Considerando le sue caratteristiche avanzate e l&#8217;efficienza operativa, il prezzo del C30 rappresenta un valore competitivo nel settore dei robot di servizio.<\/p>\n<p>&nbsp;<\/p>\n<p>&nbsp;<\/p>\n<p>&nbsp;<\/p><\/div>\n<p><!-- .vgblk-rw-wrapper --><\/p>","protected":false},"excerpt":{"rendered":"<p>En <strong>Keenon Kleenbot C30<\/strong> \u00e8 il robot ideale per la pulizia professionale di ambienti commerciali. Dotato di funzionalit\u00e0 avanzate e una batteria a lunga autonomia, offre prestazioni ottimali per mantenere gli spazi sempre puliti.<\/p>","protected":false},"featured_media":1011719,"template":"","meta":[],"pwb-brand":[581],"product_brand":[],"product_cat":[634],"product_tag":[],"class_list":{"0":"post-1011718","1":"product","2":"type-product","3":"status-publish","4":"has-post-thumbnail","6":"pwb-brand-keenon","7":"product_cat-robot-per-reception-e-hospitality","9":"first","10":"instock","11":"shipping-taxable","12":"purchasable","13":"product-type-simple"},"brands":[{"id":581,"name":"Keenon","slug":"keenon"}],"_links":{"self":[{"href":"https:\/\/store.todsystem.com\/es\/wp-json\/wp\/v2\/product\/1011718","targetHints":{"allow":["GET"]}}],"collection":[{"href":"https:\/\/store.todsystem.com\/es\/wp-json\/wp\/v2\/product"}],"about":[{"href":"https:\/\/store.todsystem.com\/es\/wp-json\/wp\/v2\/types\/product"}],"version-history":[{"count":9,"href":"https:\/\/store.todsystem.com\/es\/wp-json\/wp\/v2\/product\/1011718\/revisions"}],"predecessor-version":[{"id":1016386,"href":"https:\/\/store.todsystem.com\/es\/wp-json\/wp\/v2\/product\/1011718\/revisions\/1016386"}],"wp:featuredmedia":[{"embeddable":true,"href":"https:\/\/store.todsystem.com\/es\/wp-json\/wp\/v2\/media\/1011719"}],"wp:attachment":[{"href":"https:\/\/store.todsystem.com\/es\/wp-json\/wp\/v2\/media?parent=1011718"}],"wp:term":[{"taxonomy":"pwb-brand","embeddable":true,"href":"https:\/\/store.todsystem.com\/es\/wp-json\/wp\/v2\/pwb-brand?post=1011718"},{"taxonomy":"product_brand","embeddable":true,"href":"https:\/\/store.todsystem.com\/es\/wp-json\/wp\/v2\/product_brand?post=1011718"},{"taxonomy":"product_cat","embeddable":true,"href":"https:\/\/store.todsystem.com\/es\/wp-json\/wp\/v2\/product_cat?post=1011718"},{"taxonomy":"product_tag","embeddable":true,"href":"https:\/\/store.todsystem.com\/es\/wp-json\/wp\/v2\/product_tag?post=1011718"}],"curies":[{"name":"wp","href":"https:\/\/api.w.org\/{rel}","templated":true}]}}