{"id":1010857,"date":"2024-09-05T09:51:54","date_gmt":"2024-09-05T09:51:54","guid":{"rendered":"https:\/\/store.todsystem.com\/prodotto\/robotis-dream%e2%85%b1-level-2-kit-en\/"},"modified":"2025-06-11T08:38:50","modified_gmt":"2025-06-11T08:38:50","slug":"robotis-dream\u2171-kit-nivel-2-es","status":"publish","type":"product","link":"https:\/\/store.todsystem.com\/es\/producto\/robotis-dream\u2171-kit-nivel-2-es\/","title":{"rendered":"ROBOTIS DREAM\u2161 Kit de nivel 2 [EN]."},"content":{"rendered":"<div class=\"vgblk-rw-wrapper limit-wrapper\">\n<p data-sourcepos=\"5:1-5:300\">ROBOTIS Dream II es la serie perfecta para introducir a los ni\u00f1os peque\u00f1os en el fant\u00e1stico mundo de la rob\u00f3tica.<\/p>\n<p data-sourcepos=\"5:1-5:300\">Con un enfoque l\u00fadico pero riguroso, estos kits de construcci\u00f3n permiten a los ni\u00f1os aprender los fundamentos de la electr\u00f3nica, la mec\u00e1nica y la programaci\u00f3n de una forma divertida e interactiva.<\/p>\n<p data-sourcepos=\"7:1-7:329\">Cada kit de la serie presenta un nivel de complejidad creciente, ofreciendo retos cada vez m\u00e1s estimulantes y permitiendo a los ni\u00f1os progresar gradualmente en sus habilidades.<\/p>\n<p data-sourcepos=\"7:1-7:329\">Desde sencillos robots de dos patas hasta modelos m\u00e1s complejos, los kits ROBOTIS Dream II est\u00e1n dise\u00f1ados para fascinar y comprometer a los j\u00f3venes ingenieros.<\/p>\n<p data-sourcepos=\"9:1-9:392\">\n<\/div>\n<p><!-- .vgblk-rw-wrapper --><\/p>","protected":false},"excerpt":{"rendered":"<p>ROBOTIS Dream II: \u00a1la forma m\u00e1s divertida de aprender rob\u00f3tica!<\/p>\n<p>Con los kits ROBOTIS Dream II, los ni\u00f1os construyen sus propios robots, aprenden electr\u00f3nica y desarrollan sus habilidades.<\/p>\n<p>Cada kit supone un nuevo nivel de desaf\u00edo, para una experiencia de aprendizaje siempre estimulante.<\/p>","protected":false},"featured_media":1013072,"template":"","meta":[],"pwb-brand":[],"product_brand":[],"product_cat":[651],"product_tag":[],"class_list":{"0":"post-1010857","1":"product","2":"type-product","3":"status-publish","4":"has-post-thumbnail","6":"product_cat-kit-robotici-educativi","8":"first","9":"instock","10":"shipping-taxable","11":"product-type-simple"},"brands":[],"_links":{"self":[{"href":"https:\/\/store.todsystem.com\/es\/wp-json\/wp\/v2\/product\/1010857","targetHints":{"allow":["GET"]}}],"collection":[{"href":"https:\/\/store.todsystem.com\/es\/wp-json\/wp\/v2\/product"}],"about":[{"href":"https:\/\/store.todsystem.com\/es\/wp-json\/wp\/v2\/types\/product"}],"version-history":[{"count":3,"href":"https:\/\/store.todsystem.com\/es\/wp-json\/wp\/v2\/product\/1010857\/revisions"}],"predecessor-version":[{"id":1013077,"href":"https:\/\/store.todsystem.com\/es\/wp-json\/wp\/v2\/product\/1010857\/revisions\/1013077"}],"wp:featuredmedia":[{"embeddable":true,"href":"https:\/\/store.todsystem.com\/es\/wp-json\/wp\/v2\/media\/1013072"}],"wp:attachment":[{"href":"https:\/\/store.todsystem.com\/es\/wp-json\/wp\/v2\/media?parent=1010857"}],"wp:term":[{"taxonomy":"pwb-brand","embeddable":true,"href":"https:\/\/store.todsystem.com\/es\/wp-json\/wp\/v2\/pwb-brand?post=1010857"},{"taxonomy":"product_brand","embeddable":true,"href":"https:\/\/store.todsystem.com\/es\/wp-json\/wp\/v2\/product_brand?post=1010857"},{"taxonomy":"product_cat","embeddable":true,"href":"https:\/\/store.todsystem.com\/es\/wp-json\/wp\/v2\/product_cat?post=1010857"},{"taxonomy":"product_tag","embeddable":true,"href":"https:\/\/store.todsystem.com\/es\/wp-json\/wp\/v2\/product_tag?post=1010857"}],"curies":[{"name":"wp","href":"https:\/\/api.w.org\/{rel}","templated":true}]}}